{"id":20634,"date":"2020-10-07T02:52:59","date_gmt":"2020-10-07T02:52:59","guid":{"rendered":"https:\/\/www.divis.eu\/divis-videoueberwachung-fuer-die-logistik-amortisation\/"},"modified":"2024-09-02T13:27:30","modified_gmt":"2024-09-02T13:27:30","slug":"divis-solutions-video-pour-la-logistique-amortissement","status":"publish","type":"page","link":"https:\/\/www.divis.eu\/fr\/divis-solutions-video-pour-la-logistique-amortissement\/","title":{"rendered":"DIVIS | Solutions vid\u00e9o pour la logistique &#8211; Amortissement"},"content":{"rendered":"\n<h1>\n\t\tAmortissement des solutions DIVIS\n\t<\/h1>\n\t<p>Votre objectif est-il de r\u00e9duire les co\u00fbts de vos services logistiques, d&rsquo;accro\u00eetre votre efficacit\u00e9 \u00e0 long terme et de positionner au mieux l&rsquo;entreprise sur le march\u00e9 croissant de la logistique ? DIVIS vous aide \u00e0 r\u00e9aliser votre service logistique parfait.<\/p>\n<p>La logistique comporte de nombreux facteurs de co\u00fbt qui peuvent \u00eatre r\u00e9duits par des approches innovantes. Gr\u00e2ce aux solutions syst\u00e8me de DIVIS, vous pouvez r\u00e9duire les co\u00fbts jusqu&rsquo;\u00e0 90 % dans de nombreux domaines o\u00f9 les co\u00fbts sont \u00e9lev\u00e9s. Vous obtenez ainsi des processus fluides, des positions juridiques claires et augmentez la qualit\u00e9 et l&rsquo;efficacit\u00e9 de vos services logistiques.<\/p>\nLorsque le mot \u00ab vid\u00e9o \u00bb vient \u00e0 l&rsquo;esprit, beaucoup pensent imm\u00e9diatement \u00e0 la vid\u00e9osurveillance de s\u00e9curit\u00e9 classique.<br \/>\nMais les avantages des solutions vid\u00e9o DIVIS vont bien au-del\u00e0. Nos produits sont pr\u00e9cis\u00e9ment adapt\u00e9s pour r\u00e9pondre aux exigences logistiques. Ils peuvent \u00eatre utilis\u00e9s pour optimiser un large \u00e9ventail de facteurs impliqu\u00e9s dans le processus de logistique et donc s&rsquo;amortir en peu de temps.<br \/>\nUtilisez le potentiel nouvellement acquis pour fa\u00e7onner sp\u00e9cifiquement le succ\u00e8s de votre entreprise.\n<h1>\n\t\tAUGMENTER LA QUALIT\u00c9 ET R\u00c9DUIRE LES CO\u00dbTS\n\t<\/h1>\n\t\t\t\t<img decoding=\"async\" src=\"https:\/\/www.divis.eu\/wp-content\/uploads\/2020\/10\/schema-FR-2.png\" alt=\"schema-FR\" title=\"schema-FR\" itemprop=\"image\"  \/>\n\t\t\t\t<img decoding=\"async\" src=\"https:\/\/www.divis.eu\/wp-content\/uploads\/2020\/10\/albeck-entsaettigt-1.jpg\" alt=\"W. Ahlbeck | CEO trans-o-flex\" itemprop=\"image\" height=\"240\" width=\"550\" title=\"albeck-entsaettigt\" onerror=\"this.style.display='none'\"  \/>\n\t\t\t<h5>INTERVIEW <\/h5><h3>L&rsquo;avantage d&rsquo;une solution DIVIS du point de vue d&rsquo;un DG CEP<\/h3>\t\t\t\n\t\t\t\t<p>\u00ab Les taux de perte et de dommages les plus bas sont une caract\u00e9ristique unique de trans-o-flex pendant des d\u00e9cennies.<br \/>Le syst\u00e8me vid\u00e9o de DIVIS nous aide dans cette t\u00e2che.<br \/>Cela nous permettra de continuer \u00e0 garantir les normes les plus \u00e9lev\u00e9es possibles pour une infrastructure logistique s\u00e9curis\u00e9e et une cha\u00eene d&rsquo;approvisionnement fiable \u00e0 l&rsquo;avenir. \u00bb<\/p>\n\t\t\t<a href=\"https:\/\/www.divis.eu\/fr\/divis-video-tracking-pour-cep-interview-client\/\" title=\"Click Here\" target=\"_self\" role=\"button\" aria-label=\"Aller \u00e0 l&#039;interview\" rel=\"noopener\">\n\t\t\t\t\t\t\tAller \u00e0 l&rsquo;interview\n\t\t<\/a>\n<h1>\n\t\tC&rsquo;est rentable pour vous\n\t<\/h1>\n\t<p>DIVIS garantit un succ\u00e8s rapide et durable et offre un retour sur investissement (ROI) s\u00fbr. En tant que partenaire fiable et exp\u00e9riment\u00e9, DIVIS vous soutient sur le long terme dans la r\u00e9alisation de vos objectifs strat\u00e9giques.<\/p>\n\t\t\t\t<img decoding=\"async\" src=\"https:\/\/www.divis.eu\/wp-content\/uploads\/2020\/11\/kundennutzen-schema-FR.png\" alt=\"Avantage client | r\u00e9duire les co\u00fbts jusqu&#039;\u00e0 90 % dans de nombreux domaines o\u00f9 les co\u00fbts sont \u00e9lev\u00e9s\" title=\"kundennutzen-schema-FR\" itemprop=\"image\"  \/>\n<h2>\n\t\tNos solutions logicielles\n\t<\/h2>\n\t\t\t\t<img decoding=\"async\" src=\"https:\/\/www.divis.eu\/wp-content\/uploads\/2018\/01\/logo-cargovis-gr.png\" alt=\"logo-cargovis-gr\" title=\"logo-cargovis-gr\" itemprop=\"image\"\/>\n\t\t<h3>Aper\u00e7u rapide des envois palettis\u00e9s avec CargoVIS<\/h3>\t\t\t\n\t\t\t\t<p>Avec notre logiciel de gestion vid\u00e9o pour les entrep\u00f4ts de transbordement, CargoVIS, nous vous offrons une solution syst\u00e8me compl\u00e8te et facile \u00e0 utiliser pour la recherche par images et le suivi des envois de marchandises palettis\u00e9es.<\/p>\n\t\t\t<a href=\"https:\/\/www.divis.eu\/fr\/logiciel-de-gestion-video-cargovis-pour-les-entrepots-de-transbordement\/\" title=\"Click Here\" target=\"_self\" role=\"button\" aria-label=\"En savoir plus sur CargoVIS\" rel=\"noopener\">\n\t\t\t\t\t\t\tEn savoir plus sur CargoVIS\n\t\t<\/a>\n\t\t\t\t<img decoding=\"async\" src=\"https:\/\/www.divis.eu\/wp-content\/uploads\/2018\/01\/logo-parcelvis-gr.png\" alt=\"\" title=\"\" itemprop=\"image\"\/>\n\t\t<h3>ParcelVIS pour l&rsquo;entrep\u00f4t de transbordement &#038; fournisseur de services CEP<\/h3>\t\t\t\n<p>\u00c9conomisez du temps et de l&rsquo;argent et laissez ParcelVIS travailler efficacement pour vous avec la recherche d&rsquo;envois par images dans l&rsquo;entrep\u00f4t de transbordement\u00a0: La saisie du num\u00e9ro de l&rsquo;\u00e9tiquette du colis est la cl\u00e9 de toutes les informations n\u00e9cessaires \u00e0 la localisation et l&rsquo;\u00e9tat d&rsquo;un envoi pour tous les \u00e9v\u00e9nements de num\u00e9risation qui ont eu lieu.<\/p>\n\t\t\t<a href=\"https:\/\/www.divis.eu\/fr\/parcelvis-recherche-denvois-guidee-par-images-dans-les-entrepots-de-transbordement\/\" title=\"Click Here\" target=\"_self\" role=\"button\" aria-label=\"En savoir plus sur ParcelVIS\" rel=\"noopener\">\n\t\t\t\t\t\t\tEn savoir plus sur ParcelVIS\n\t\t<\/a>\n\t\t\t\t<img decoding=\"async\" src=\"https:\/\/www.divis.eu\/wp-content\/uploads\/2018\/01\/kundenlogo-CTL-1.png\" alt=\"CTL | DIVIS Kunde\" title=\"kundenlogo-CTL\" itemprop=\"image\"  \/>\n\t\t\t\t<img decoding=\"async\" src=\"https:\/\/www.divis.eu\/wp-content\/uploads\/2018\/01\/kundenlogo-dpd.png\" alt=\"kundenlogo-dpd\" title=\"kundenlogo-dpd\" itemprop=\"image\"  \/>\n\t\t\t\t<img decoding=\"async\" src=\"https:\/\/www.divis.eu\/wp-content\/uploads\/2018\/01\/kundenlogo-online.png\" alt=\"kundenlogo-online\" title=\"kundenlogo-online\" itemprop=\"image\"  \/>\n\t\t\t\t<img decoding=\"async\" src=\"https:\/\/www.divis.eu\/wp-content\/uploads\/2018\/01\/kundenlogo-rhenus.png\" alt=\"Rhenus Logistics | DIVIS-Kunde\" title=\"kundenlogo-rhenus\" itemprop=\"image\"  \/>\n\t\t\t\t<img decoding=\"async\" src=\"https:\/\/www.divis.eu\/wp-content\/uploads\/2018\/01\/kundenlogo-tsb.png\" alt=\"kundenlogo-tsb\" title=\"kundenlogo-tsb\" itemprop=\"image\"  \/>\n\t\t\t\t<img decoding=\"async\" src=\"https:\/\/www.divis.eu\/wp-content\/uploads\/2018\/01\/logo-van-duuren-mono-2.png\" alt=\"logo-van-duuren-mono\" title=\"logo-van-duuren-mono\" itemprop=\"image\"  \/>\n\t\t\t\t<img decoding=\"async\" src=\"https:\/\/www.divis.eu\/wp-content\/uploads\/2018\/01\/kundenlogo-transoflex-3.png\" alt=\"kundenlogo-transoflex\" title=\"kundenlogo-transoflex\" itemprop=\"image\"  \/>\n\t\t\t\t<img decoding=\"async\" src=\"https:\/\/www.divis.eu\/wp-content\/uploads\/2018\/01\/kundenlogo-emons.png\" alt=\"Emons | DIVIS-Kunde\" title=\"kundenlogo-emons\" itemprop=\"image\"  \/>\n\t\t\t\t<img decoding=\"async\" src=\"https:\/\/www.divis.eu\/wp-content\/uploads\/2018\/01\/kundenlogo-geis.png\" alt=\"Spedition Geis | DIVIS-Kunde\" title=\"kundenlogo-geis\" itemprop=\"image\"  \/>\n\t\t\t\t<img decoding=\"async\" src=\"https:\/\/www.divis.eu\/wp-content\/uploads\/2018\/01\/kundenlogo-gebrueder-weiss.png\" alt=\"Gebr\u00fcder Weiss | DIVIS-Kunde\" title=\"kundenlogo-gebrueder-weiss\" itemprop=\"image\"  \/>\n\t\t\t\t<img decoding=\"async\" src=\"https:\/\/www.divis.eu\/wp-content\/uploads\/2018\/01\/kundenlogo-tchibo.png\" alt=\"Tchibo | DIVIS-Kunde\" title=\"kundenlogo-tchibo\" itemprop=\"image\"  \/>\n\t\t\t\t<img decoding=\"async\" src=\"https:\/\/www.divis.eu\/wp-content\/uploads\/2018\/01\/kundenlogo-24plus.png\" alt=\"kundenlogo-24plus\" title=\"kundenlogo-24plus\" itemprop=\"image\"  \/>\n\n","protected":false},"excerpt":{"rendered":"<p>Amortissement des solutions DIVIS Votre objectif est-il de r\u00e9duire les co\u00fbts de vos services logistiques, d&rsquo;accro\u00eetre votre efficacit\u00e9 \u00e0 long terme et de positionner au mieux l&rsquo;entreprise sur le march\u00e9 croissant de la logistique ? DIVIS vous aide \u00e0 r\u00e9aliser votre service logistique parfait. La logistique comporte de nombreux facteurs de co\u00fbt qui peuvent \u00eatre&hellip;<\/p>\n","protected":false},"author":1,"featured_media":0,"parent":0,"menu_order":0,"comment_status":"closed","ping_status":"closed","template":"","meta":{"footnotes":""},"class_list":["post-20634","page","type-page","status-publish","hentry"],"yoast_head":"<!-- This site is optimized with the Yoast SEO plugin v27.4 - https:\/\/yoast.com\/product\/yoast-seo-wordpress\/ -->\n<title>DIVIS | Solutions vid\u00e9o pour la logistique - Amortissement<\/title>\n<meta name=\"description\" content=\"Les solutions vid\u00e9o DIVIS garantissent un succ\u00e8s rapide et durable, offrent un retour sur investissement (ROI) s\u00fbr et un amortissement rapide.\" \/>\n<meta name=\"robots\" content=\"index, follow, max-snippet:-1, max-image-preview:large, max-video-preview:-1\" \/>\n<link rel=\"canonical\" href=\"https:\/\/www.divis.eu\/fr\/divis-solutions-video-pour-la-logistique-amortissement\/\" \/>\n<meta property=\"og:locale\" content=\"fr_FR\" \/>\n<meta property=\"og:type\" content=\"article\" \/>\n<meta property=\"og:title\" content=\"DIVIS | Solutions vid\u00e9o pour la logistique - Amortissement\" \/>\n<meta property=\"og:description\" content=\"Les solutions vid\u00e9o DIVIS garantissent un succ\u00e8s rapide et durable, offrent un retour sur investissement (ROI) s\u00fbr et un amortissement rapide.\" \/>\n<meta property=\"og:url\" content=\"https:\/\/www.divis.eu\/fr\/divis-solutions-video-pour-la-logistique-amortissement\/\" \/>\n<meta property=\"og:site_name\" content=\"DIVIS - The intelligent view\" \/>\n<meta property=\"article:modified_time\" content=\"2024-09-02T13:27:30+00:00\" \/>\n<meta property=\"og:image\" content=\"https:\/\/www.divis.eu\/wp-content\/uploads\/2020\/10\/schema-FR-2.png\" \/>\n<meta name=\"twitter:card\" content=\"summary_large_image\" \/>\n<meta name=\"twitter:label1\" content=\"Dur\u00e9e de lecture estim\u00e9e\" \/>\n\t<meta name=\"twitter:data1\" content=\"2 minutes\" \/>\n<script type=\"application\/ld+json\" class=\"yoast-schema-graph\">{\"@context\":\"https:\\\/\\\/schema.org\",\"@graph\":[{\"@type\":\"WebPage\",\"@id\":\"https:\\\/\\\/www.divis.eu\\\/fr\\\/divis-solutions-video-pour-la-logistique-amortissement\\\/\",\"url\":\"https:\\\/\\\/www.divis.eu\\\/fr\\\/divis-solutions-video-pour-la-logistique-amortissement\\\/\",\"name\":\"DIVIS | Solutions vid\u00e9o pour la logistique - Amortissement\",\"isPartOf\":{\"@id\":\"https:\\\/\\\/www.divis.eu\\\/#website\"},\"primaryImageOfPage\":{\"@id\":\"https:\\\/\\\/www.divis.eu\\\/fr\\\/divis-solutions-video-pour-la-logistique-amortissement\\\/#primaryimage\"},\"image\":{\"@id\":\"https:\\\/\\\/www.divis.eu\\\/fr\\\/divis-solutions-video-pour-la-logistique-amortissement\\\/#primaryimage\"},\"thumbnailUrl\":\"https:\\\/\\\/www.divis.eu\\\/wp-content\\\/uploads\\\/2020\\\/10\\\/schema-FR-2.png\",\"datePublished\":\"2020-10-07T02:52:59+00:00\",\"dateModified\":\"2024-09-02T13:27:30+00:00\",\"description\":\"Les solutions vid\u00e9o DIVIS garantissent un succ\u00e8s rapide et durable, offrent un retour sur investissement (ROI) s\u00fbr et un amortissement rapide.\",\"breadcrumb\":{\"@id\":\"https:\\\/\\\/www.divis.eu\\\/fr\\\/divis-solutions-video-pour-la-logistique-amortissement\\\/#breadcrumb\"},\"inLanguage\":\"fr-FR\",\"potentialAction\":[{\"@type\":\"ReadAction\",\"target\":[\"https:\\\/\\\/www.divis.eu\\\/fr\\\/divis-solutions-video-pour-la-logistique-amortissement\\\/\"]}]},{\"@type\":\"ImageObject\",\"inLanguage\":\"fr-FR\",\"@id\":\"https:\\\/\\\/www.divis.eu\\\/fr\\\/divis-solutions-video-pour-la-logistique-amortissement\\\/#primaryimage\",\"url\":\"https:\\\/\\\/www.divis.eu\\\/wp-content\\\/uploads\\\/2020\\\/10\\\/schema-FR-2.png\",\"contentUrl\":\"https:\\\/\\\/www.divis.eu\\\/wp-content\\\/uploads\\\/2020\\\/10\\\/schema-FR-2.png\"},{\"@type\":\"BreadcrumbList\",\"@id\":\"https:\\\/\\\/www.divis.eu\\\/fr\\\/divis-solutions-video-pour-la-logistique-amortissement\\\/#breadcrumb\",\"itemListElement\":[{\"@type\":\"ListItem\",\"position\":1,\"name\":\"Startseite\",\"item\":\"https:\\\/\\\/www.divis.eu\\\/fr\\\/\"},{\"@type\":\"ListItem\",\"position\":2,\"name\":\"DIVIS | Solutions vid\u00e9o pour la logistique &#8211; Amortissement\"}]},{\"@type\":\"WebSite\",\"@id\":\"https:\\\/\\\/www.divis.eu\\\/#website\",\"url\":\"https:\\\/\\\/www.divis.eu\\\/\",\"name\":\"DIVIS - The intelligent view\",\"description\":\"Videosysteml\u00f6sungen f\u00fcr Umschlags- und Warenlager\",\"potentialAction\":[{\"@type\":\"SearchAction\",\"target\":{\"@type\":\"EntryPoint\",\"urlTemplate\":\"https:\\\/\\\/www.divis.eu\\\/?s={search_term_string}\"},\"query-input\":{\"@type\":\"PropertyValueSpecification\",\"valueRequired\":true,\"valueName\":\"search_term_string\"}}],\"inLanguage\":\"fr-FR\"}]}<\/script>\n<!-- \/ Yoast SEO plugin. -->","yoast_head_json":{"title":"DIVIS | Solutions vid\u00e9o pour la logistique - Amortissement","description":"Les solutions vid\u00e9o DIVIS garantissent un succ\u00e8s rapide et durable, offrent un retour sur investissement (ROI) s\u00fbr et un amortissement rapide.","robots":{"index":"index","follow":"follow","max-snippet":"max-snippet:-1","max-image-preview":"max-image-preview:large","max-video-preview":"max-video-preview:-1"},"canonical":"https:\/\/www.divis.eu\/fr\/divis-solutions-video-pour-la-logistique-amortissement\/","og_locale":"fr_FR","og_type":"article","og_title":"DIVIS | Solutions vid\u00e9o pour la logistique - Amortissement","og_description":"Les solutions vid\u00e9o DIVIS garantissent un succ\u00e8s rapide et durable, offrent un retour sur investissement (ROI) s\u00fbr et un amortissement rapide.","og_url":"https:\/\/www.divis.eu\/fr\/divis-solutions-video-pour-la-logistique-amortissement\/","og_site_name":"DIVIS - The intelligent view","article_modified_time":"2024-09-02T13:27:30+00:00","og_image":[{"url":"https:\/\/www.divis.eu\/wp-content\/uploads\/2020\/10\/schema-FR-2.png","type":"","width":"","height":""}],"twitter_card":"summary_large_image","twitter_misc":{"Dur\u00e9e de lecture estim\u00e9e":"2 minutes"},"schema":{"@context":"https:\/\/schema.org","@graph":[{"@type":"WebPage","@id":"https:\/\/www.divis.eu\/fr\/divis-solutions-video-pour-la-logistique-amortissement\/","url":"https:\/\/www.divis.eu\/fr\/divis-solutions-video-pour-la-logistique-amortissement\/","name":"DIVIS | Solutions vid\u00e9o pour la logistique - Amortissement","isPartOf":{"@id":"https:\/\/www.divis.eu\/#website"},"primaryImageOfPage":{"@id":"https:\/\/www.divis.eu\/fr\/divis-solutions-video-pour-la-logistique-amortissement\/#primaryimage"},"image":{"@id":"https:\/\/www.divis.eu\/fr\/divis-solutions-video-pour-la-logistique-amortissement\/#primaryimage"},"thumbnailUrl":"https:\/\/www.divis.eu\/wp-content\/uploads\/2020\/10\/schema-FR-2.png","datePublished":"2020-10-07T02:52:59+00:00","dateModified":"2024-09-02T13:27:30+00:00","description":"Les solutions vid\u00e9o DIVIS garantissent un succ\u00e8s rapide et durable, offrent un retour sur investissement (ROI) s\u00fbr et un amortissement rapide.","breadcrumb":{"@id":"https:\/\/www.divis.eu\/fr\/divis-solutions-video-pour-la-logistique-amortissement\/#breadcrumb"},"inLanguage":"fr-FR","potentialAction":[{"@type":"ReadAction","target":["https:\/\/www.divis.eu\/fr\/divis-solutions-video-pour-la-logistique-amortissement\/"]}]},{"@type":"ImageObject","inLanguage":"fr-FR","@id":"https:\/\/www.divis.eu\/fr\/divis-solutions-video-pour-la-logistique-amortissement\/#primaryimage","url":"https:\/\/www.divis.eu\/wp-content\/uploads\/2020\/10\/schema-FR-2.png","contentUrl":"https:\/\/www.divis.eu\/wp-content\/uploads\/2020\/10\/schema-FR-2.png"},{"@type":"BreadcrumbList","@id":"https:\/\/www.divis.eu\/fr\/divis-solutions-video-pour-la-logistique-amortissement\/#breadcrumb","itemListElement":[{"@type":"ListItem","position":1,"name":"Startseite","item":"https:\/\/www.divis.eu\/fr\/"},{"@type":"ListItem","position":2,"name":"DIVIS | Solutions vid\u00e9o pour la logistique &#8211; Amortissement"}]},{"@type":"WebSite","@id":"https:\/\/www.divis.eu\/#website","url":"https:\/\/www.divis.eu\/","name":"DIVIS - The intelligent view","description":"Videosysteml\u00f6sungen f\u00fcr Umschlags- und Warenlager","potentialAction":[{"@type":"SearchAction","target":{"@type":"EntryPoint","urlTemplate":"https:\/\/www.divis.eu\/?s={search_term_string}"},"query-input":{"@type":"PropertyValueSpecification","valueRequired":true,"valueName":"search_term_string"}}],"inLanguage":"fr-FR"}]}},"_links":{"self":[{"href":"https:\/\/www.divis.eu\/fr\/wp-json\/wp\/v2\/pages\/20634","targetHints":{"allow":["GET"]}}],"collection":[{"href":"https:\/\/www.divis.eu\/fr\/wp-json\/wp\/v2\/pages"}],"about":[{"href":"https:\/\/www.divis.eu\/fr\/wp-json\/wp\/v2\/types\/page"}],"author":[{"embeddable":true,"href":"https:\/\/www.divis.eu\/fr\/wp-json\/wp\/v2\/users\/1"}],"replies":[{"embeddable":true,"href":"https:\/\/www.divis.eu\/fr\/wp-json\/wp\/v2\/comments?post=20634"}],"version-history":[{"count":0,"href":"https:\/\/www.divis.eu\/fr\/wp-json\/wp\/v2\/pages\/20634\/revisions"}],"wp:attachment":[{"href":"https:\/\/www.divis.eu\/fr\/wp-json\/wp\/v2\/media?parent=20634"}],"curies":[{"name":"wp","href":"https:\/\/api.w.org\/{rel}","templated":true}]}}