{"id":21329,"date":"2021-01-01T21:37:44","date_gmt":"2021-01-01T21:37:44","guid":{"rendered":"https:\/\/www.divis.eu\/divis-general-information-archive-2020-logistics-video-surveillance\/"},"modified":"2021-01-02T00:43:48","modified_gmt":"2021-01-02T00:43:48","slug":"archives-dinformations-generales-divis-2020-video-surveillance-logistique","status":"publish","type":"page","link":"https:\/\/www.divis.eu\/fr\/archives-dinformations-generales-divis-2020-video-surveillance-logistique\/","title":{"rendered":"Archives d&rsquo;informations g\u00e9n\u00e9rales DIVIS 2020 | Vid\u00e9o surveillance logistique"},"content":{"rendered":"\n<h3>\n\t\tDIVIS\n\t<\/h3>\n<h2>\n\t\tConseils &#038; infos\n\t<\/h2>\n\t\t\t\t<a href=\"https:\/\/www.divis.eu\/fr\/inscription-a-la-newsletter-optimisation-des-processus-dans-lentrepot\/\" target=\"_self\" itemprop=\"url\" rel=\"noopener noreferrer\">\n\t\t\t\t<img decoding=\"async\" src=\"https:\/\/www.divis.eu\/wp-content\/uploads\/2018\/11\/sprechblase-newsletter-abo-fr.png\" alt=\"Videomanagement-Software Logistik DIVIS\" title=\"sprechblase-newsletter-abo-fr\" itemprop=\"image\"  \/>\n\t\t\t\t\t\t<\/a>\n\t\t\t\t\t<ul id=\"menu-fr-tipps-infos\"><li id=\"menu-item-12529\"><a href=\"https:\/\/www.divis.eu\/fr\/divis-news-vue-densemble-suivi-des-envois-par-camera-en-logistique\/\">Nouvelles DIVIS<\/a><\/li>\n<li id=\"menu-item-12530\"><a href=\"https:\/\/www.divis.eu\/fr\/conseils-produits-divis-suivi-des-marchandises-par-videotracking\/\">Conseils produits<\/a><\/li>\n<li id=\"menu-item-12531\"><a href=\"https:\/\/www.divis.eu\/fr\/informations-generales-divis-suivi-des-marchandises-guide-par-images\/\">Informations g\u00e9n\u00e9rales<\/a><\/li>\n<\/ul>\t\n\t<h1>\n\t\tArchives 2019: Informations g\u00e9n\u00e9rales\n\t<\/h1>\n\t\t\t\t\t\t\t\t\t\t\t\t\t\t<a href=\"https:\/\/www.divis.eu\/fr\/la-pandemie-de-covid-19-booste-la-digitalisation-chez-les-prestataires-de-services-de-transport\/\" target=\"_self\" title=\"La pand\u00e9mie de Covid-19 booste la digitalisation chez les prestataires de services de transport\" rel=\"noopener noreferrer\">\n\t\t\t\t<img decoding=\"async\" src=\"https:\/\/www.divis.eu\/wp-content\/uploads\/2020\/10\/corona-artikel2-featured-FR.gif\" alt=\"\" \/>\n\t\t\t\t<\/a>\n\t\t\t\t\t\t<h2>\n\t\t\t\t\t\t\t\tOctober\t\t\t\t\t\t\t\t\n\t\t\t\t\t\t\t\t1\n\t\t\t\t\t\t\t\t2020\n\t\t\t\t\t\t<\/h2>\n\t\t\t\t\t\t<h4>\n\t\t\t\t<a href=https:\/\/www.divis.eu\/fr\/la-pandemie-de-covid-19-booste-la-digitalisation-chez-les-prestataires-de-services-de-transport\/ title=\"La pand\u00e9mie de Covid-19 booste la digitalisation chez les prestataires de services de transport\" tabindex=\"0\">La pand\u00e9mie de Covid-19 booste la digitalisation chez les prestataires de services de transport<\/a>\t\t\t<\/h4>\n\t\t\t\t\t\t\t\tLa crise de la Covid -19 booste l&rsquo;utilisation des solutions num\u00e9riques par les entreprises de logistique dans la comp\u00e9tition pour les partenariats de commerce \u00e9lectronique. Lisez cet article pour d\u00e9couvrir ce qui sera important pour les fournisseurs de transport \u00e0 l&rsquo;avenir.\n\t\t\t<a href=\"https:\/\/www.divis.eu\/fr\/la-pandemie-de-covid-19-booste-la-digitalisation-chez-les-prestataires-de-services-de-transport\/\" target=\"_self\" role=\"button\" rel=\"noopener noreferrer\">\n\t\t\t\t\t\t\tPlus\n\t\t<\/a>\n\t\t\t\t\t\t\t\t\t\t\t\t\t\t<a href=\"https:\/\/www.divis.eu\/fr\/les-solutions-numeriques-boostent-les-entreprises-logistiques-traditionnelles-dans-la-concurrence-pour-les-partenariats-de-commerce-electronique\/\" target=\"_self\" title=\"Les solutions num\u00e9riques boostent les entreprises logistiques dans la concurrence pour les partenariats de commerce \u00e9lectronique\" rel=\"noopener noreferrer\">\n\t\t\t\t<img decoding=\"async\" src=\"https:\/\/www.divis.eu\/wp-content\/uploads\/2020\/10\/corona-artikel1-featured-FR.gif\" alt=\"\" \/>\n\t\t\t\t<\/a>\n\t\t\t\t\t\t<h2>\n\t\t\t\t\t\t\t\tOctober\t\t\t\t\t\t\t\t\n\t\t\t\t\t\t\t\t1\n\t\t\t\t\t\t\t\t2020\n\t\t\t\t\t\t<\/h2>\n\t\t\t\t\t\t<h4>\n\t\t\t\t<a href=https:\/\/www.divis.eu\/fr\/les-solutions-numeriques-boostent-les-entreprises-logistiques-traditionnelles-dans-la-concurrence-pour-les-partenariats-de-commerce-electronique\/ title=\"Les solutions num\u00e9riques boostent les entreprises logistiques dans la concurrence pour les partenariats de commerce \u00e9lectronique\" tabindex=\"0\">Les solutions num\u00e9riques boostent les entreprises logistiques dans la concurrence pour les partenariats de commerce \u00e9lectronique<\/a>\t\t\t<\/h4>\n\t\t\t\t\t\t\t\tLa crise de la Covid-19 augmente encore la pression d\u00e9j\u00e0 existante sur les prestataires de services logistiques. Toutefois, la crise offre \u00e9galement l&rsquo;opportunit\u00e9 de se concentrer sur l&rsquo;avenir, la digitalisation et l&rsquo;innovation. Nous \u00e9voquons les d\u00e9fis et les solutions possibles.\n\t\t\t<a href=\"https:\/\/www.divis.eu\/fr\/les-solutions-numeriques-boostent-les-entreprises-logistiques-traditionnelles-dans-la-concurrence-pour-les-partenariats-de-commerce-electronique\/\" target=\"_self\" role=\"button\" rel=\"noopener noreferrer\">\n\t\t\t\t\t\t\tPlus\n\t\t<\/a>\n\t\t\t\t\t\t\t\t\t\t\t\t\t\t<a href=\"https:\/\/www.divis.eu\/fr\/logistique-verte-avec-gate-un-atout-precieux-sur-le-plan-ecologique-et-economique\/\" target=\"_self\" title=\"Logistique verte avec Gate+ - un atout pr\u00e9cieux sur le plan \u00e9cologique et \u00e9conomique\" rel=\"noopener noreferrer\">\n\t\t\t\t<img decoding=\"async\" src=\"https:\/\/www.divis.eu\/wp-content\/uploads\/2020\/07\/tdm082020-featured-FR.gif\" alt=\"\" \/>\n\t\t\t\t<\/a>\n\t\t\t\t\t\t<h2>\n\t\t\t\t\t\t\t\tJuly\t\t\t\t\t\t\t\t\n\t\t\t\t\t\t\t\t30\n\t\t\t\t\t\t\t\t2020\n\t\t\t\t\t\t<\/h2>\n\t\t\t\t\t\t<h4>\n\t\t\t\t<a href=https:\/\/www.divis.eu\/fr\/logistique-verte-avec-gate-un-atout-precieux-sur-le-plan-ecologique-et-economique\/ title=\"Logistique verte avec Gate+ - un atout pr\u00e9cieux sur le plan \u00e9cologique et \u00e9conomique\" tabindex=\"0\">Logistique verte avec Gate<sup>+<\/sup> &#8211; un atout pr\u00e9cieux sur le plan \u00e9cologique et \u00e9conomique<\/a>\t\t\t<\/h4>\n\t\t\t\t\t\t\t\tD\u00e9couvrez d\u00e8s aujourd&rsquo;hui comment vous pouvez rationaliser les op\u00e9rations de stockage et r\u00e9duire les co\u00fbts gr\u00e2ce \u00e0 une intralogistique durable. Nous passons en revue aujourd&rsquo;hui les nombreuses options et pr\u00e9sentons nos solutions \u00e0 cet \u00e9gard.\n\t\t\t<a href=\"https:\/\/www.divis.eu\/fr\/logistique-verte-avec-gate-un-atout-precieux-sur-le-plan-ecologique-et-economique\/\" target=\"_self\" role=\"button\" rel=\"noopener noreferrer\">\n\t\t\t\t\t\t\tPlus\n\t\t<\/a>\n\t\t\t\t\t\t\t\t\t\t\t\t\t\t<a href=\"https:\/\/www.divis.eu\/fr\/localisation-en-interieur-avec-location-pour-des-processus-transparents\/\" target=\"_self\" title=\"Localisation en int\u00e9rieur avec Location+ pour des processus transparents\" rel=\"noopener noreferrer\">\n\t\t\t\t<img decoding=\"async\" src=\"https:\/\/www.divis.eu\/wp-content\/uploads\/2020\/07\/location-plus-fr-featured.gif\" alt=\"\" \/>\n\t\t\t\t<\/a>\n\t\t\t\t\t\t<h2>\n\t\t\t\t\t\t\t\tJuly\t\t\t\t\t\t\t\t\n\t\t\t\t\t\t\t\t3\n\t\t\t\t\t\t\t\t2020\n\t\t\t\t\t\t<\/h2>\n\t\t\t\t\t\t<h4>\n\t\t\t\t<a href=https:\/\/www.divis.eu\/fr\/localisation-en-interieur-avec-location-pour-des-processus-transparents\/ title=\"Localisation en int\u00e9rieur avec Location+ pour des processus transparents\" tabindex=\"0\">Localisation en int\u00e9rieur avec Location<sup>+<\/sup> pour des processus transparents<\/a>\t\t\t<\/h4>\n\t\t\t\t\t\t\t\tLa technologie permettant de localiser avec pr\u00e9cision \u00e0 l&rsquo;int\u00e9rieur des b\u00e2timents les scanners, les personnes ou les moyens de transport offre une meilleure vue d&rsquo;ensemble et ouvre de nombreuses possibilit\u00e9s de contr\u00f4le des processus logistiques. D\u00e9couvrez d\u00e8s aujourd&rsquo;hui notre fonction Plus<sup>+<\/sup> Location<sup>+<\/sup>.\n\t\t\t<a href=\"https:\/\/www.divis.eu\/fr\/localisation-en-interieur-avec-location-pour-des-processus-transparents\/\" target=\"_self\" role=\"button\" rel=\"noopener noreferrer\">\n\t\t\t\t\t\t\tPlus\n\t\t<\/a>\n\t\t\t\t\t\t\t\t\t\t\t\t\t\t<a href=\"https:\/\/www.divis.eu\/fr\/cameras-a-360-degres-dans-le-transbordement-de-colis-avec-parcelvis\/\" target=\"_self\" title=\"Cam\u00e9ras \u00e0 360 degr\u00e9s dans le transbordement de colis avec ParcelVIS\" rel=\"noopener noreferrer\">\n\t\t\t\t<img decoding=\"async\" src=\"https:\/\/www.divis.eu\/wp-content\/uploads\/2020\/05\/360-grad-konzept-FR-featured-1.gif\" alt=\"360-Grad-Konzept | DIVIS Videomanagement\" \/>\n\t\t\t\t<\/a>\n\t\t\t\t\t\t<h2>\n\t\t\t\t\t\t\t\tJune\t\t\t\t\t\t\t\t\n\t\t\t\t\t\t\t\t7\n\t\t\t\t\t\t\t\t2020\n\t\t\t\t\t\t<\/h2>\n\t\t\t\t\t\t<h4>\n\t\t\t\t<a href=https:\/\/www.divis.eu\/fr\/cameras-a-360-degres-dans-le-transbordement-de-colis-avec-parcelvis\/ title=\"Cam\u00e9ras \u00e0 360 degr\u00e9s dans le transbordement de colis avec ParcelVIS\" tabindex=\"0\">Cam\u00e9ras \u00e0 360 degr\u00e9s dans le transbordement de colis avec ParcelVIS<\/a>\t\t\t<\/h4>\n\t\t\t\t\t\t\t\tEn savoir plus sur notre concept \u00e0 360 degr\u00e9s. Le m\u00e9lange \u00e9conomique de cam\u00e9ras conventionnelles et de cam\u00e9ras \u00e0 360 degr\u00e9s dans le transbordement des colis avec ParcelVIS permet de r\u00e9duire les co\u00fbts d&rsquo;investissement et de fournir une vue d&rsquo;ensemble optimale de votre installation.\n\t\t\t<a href=\"https:\/\/www.divis.eu\/fr\/cameras-a-360-degres-dans-le-transbordement-de-colis-avec-parcelvis\/\" target=\"_self\" role=\"button\" rel=\"noopener noreferrer\">\n\t\t\t\t\t\t\tPlus\n\t\t<\/a>\n\t\t\t\t\t\t\t\t\t\t\t\t\t\t<a href=\"https:\/\/www.divis.eu\/fr\/nous-sommes-a-vos-cotes-meme-en-temps-de-crise\/\" target=\"_self\" title=\"Nous sommes \u00e0 vos c\u00f4t\u00e9s m\u00eame en temps de crise\" rel=\"noopener noreferrer\">\n\t\t\t\t<img decoding=\"async\" src=\"https:\/\/www.divis.eu\/wp-content\/uploads\/2020\/04\/divis-fuer-kunden-featured-fr.gif\" alt=\"\" \/>\n\t\t\t\t<\/a>\n\t\t\t\t\t\t<h2>\n\t\t\t\t\t\t\t\tApril\t\t\t\t\t\t\t\t\n\t\t\t\t\t\t\t\t4\n\t\t\t\t\t\t\t\t2020\n\t\t\t\t\t\t<\/h2>\n\t\t\t\t\t\t<h4>\n\t\t\t\t<a href=https:\/\/www.divis.eu\/fr\/nous-sommes-a-vos-cotes-meme-en-temps-de-crise\/ title=\"Nous sommes \u00e0 vos c\u00f4t\u00e9s m\u00eame en temps de crise\" tabindex=\"0\">Nous sommes \u00e0 vos c\u00f4t\u00e9s m\u00eame en temps de crise<\/a>\t\t\t<\/h4>\n\t\t\t\t\t\t\t\tAujourd&rsquo;hui, nous avons de nouvelles informations sur les processus adapt\u00e9s dans l&rsquo;assistance et le service DIVIS pour vous. Notre objectif est de vous fournir le meilleur support possible pendant cette p\u00e9riode pour garantir le bon d\u00e9roulement de vos processus. En savoir plus sur nos actions dans ce num\u00e9ro.\n\t\t\t<a href=\"https:\/\/www.divis.eu\/fr\/nous-sommes-a-vos-cotes-meme-en-temps-de-crise\/\" target=\"_self\" role=\"button\" rel=\"noopener noreferrer\">\n\t\t\t\t\t\t\tPlus\n\t\t<\/a>\n\t\t\t<ul class='page-numbers'>\n\t<li>1<\/li>\n\t<li><a href=\"https:\/\/www.divis.eu\/fr\/page\/2\/?page_id=21329&#038;fl_builder\">2<\/a><\/li>\n\t<li><a href=\"https:\/\/www.divis.eu\/fr\/page\/2\/?page_id=21329&#038;fl_builder\">Next &raquo;<\/a><\/li>\n<\/ul>\n\t\t<h3>\n\t\tArchives<br \/>Informations g\u00e9n\u00e9rales\n\t<\/h3>\n\t\t\t\t\t<ul id=\"menu-fr-infos-archiv-menu\"><li id=\"menu-item-21332\"><a href=\"https:\/\/www.divis.eu\/fr\/archives-dinformations-generales-divis-2020-video-surveillance-logistique\/\">Archives d&rsquo;informations g\u00e9n\u00e9rales 2020<\/a><\/li>\n<li id=\"menu-item-18128\"><a href=\"https:\/\/www.divis.eu\/fr\/divis-general-information-archive-2019-logistics-video-surveillance\/\">Archives d&#8217;informations g\u00e9n\u00e9rales 2019<\/a><\/li>\n<li id=\"menu-item-18129\"><a href=\"https:\/\/www.divis.eu\/fr\/divis-general-information-archive-2018-video-surveillance-for-logistics\/\">Archives d&#8217;informations g\u00e9n\u00e9rales 2018<\/a><\/li>\n<li id=\"menu-item-13023\"><a href=\"https:\/\/www.divis.eu\/fr\/archives-dinformations-generales-divis-2017-logiciel-de-surveillance-video-pour-la-logistique\/\">Archives d&#8217;informations g\u00e9n\u00e9rales 2017<\/a><\/li>\n<\/ul>\t\n\t\t\t\t<img decoding=\"async\" src=\"https:\/\/www.divis.eu\/wp-content\/uploads\/2018\/01\/kundenlogo-CTL.png\" alt=\"kundenlogo-CTL\" itemprop=\"image\" height=\"51\" width=\"120\" title=\"kundenlogo-CTL\" onerror=\"this.style.display='none'\"  \/>\n\t\t\t\t<img decoding=\"async\" src=\"https:\/\/www.divis.eu\/wp-content\/uploads\/2018\/01\/kundenlogo-dpd.png\" alt=\"kundenlogo-dpd\" itemprop=\"image\" height=\"51\" width=\"120\" title=\"kundenlogo-dpd\" onerror=\"this.style.display='none'\"  \/>\n\t\t\t\t<img decoding=\"async\" src=\"https:\/\/www.divis.eu\/wp-content\/uploads\/2018\/01\/kundenlogo-emons.png\" alt=\"Emons | DIVIS-Kunde\" itemprop=\"image\" height=\"51\" width=\"120\" title=\"kundenlogo-emons\" onerror=\"this.style.display='none'\"  \/>\n\t\t\t\t<img decoding=\"async\" src=\"https:\/\/www.divis.eu\/wp-content\/uploads\/2018\/01\/kundenlogo-online.png\" alt=\"kundenlogo-online\" itemprop=\"image\" height=\"51\" width=\"120\" title=\"kundenlogo-online\" onerror=\"this.style.display='none'\"  \/>\n\t\t\t\t<img decoding=\"async\" src=\"https:\/\/www.divis.eu\/wp-content\/uploads\/2018\/01\/kundenlogo-rhenus.png\" alt=\"Rhenus Logistics | DIVIS-Kunde\" title=\"kundenlogo-rhenus\" itemprop=\"image\"  \/>\n\t\t\t\t<img decoding=\"async\" src=\"https:\/\/www.divis.eu\/wp-content\/uploads\/2018\/01\/kundenlogo-tsb.png\" alt=\"kundenlogo-tsb\" itemprop=\"image\" height=\"51\" width=\"120\" title=\"kundenlogo-tsb\" onerror=\"this.style.display='none'\"  \/>\n\t\t\t\t<img decoding=\"async\" src=\"https:\/\/www.divis.eu\/wp-content\/uploads\/2018\/01\/kundenlogo-gebrueder-weiss.png\" alt=\"Gebr\u00fcder Weiss | DIVIS-Kunde\" itemprop=\"image\" height=\"51\" width=\"150\" title=\"kundenlogo-gebrueder-weiss\" onerror=\"this.style.display='none'\"  \/>\n\t\t\t\t<img decoding=\"async\" src=\"https:\/\/www.divis.eu\/wp-content\/uploads\/2018\/01\/kundenlogo-tchibo.png\" alt=\"Tchibo | DIVIS-Kunde\" title=\"kundenlogo-tchibo\" itemprop=\"image\"  \/>\n\t\t\t\t<img decoding=\"async\" src=\"https:\/\/www.divis.eu\/wp-content\/uploads\/2018\/01\/kundenlogo-24plus.png\" alt=\"kundenlogo-24plus\" itemprop=\"image\" height=\"51\" width=\"120\" title=\"kundenlogo-24plus\" onerror=\"this.style.display='none'\"  \/>\n\t\t\t\t<img decoding=\"async\" src=\"https:\/\/www.divis.eu\/wp-content\/uploads\/2018\/01\/kundenlogo-raben.png\" alt=\"Raben Group | DIVIS-Kunde\" title=\"kundenlogo-raben\" itemprop=\"image\"  \/>\n\t\t\t\t<img decoding=\"async\" src=\"https:\/\/www.divis.eu\/wp-content\/uploads\/2018\/01\/kundenlogo-geis.png\" alt=\"Spedition Geis | DIVIS-Kunde\" title=\"kundenlogo-geis\" itemprop=\"image\"  \/>\n\t\t\t\t<img decoding=\"async\" src=\"https:\/\/www.divis.eu\/wp-content\/uploads\/2018\/01\/kundenlogo-zufall.png\" alt=\"kundenlogo-zufall\" itemprop=\"image\" height=\"51\" width=\"120\" title=\"kundenlogo-zufall\" onerror=\"this.style.display='none'\"  \/>\n\n","protected":false},"excerpt":{"rendered":"<p>DIVIS Conseils &#038; infos Nouvelles DIVIS Conseils produits Informations g\u00e9n\u00e9rales Archives 2019: Informations g\u00e9n\u00e9rales October 1 2020 La pand\u00e9mie de Covid-19 booste la digitalisation chez les prestataires de services de transport La crise de la Covid -19 booste l&rsquo;utilisation des solutions num\u00e9riques par les entreprises de logistique dans la comp\u00e9tition pour les partenariats de commerce&hellip;<\/p>\n","protected":false},"author":1,"featured_media":0,"parent":0,"menu_order":0,"comment_status":"closed","ping_status":"closed","template":"","meta":{"footnotes":""},"class_list":["post-21329","page","type-page","status-publish","hentry"],"yoast_head":"<!-- This site is optimized with the Yoast SEO plugin v27.4 - https:\/\/yoast.com\/product\/yoast-seo-wordpress\/ -->\n<title>Conseils et infos Info 2020 | Vid\u00e9o surveillance logistique<\/title>\n<meta name=\"description\" content=\"Conseils et informations int\u00e9ressants de DIVIS sur la vid\u00e9osurveillance logistique, ainsi que d&#039;autres informations sur l&#039;industrie et la technologie.\" \/>\n<meta name=\"robots\" content=\"index, follow, max-snippet:-1, max-image-preview:large, max-video-preview:-1\" \/>\n<link rel=\"canonical\" href=\"https:\/\/www.divis.eu\/fr\/archives-dinformations-generales-divis-2020-video-surveillance-logistique\/\" \/>\n<meta property=\"og:locale\" content=\"fr_FR\" \/>\n<meta property=\"og:type\" content=\"article\" \/>\n<meta property=\"og:title\" content=\"Conseils et infos Info 2020 | Vid\u00e9o surveillance logistique\" \/>\n<meta property=\"og:description\" content=\"Conseils et informations int\u00e9ressants de DIVIS sur la vid\u00e9osurveillance logistique, ainsi que d&#039;autres informations sur l&#039;industrie et la technologie.\" \/>\n<meta property=\"og:url\" content=\"https:\/\/www.divis.eu\/fr\/archives-dinformations-generales-divis-2020-video-surveillance-logistique\/\" \/>\n<meta property=\"og:site_name\" content=\"DIVIS - The intelligent view\" \/>\n<meta property=\"article:modified_time\" content=\"2021-01-02T00:43:48+00:00\" \/>\n<meta property=\"og:image\" content=\"https:\/\/www.divis.eu\/wp-content\/uploads\/2018\/11\/sprechblase-newsletter-abo-fr.png\" \/>\n<meta name=\"twitter:card\" content=\"summary_large_image\" \/>\n<meta name=\"twitter:label1\" content=\"Dur\u00e9e de lecture estim\u00e9e\" \/>\n\t<meta name=\"twitter:data1\" content=\"2 minutes\" \/>\n<script type=\"application\/ld+json\" class=\"yoast-schema-graph\">{\"@context\":\"https:\\\/\\\/schema.org\",\"@graph\":[{\"@type\":\"WebPage\",\"@id\":\"https:\\\/\\\/www.divis.eu\\\/fr\\\/archives-dinformations-generales-divis-2020-video-surveillance-logistique\\\/\",\"url\":\"https:\\\/\\\/www.divis.eu\\\/fr\\\/archives-dinformations-generales-divis-2020-video-surveillance-logistique\\\/\",\"name\":\"Conseils et infos Info 2020 | Vid\u00e9o surveillance logistique\",\"isPartOf\":{\"@id\":\"https:\\\/\\\/www.divis.eu\\\/#website\"},\"primaryImageOfPage\":{\"@id\":\"https:\\\/\\\/www.divis.eu\\\/fr\\\/archives-dinformations-generales-divis-2020-video-surveillance-logistique\\\/#primaryimage\"},\"image\":{\"@id\":\"https:\\\/\\\/www.divis.eu\\\/fr\\\/archives-dinformations-generales-divis-2020-video-surveillance-logistique\\\/#primaryimage\"},\"thumbnailUrl\":\"https:\\\/\\\/www.divis.eu\\\/wp-content\\\/uploads\\\/2018\\\/11\\\/sprechblase-newsletter-abo-fr.png\",\"datePublished\":\"2021-01-01T21:37:44+00:00\",\"dateModified\":\"2021-01-02T00:43:48+00:00\",\"description\":\"Conseils et informations int\u00e9ressants de DIVIS sur la vid\u00e9osurveillance logistique, ainsi que d'autres informations sur l'industrie et la technologie.\",\"breadcrumb\":{\"@id\":\"https:\\\/\\\/www.divis.eu\\\/fr\\\/archives-dinformations-generales-divis-2020-video-surveillance-logistique\\\/#breadcrumb\"},\"inLanguage\":\"fr-FR\",\"potentialAction\":[{\"@type\":\"ReadAction\",\"target\":[\"https:\\\/\\\/www.divis.eu\\\/fr\\\/archives-dinformations-generales-divis-2020-video-surveillance-logistique\\\/\"]}]},{\"@type\":\"ImageObject\",\"inLanguage\":\"fr-FR\",\"@id\":\"https:\\\/\\\/www.divis.eu\\\/fr\\\/archives-dinformations-generales-divis-2020-video-surveillance-logistique\\\/#primaryimage\",\"url\":\"https:\\\/\\\/www.divis.eu\\\/wp-content\\\/uploads\\\/2018\\\/11\\\/sprechblase-newsletter-abo-fr.png\",\"contentUrl\":\"https:\\\/\\\/www.divis.eu\\\/wp-content\\\/uploads\\\/2018\\\/11\\\/sprechblase-newsletter-abo-fr.png\"},{\"@type\":\"BreadcrumbList\",\"@id\":\"https:\\\/\\\/www.divis.eu\\\/fr\\\/archives-dinformations-generales-divis-2020-video-surveillance-logistique\\\/#breadcrumb\",\"itemListElement\":[{\"@type\":\"ListItem\",\"position\":1,\"name\":\"Startseite\",\"item\":\"https:\\\/\\\/www.divis.eu\\\/fr\\\/\"},{\"@type\":\"ListItem\",\"position\":2,\"name\":\"Archives d&rsquo;informations g\u00e9n\u00e9rales DIVIS 2020 | Vid\u00e9o surveillance logistique\"}]},{\"@type\":\"WebSite\",\"@id\":\"https:\\\/\\\/www.divis.eu\\\/#website\",\"url\":\"https:\\\/\\\/www.divis.eu\\\/\",\"name\":\"DIVIS - The intelligent view\",\"description\":\"Videosysteml\u00f6sungen f\u00fcr Umschlags- und Warenlager\",\"potentialAction\":[{\"@type\":\"SearchAction\",\"target\":{\"@type\":\"EntryPoint\",\"urlTemplate\":\"https:\\\/\\\/www.divis.eu\\\/?s={search_term_string}\"},\"query-input\":{\"@type\":\"PropertyValueSpecification\",\"valueRequired\":true,\"valueName\":\"search_term_string\"}}],\"inLanguage\":\"fr-FR\"}]}<\/script>\n<!-- \/ Yoast SEO plugin. -->","yoast_head_json":{"title":"Conseils et infos Info 2020 | Vid\u00e9o surveillance logistique","description":"Conseils et informations int\u00e9ressants de DIVIS sur la vid\u00e9osurveillance logistique, ainsi que d'autres informations sur l'industrie et la technologie.","robots":{"index":"index","follow":"follow","max-snippet":"max-snippet:-1","max-image-preview":"max-image-preview:large","max-video-preview":"max-video-preview:-1"},"canonical":"https:\/\/www.divis.eu\/fr\/archives-dinformations-generales-divis-2020-video-surveillance-logistique\/","og_locale":"fr_FR","og_type":"article","og_title":"Conseils et infos Info 2020 | Vid\u00e9o surveillance logistique","og_description":"Conseils et informations int\u00e9ressants de DIVIS sur la vid\u00e9osurveillance logistique, ainsi que d'autres informations sur l'industrie et la technologie.","og_url":"https:\/\/www.divis.eu\/fr\/archives-dinformations-generales-divis-2020-video-surveillance-logistique\/","og_site_name":"DIVIS - The intelligent view","article_modified_time":"2021-01-02T00:43:48+00:00","og_image":[{"url":"https:\/\/www.divis.eu\/wp-content\/uploads\/2018\/11\/sprechblase-newsletter-abo-fr.png","type":"","width":"","height":""}],"twitter_card":"summary_large_image","twitter_misc":{"Dur\u00e9e de lecture estim\u00e9e":"2 minutes"},"schema":{"@context":"https:\/\/schema.org","@graph":[{"@type":"WebPage","@id":"https:\/\/www.divis.eu\/fr\/archives-dinformations-generales-divis-2020-video-surveillance-logistique\/","url":"https:\/\/www.divis.eu\/fr\/archives-dinformations-generales-divis-2020-video-surveillance-logistique\/","name":"Conseils et infos Info 2020 | Vid\u00e9o surveillance logistique","isPartOf":{"@id":"https:\/\/www.divis.eu\/#website"},"primaryImageOfPage":{"@id":"https:\/\/www.divis.eu\/fr\/archives-dinformations-generales-divis-2020-video-surveillance-logistique\/#primaryimage"},"image":{"@id":"https:\/\/www.divis.eu\/fr\/archives-dinformations-generales-divis-2020-video-surveillance-logistique\/#primaryimage"},"thumbnailUrl":"https:\/\/www.divis.eu\/wp-content\/uploads\/2018\/11\/sprechblase-newsletter-abo-fr.png","datePublished":"2021-01-01T21:37:44+00:00","dateModified":"2021-01-02T00:43:48+00:00","description":"Conseils et informations int\u00e9ressants de DIVIS sur la vid\u00e9osurveillance logistique, ainsi que d'autres informations sur l'industrie et la technologie.","breadcrumb":{"@id":"https:\/\/www.divis.eu\/fr\/archives-dinformations-generales-divis-2020-video-surveillance-logistique\/#breadcrumb"},"inLanguage":"fr-FR","potentialAction":[{"@type":"ReadAction","target":["https:\/\/www.divis.eu\/fr\/archives-dinformations-generales-divis-2020-video-surveillance-logistique\/"]}]},{"@type":"ImageObject","inLanguage":"fr-FR","@id":"https:\/\/www.divis.eu\/fr\/archives-dinformations-generales-divis-2020-video-surveillance-logistique\/#primaryimage","url":"https:\/\/www.divis.eu\/wp-content\/uploads\/2018\/11\/sprechblase-newsletter-abo-fr.png","contentUrl":"https:\/\/www.divis.eu\/wp-content\/uploads\/2018\/11\/sprechblase-newsletter-abo-fr.png"},{"@type":"BreadcrumbList","@id":"https:\/\/www.divis.eu\/fr\/archives-dinformations-generales-divis-2020-video-surveillance-logistique\/#breadcrumb","itemListElement":[{"@type":"ListItem","position":1,"name":"Startseite","item":"https:\/\/www.divis.eu\/fr\/"},{"@type":"ListItem","position":2,"name":"Archives d&rsquo;informations g\u00e9n\u00e9rales DIVIS 2020 | Vid\u00e9o surveillance logistique"}]},{"@type":"WebSite","@id":"https:\/\/www.divis.eu\/#website","url":"https:\/\/www.divis.eu\/","name":"DIVIS - The intelligent view","description":"Videosysteml\u00f6sungen f\u00fcr Umschlags- und Warenlager","potentialAction":[{"@type":"SearchAction","target":{"@type":"EntryPoint","urlTemplate":"https:\/\/www.divis.eu\/?s={search_term_string}"},"query-input":{"@type":"PropertyValueSpecification","valueRequired":true,"valueName":"search_term_string"}}],"inLanguage":"fr-FR"}]}},"_links":{"self":[{"href":"https:\/\/www.divis.eu\/fr\/wp-json\/wp\/v2\/pages\/21329","targetHints":{"allow":["GET"]}}],"collection":[{"href":"https:\/\/www.divis.eu\/fr\/wp-json\/wp\/v2\/pages"}],"about":[{"href":"https:\/\/www.divis.eu\/fr\/wp-json\/wp\/v2\/types\/page"}],"author":[{"embeddable":true,"href":"https:\/\/www.divis.eu\/fr\/wp-json\/wp\/v2\/users\/1"}],"replies":[{"embeddable":true,"href":"https:\/\/www.divis.eu\/fr\/wp-json\/wp\/v2\/comments?post=21329"}],"version-history":[{"count":0,"href":"https:\/\/www.divis.eu\/fr\/wp-json\/wp\/v2\/pages\/21329\/revisions"}],"wp:attachment":[{"href":"https:\/\/www.divis.eu\/fr\/wp-json\/wp\/v2\/media?parent=21329"}],"curies":[{"name":"wp","href":"https:\/\/api.w.org\/{rel}","templated":true}]}}