{"id":23556,"date":"2021-10-12T16:55:27","date_gmt":"2021-10-12T16:55:27","guid":{"rendered":"https:\/\/www.divis.eu\/divis-news-archive-2021-video-surveillance-in-logistics\/"},"modified":"2022-06-17T19:22:41","modified_gmt":"2022-06-17T19:22:41","slug":"archives-des-nouvelles-divis-2021-video-surveillance-en-logistique","status":"publish","type":"page","link":"https:\/\/www.divis.eu\/fr\/archives-des-nouvelles-divis-2021-video-surveillance-en-logistique\/","title":{"rendered":"Archives des nouvelles DIVIS 2021 | Vid\u00e9o surveillance en logistique"},"content":{"rendered":"\n<h1>\n\t\tArchive des nouvelles DIVIS\n\t<\/h1>\n\t\t\t\t\t\t\t\t\t\t\t\t\t\t<a href=\"https:\/\/www.divis.eu\/fr\/divis-wishes-you-festive-holidays\/\" target=\"_self\" title=\"DIVIS vous souhaite d'excellentes f\u00eates de fin d'ann\u00e9e\" rel=\"noopener\">\n\t\t\t\t<img decoding=\"async\" src=\"https:\/\/www.divis.eu\/wp-content\/uploads\/2021\/12\/weihnachts-nl-featured-FR.gif\" alt=\"DIVIS vous souhaite un joyeux No\u00ebl et une bonne ann\u00e9e.\" \/>\n\t\t\t\t<\/a>\n\t\t\t\t\t\t<h2>\n\t\t\t\t\t\t\t\td\u00e9cembre\t\t\t\t\t\t\t\t\n\t\t\t\t\t\t\t\t19\n\t\t\t\t\t\t\t\t2021\n\t\t\t\t\t\t<\/h2>\n\t\t\t\t\t\t<h4>\n\t\t\t\t<a href=https:\/\/www.divis.eu\/fr\/divis-wishes-you-festive-holidays\/ title=\"DIVIS vous souhaite d'excellentes f\u00eates de fin d'ann\u00e9e\" tabindex=\"0\">DIVIS vous souhaite d&rsquo;excellentes f\u00eates de fin d&rsquo;ann\u00e9e<\/a>\t\t\t<\/h4>\n\t\t\t\t\t\t\t\tUn grand merci \u00e0 nos formidables clients, partenaires et collaborateurs, une vid\u00e9o amusante sur la logistique du P\u00e8re No\u00ebl assist\u00e9e par vid\u00e9o tracking et des informations int\u00e9ressantes sur les multiples projets caritatifs auxquels nous faisons un don comme chaque ann\u00e9e &#8211; c&rsquo;est par ici ! Nous vous souhaitons de tr\u00e8s belles f\u00eates de fin d&rsquo;ann\u00e9e.\n\t\t\t<a href=\"https:\/\/www.divis.eu\/fr\/divis-wishes-you-festive-holidays\/\" target=\"_self\" role=\"button\" aria-label=\"Plus\" rel=\"noopener\">\n\t\t\t\t\t\t\tPlus\n\t\t<\/a>\n\t\t\t\t\t\t\t\t\t\t\t\t\t\t<a href=\"https:\/\/www.divis.eu\/fr\/les-systemes-video-divis-ne-sont-pas-concernes-par-la-faille-de-securite-java\/\" target=\"_self\" title=\"Les syst\u00e8mes vid\u00e9o DIVIS ne sont pas concern\u00e9s par la faille de s\u00e9curit\u00e9 JAVA\" rel=\"noopener\">\n\t\t\t\t<img decoding=\"async\" src=\"https:\/\/www.divis.eu\/wp-content\/uploads\/2021\/12\/java-sicherheitsluecke-FR.jpg\" alt=\"\" \/>\n\t\t\t\t<\/a>\n\t\t\t\t\t\t<h2>\n\t\t\t\t\t\t\t\td\u00e9cembre\t\t\t\t\t\t\t\t\n\t\t\t\t\t\t\t\t15\n\t\t\t\t\t\t\t\t2021\n\t\t\t\t\t\t<\/h2>\n\t\t\t\t\t\t<h4>\n\t\t\t\t<a href=https:\/\/www.divis.eu\/fr\/les-systemes-video-divis-ne-sont-pas-concernes-par-la-faille-de-securite-java\/ title=\"Les syst\u00e8mes vid\u00e9o DIVIS ne sont pas concern\u00e9s par la faille de s\u00e9curit\u00e9 JAVA\" tabindex=\"0\">Les syst\u00e8mes vid\u00e9o DIVIS ne sont pas concern\u00e9s par la faille de s\u00e9curit\u00e9 JAVA<\/a>\t\t\t<\/h4>\n\t\t\t\t\t\t\t\tLe BSI met actuellement en garde contre une faille de s\u00e9curit\u00e9 dans le logiciel Java avec un niveau d&rsquo;alerte rouge. Les logiciels DIVIS ne sont pas concern\u00e9s. Avec ce communiqu\u00e9 sp\u00e9cial, nous souhaitons clarifier la situation et vous rassurer.\n\t\t\t<a href=\"https:\/\/www.divis.eu\/fr\/les-systemes-video-divis-ne-sont-pas-concernes-par-la-faille-de-securite-java\/\" target=\"_self\" role=\"button\" aria-label=\"Plus\" rel=\"noopener\">\n\t\t\t\t\t\t\tPlus\n\t\t<\/a>\n\t\t\t\t\t\t\t\t\t\t\t\t\t\t<a href=\"https:\/\/www.divis.eu\/fr\/retrospective-divis-2021-et-astuces-logiciel\/\" target=\"_self\" title=\"R\u00e9trospective DIVIS 2021 et astuces logiciel\" rel=\"noopener\">\n\t\t\t\t<img decoding=\"async\" src=\"https:\/\/www.divis.eu\/wp-content\/uploads\/2021\/12\/DIVIS-newsletter12-2021-featured-FR.gif\" alt=\"\" \/>\n\t\t\t\t<\/a>\n\t\t\t\t\t\t<h2>\n\t\t\t\t\t\t\t\td\u00e9cembre\t\t\t\t\t\t\t\t\n\t\t\t\t\t\t\t\t4\n\t\t\t\t\t\t\t\t2021\n\t\t\t\t\t\t<\/h2>\n\t\t\t\t\t\t<h4>\n\t\t\t\t<a href=https:\/\/www.divis.eu\/fr\/retrospective-divis-2021-et-astuces-logiciel\/ title=\"R\u00e9trospective DIVIS 2021 et astuces logiciel\" tabindex=\"0\">R\u00e9trospective DIVIS 2021 et astuces logiciel<\/a>\t\t\t<\/h4>\n\t\t\t\t\t\t\t\tNous avons derri\u00e8re nous une ann\u00e9e positive et riche. D\u00e9couvrez tout ce qu&rsquo;il faut savoir sur les temps forts de 2021. Dans le conseil du mois, vous trouverez des raccourcis et des commandes utiles pour nos logiciels CargoVIS et ParcelVIS. Jetez-y vite un coup d&rsquo;\u0153il.\n\t\t\t<a href=\"https:\/\/www.divis.eu\/fr\/retrospective-divis-2021-et-astuces-logiciel\/\" target=\"_self\" role=\"button\" aria-label=\"Plus\" rel=\"noopener\">\n\t\t\t\t\t\t\tPlus\n\t\t<\/a>\n\t\t\t\t\t\t\t\t\t\t\t\t\t\t<a href=\"https:\/\/www.divis.eu\/fr\/retrospective-tour-dhorizon-a-travers-une-annee-2021-riche-en-evenements\/\" target=\"_self\" title=\"R\u00e9trospective : Tour d'horizon \u00e0 travers une ann\u00e9e 2021 riche en \u00e9v\u00e9nements\" rel=\"noopener\">\n\t\t\t\t<img decoding=\"async\" src=\"https:\/\/www.divis.eu\/wp-content\/uploads\/2021\/12\/divis-timeline2021-featured-FR.jpg\" alt=\"\" \/>\n\t\t\t\t<\/a>\n\t\t\t\t\t\t<h2>\n\t\t\t\t\t\t\t\td\u00e9cembre\t\t\t\t\t\t\t\t\n\t\t\t\t\t\t\t\t4\n\t\t\t\t\t\t\t\t2021\n\t\t\t\t\t\t<\/h2>\n\t\t\t\t\t\t<h4>\n\t\t\t\t<a href=https:\/\/www.divis.eu\/fr\/retrospective-tour-dhorizon-a-travers-une-annee-2021-riche-en-evenements\/ title=\"R\u00e9trospective : Tour d'horizon \u00e0 travers une ann\u00e9e 2021 riche en \u00e9v\u00e9nements\" tabindex=\"0\">R\u00e9trospective : Tour d&rsquo;horizon \u00e0 travers une ann\u00e9e 2021 riche en \u00e9v\u00e9nements<\/a>\t\t\t<\/h4>\n\t\t\t\t\t\t\t\tNous vous invitons aujourd&rsquo;hui \u00e0 passer en revue une ann\u00e9e riche en \u00e9v\u00e9nements pour DIVIS ponctu\u00e9e de nombreux d\u00e9veloppements positifs. De nombreux projets int\u00e9ressants ont \u00e9t\u00e9 r\u00e9alis\u00e9s, notre portefeuille de produits s&rsquo;est \u00e9largi et l&rsquo;\u00e9quipe DIVIS s&rsquo;est \u00e9galement agrandie. D\u00e9couvrez ici tout ce qu&rsquo;il faut savoir sur les temps forts de 2021.\n\t\t\t<a href=\"https:\/\/www.divis.eu\/fr\/retrospective-tour-dhorizon-a-travers-une-annee-2021-riche-en-evenements\/\" target=\"_self\" role=\"button\" aria-label=\"Plus\" rel=\"noopener\">\n\t\t\t\t\t\t\tPlus\n\t\t<\/a>\n\t\t\t\t\t\t\t\t\t\t\t\t\t\t<a href=\"https:\/\/www.divis.eu\/fr\/geolocalisation-des-terminaux-avec-ble-et-lapplication-divis-dans-cargovis\/\" target=\"_self\" title=\"G\u00e9olocalisation des terminaux avec BLE et l'application DIVIS dans CargoVIS\" rel=\"noopener\">\n\t\t\t\t<img decoding=\"async\" src=\"https:\/\/www.divis.eu\/wp-content\/uploads\/2021\/11\/divis-newsletter-112021-FR.gif\" alt=\"\" \/>\n\t\t\t\t<\/a>\n\t\t\t\t\t\t<h2>\n\t\t\t\t\t\t\t\tnovembre\t\t\t\t\t\t\t\t\n\t\t\t\t\t\t\t\t8\n\t\t\t\t\t\t\t\t2021\n\t\t\t\t\t\t<\/h2>\n\t\t\t\t\t\t<h4>\n\t\t\t\t<a href=https:\/\/www.divis.eu\/fr\/geolocalisation-des-terminaux-avec-ble-et-lapplication-divis-dans-cargovis\/ title=\"G\u00e9olocalisation des terminaux avec BLE et l'application DIVIS dans CargoVIS\" tabindex=\"0\">G\u00e9olocalisation des terminaux avec BLE et l&rsquo;application DIVIS dans CargoVIS<\/a>\t\t\t<\/h4>\n\t\t\t\t\t\t\t\tD\u00e9couvrez aujourd&rsquo;hui pourquoi Location<sup>+<\/sup> avec Bluetooth Low Energy (BLE) sans balises et l&rsquo;application DIVIS est une option tr\u00e8s int\u00e9ressante pour la g\u00e9olocalisation des terminaux dans les halls logistiques. Dans le conseil du mois, nous vous montrons comment agrandir la zone de travail vid\u00e9o dans CargoVIS &#038; ParcelVIS en utilisant un raccourci pour masquer le menu et, bien s\u00fbr, pour le faire r\u00e9appara\u00eetre en cas de besoin.\n\t\t\t<a href=\"https:\/\/www.divis.eu\/fr\/geolocalisation-des-terminaux-avec-ble-et-lapplication-divis-dans-cargovis\/\" target=\"_self\" role=\"button\" aria-label=\"Plus\" rel=\"noopener\">\n\t\t\t\t\t\t\tPlus\n\t\t<\/a>\n\t\t\t\t\t\t\t\t\t\t\t\t\t\t<a href=\"https:\/\/www.divis.eu\/fr\/eprouve-dans-la-pratique-location-avec-ble-sans-balises-bluetooth-low-energy\/\" target=\"_self\" title=\"G\u00e9olocalisation BLE via l'application : la flexibilit\u00e9 et plus de transparence dans la pratique : des facteurs convaincants\" rel=\"noopener\">\n\t\t\t\t<img decoding=\"async\" src=\"https:\/\/www.divis.eu\/wp-content\/uploads\/2021\/11\/ble-location-plus-featured-FR.gif\" alt=\"\" \/>\n\t\t\t\t<\/a>\n\t\t\t\t\t\t<h2>\n\t\t\t\t\t\t\t\tnovembre\t\t\t\t\t\t\t\t\n\t\t\t\t\t\t\t\t7\n\t\t\t\t\t\t\t\t2021\n\t\t\t\t\t\t<\/h2>\n\t\t\t\t\t\t<h4>\n\t\t\t\t<a href=https:\/\/www.divis.eu\/fr\/eprouve-dans-la-pratique-location-avec-ble-sans-balises-bluetooth-low-energy\/ title=\"G\u00e9olocalisation BLE via l'application : la flexibilit\u00e9 et plus de transparence dans la pratique : des facteurs convaincants\" tabindex=\"0\">G\u00e9olocalisation BLE via l&rsquo;application : la flexibilit\u00e9 et plus de transparence dans la pratique : des facteurs convaincants<\/a>\t\t\t<\/h4>\n\t\t\t\t\t\t\t\tLe vid\u00e9o tracking combin\u00e9 \u00e0 la g\u00e9olocalisation des terminaux peut \u00eatre utilis\u00e9 pour de nombreuses optimisations de processus dans le hall logistique. Avec le Bluetooth Low Energy (BLE) sans balises, nous avons ajout\u00e9 une autre option de localisation \u00e0 notre portefeuille qui, avec l&rsquo;application DIVIS et notre module de g\u00e9olocalisation des terminaux, Location<sup>+<\/sup>, apporte de nombreux avantages. Vous trouverez toutes les informations dans cet article.\n\t\t\t<a href=\"https:\/\/www.divis.eu\/fr\/eprouve-dans-la-pratique-location-avec-ble-sans-balises-bluetooth-low-energy\/\" target=\"_self\" role=\"button\" aria-label=\"Plus\" rel=\"noopener\">\n\t\t\t\t\t\t\tPlus\n\t\t<\/a>\n\t\t\t<ul class='page-numbers'>\n\t<li>1<\/li>\n\t<li><a href=\"https:\/\/www.divis.eu\/fr\/page\/2\/?page_id=23556&#038;fl_builder\">2<\/a><\/li>\n\t<li><a href=\"https:\/\/www.divis.eu\/fr\/page\/3\/?page_id=23556&#038;fl_builder\">3<\/a><\/li>\n\t<li><a href=\"https:\/\/www.divis.eu\/fr\/page\/2\/?page_id=23556&#038;fl_builder\">Suivant\u00a0\u00bb<\/a><\/li>\n<\/ul>\n\t\t<h3>\n\t\tArchive\n\t<\/h3>\n\t\t\t\t\t<ul id=\"menu-newsarchiv-menu-fr\"><li id=\"menu-item-25097\"><a href=\"https:\/\/www.divis.eu\/fr\/archives-des-nouvelles-divis-2021-video-surveillance-en-logistique\/\">Archives 2021<\/a><\/li>\n<li id=\"menu-item-21316\"><a href=\"https:\/\/www.divis.eu\/fr\/divis-newsarchiv-2020-videoueberwachung-in-der-logistik\/\">Archives 2020<\/a><\/li>\n<li id=\"menu-item-18105\"><a href=\"https:\/\/www.divis.eu\/fr\/archives-des-nouvelles-divis-2019-video-surveillance-en-logistique\/\">Archives 2019<\/a><\/li>\n<li id=\"menu-item-15790\"><a href=\"https:\/\/www.divis.eu\/fr\/divis-newsarchiv-2018-cctv-videoueberwachung-in-der-logistik\/\">Archives 2018<\/a><\/li>\n<li id=\"menu-item-15791\"><a href=\"https:\/\/www.divis.eu\/fr\/archives-nouvelles-divis-2017-surveillance-par-camera-de-videosurveillance-en-logistique\/\">Archives 2017<\/a><\/li>\n<\/ul>\t\n\t\t\t\t<img decoding=\"async\" src=\"https:\/\/www.divis.eu\/wp-content\/uploads\/2018\/01\/kundenlogo-CTL-1.png\" alt=\"CTL | DIVIS Kunde\" itemprop=\"image\" height=\"51\" width=\"120\" title=\"kundenlogo-CTL\" onerror=\"this.style.display='none'\"  \/>\n\t\t\t\t<img decoding=\"async\" src=\"https:\/\/www.divis.eu\/wp-content\/uploads\/2018\/01\/kundenlogo-dpd.png\" alt=\"kundenlogo-dpd\" itemprop=\"image\" height=\"51\" width=\"120\" title=\"kundenlogo-dpd\" onerror=\"this.style.display='none'\"  \/>\n\t\t\t\t<img decoding=\"async\" src=\"https:\/\/www.divis.eu\/wp-content\/uploads\/2018\/01\/kundenlogo-emons.png\" alt=\"Emons | DIVIS-Kunde\" itemprop=\"image\" height=\"51\" width=\"120\" title=\"kundenlogo-emons\" onerror=\"this.style.display='none'\"  \/>\n\t\t\t\t<img decoding=\"async\" src=\"https:\/\/www.divis.eu\/wp-content\/uploads\/2018\/01\/kundenlogo-online.png\" alt=\"kundenlogo-online\" itemprop=\"image\" height=\"51\" width=\"120\" title=\"kundenlogo-online\" onerror=\"this.style.display='none'\"  \/>\n\t\t\t\t<img decoding=\"async\" src=\"https:\/\/www.divis.eu\/wp-content\/uploads\/2018\/01\/kundenlogo-rhenus.png\" alt=\"Rhenus Logistics | DIVIS-Kunde\" title=\"kundenlogo-rhenus\" itemprop=\"image\"  \/>\n\t\t\t\t<img decoding=\"async\" src=\"https:\/\/www.divis.eu\/wp-content\/uploads\/2018\/01\/kundenlogo-tsb.png\" alt=\"kundenlogo-tsb\" itemprop=\"image\" height=\"51\" width=\"120\" title=\"kundenlogo-tsb\" onerror=\"this.style.display='none'\"  \/>\n\t\t\t\t<img decoding=\"async\" src=\"https:\/\/www.divis.eu\/wp-content\/uploads\/2018\/01\/kundenlogo-gebrueder-weiss.png\" alt=\"Gebr\u00fcder Weiss | DIVIS-Kunde\" itemprop=\"image\" height=\"51\" width=\"150\" title=\"kundenlogo-gebrueder-weiss\" onerror=\"this.style.display='none'\"  \/>\n\t\t\t\t<img decoding=\"async\" src=\"https:\/\/www.divis.eu\/wp-content\/uploads\/2018\/01\/kundenlogo-tchibo.png\" alt=\"Tchibo | DIVIS-Kunde\" title=\"kundenlogo-tchibo\" itemprop=\"image\"  \/>\n\t\t\t\t<img decoding=\"async\" src=\"https:\/\/www.divis.eu\/wp-content\/uploads\/2018\/01\/kundenlogo-24plus.png\" alt=\"kundenlogo-24plus\" itemprop=\"image\" height=\"51\" width=\"120\" title=\"kundenlogo-24plus\" onerror=\"this.style.display='none'\"  \/>\n\t\t\t\t<img decoding=\"async\" src=\"https:\/\/www.divis.eu\/wp-content\/uploads\/2018\/01\/kundenlogo-transoflex-3.png\" alt=\"kundenlogo-transoflex\" title=\"kundenlogo-transoflex\" itemprop=\"image\"  \/>\n\t\t\t\t<img decoding=\"async\" src=\"https:\/\/www.divis.eu\/wp-content\/uploads\/2018\/01\/kundenlogo-geis.png\" alt=\"Spedition Geis | DIVIS-Kunde\" title=\"kundenlogo-geis\" itemprop=\"image\"  \/>\n\t\t\t\t<img decoding=\"async\" src=\"https:\/\/www.divis.eu\/wp-content\/uploads\/2018\/01\/kundenlogo-zufall.png\" alt=\"kundenlogo-zufall\" itemprop=\"image\" height=\"51\" width=\"120\" title=\"kundenlogo-zufall\" onerror=\"this.style.display='none'\"  \/>\n\n","protected":false},"excerpt":{"rendered":"<p>Archive des nouvelles DIVIS d\u00e9cembre 19 2021 DIVIS vous souhaite d&rsquo;excellentes f\u00eates de fin d&rsquo;ann\u00e9e Un grand merci \u00e0 nos formidables clients, partenaires et collaborateurs, une vid\u00e9o amusante sur la logistique du P\u00e8re No\u00ebl assist\u00e9e par vid\u00e9o tracking et des informations int\u00e9ressantes sur les multiples projets caritatifs auxquels nous faisons un don comme chaque ann\u00e9e&hellip;<\/p>\n","protected":false},"author":1,"featured_media":0,"parent":0,"menu_order":0,"comment_status":"closed","ping_status":"closed","template":"","meta":{"footnotes":""},"class_list":["post-23556","page","type-page","status-publish","hentry"],"yoast_head":"<!-- This site is optimized with the Yoast SEO plugin v27.4 - https:\/\/yoast.com\/product\/yoast-seo-wordpress\/ -->\n<title>Vue d&#039;ensemble de DIVIS News 2021 | Vid\u00e9o surveillance en logistique<\/title>\n<meta name=\"description\" content=\"Des nouvelles int\u00e9ressantes sur DIVIS et nos produits pour le suivi des envois par cam\u00e9ra en logistique. Comparez nos solutions avec la vid\u00e9osurveillance conventionnelle ...\" \/>\n<meta name=\"robots\" content=\"index, follow, max-snippet:-1, max-image-preview:large, max-video-preview:-1\" \/>\n<link rel=\"canonical\" href=\"https:\/\/www.divis.eu\/fr\/archives-des-nouvelles-divis-2021-video-surveillance-en-logistique\/\" \/>\n<meta property=\"og:locale\" content=\"fr_FR\" \/>\n<meta property=\"og:type\" content=\"article\" \/>\n<meta property=\"og:title\" content=\"Vue d&#039;ensemble de DIVIS News 2021 | Vid\u00e9o surveillance en logistique\" \/>\n<meta property=\"og:description\" content=\"Des nouvelles int\u00e9ressantes sur DIVIS et nos produits pour le suivi des envois par cam\u00e9ra en logistique. Comparez nos solutions avec la vid\u00e9osurveillance conventionnelle ...\" \/>\n<meta property=\"og:url\" content=\"https:\/\/www.divis.eu\/fr\/archives-des-nouvelles-divis-2021-video-surveillance-en-logistique\/\" \/>\n<meta property=\"og:site_name\" content=\"DIVIS - The intelligent view\" \/>\n<meta property=\"article:modified_time\" content=\"2022-06-17T19:22:41+00:00\" \/>\n<meta property=\"og:image\" content=\"https:\/\/www.divis.eu\/wp-content\/uploads\/2021\/12\/weihnachts-nl-featured-FR.gif\" \/>\n<meta name=\"twitter:card\" content=\"summary_large_image\" \/>\n<meta name=\"twitter:label1\" content=\"Dur\u00e9e de lecture estim\u00e9e\" \/>\n\t<meta name=\"twitter:data1\" content=\"6 minutes\" \/>\n<script type=\"application\/ld+json\" class=\"yoast-schema-graph\">{\"@context\":\"https:\\\/\\\/schema.org\",\"@graph\":[{\"@type\":\"WebPage\",\"@id\":\"https:\\\/\\\/www.divis.eu\\\/fr\\\/archives-des-nouvelles-divis-2021-video-surveillance-en-logistique\\\/\",\"url\":\"https:\\\/\\\/www.divis.eu\\\/fr\\\/archives-des-nouvelles-divis-2021-video-surveillance-en-logistique\\\/\",\"name\":\"Vue d'ensemble de DIVIS News 2021 | Vid\u00e9o surveillance en logistique\",\"isPartOf\":{\"@id\":\"https:\\\/\\\/www.divis.eu\\\/#website\"},\"primaryImageOfPage\":{\"@id\":\"https:\\\/\\\/www.divis.eu\\\/fr\\\/archives-des-nouvelles-divis-2021-video-surveillance-en-logistique\\\/#primaryimage\"},\"image\":{\"@id\":\"https:\\\/\\\/www.divis.eu\\\/fr\\\/archives-des-nouvelles-divis-2021-video-surveillance-en-logistique\\\/#primaryimage\"},\"thumbnailUrl\":\"https:\\\/\\\/www.divis.eu\\\/wp-content\\\/uploads\\\/2021\\\/12\\\/weihnachts-nl-featured-FR.gif\",\"datePublished\":\"2021-10-12T16:55:27+00:00\",\"dateModified\":\"2022-06-17T19:22:41+00:00\",\"description\":\"Des nouvelles int\u00e9ressantes sur DIVIS et nos produits pour le suivi des envois par cam\u00e9ra en logistique. Comparez nos solutions avec la vid\u00e9osurveillance conventionnelle ...\",\"breadcrumb\":{\"@id\":\"https:\\\/\\\/www.divis.eu\\\/fr\\\/archives-des-nouvelles-divis-2021-video-surveillance-en-logistique\\\/#breadcrumb\"},\"inLanguage\":\"fr-FR\",\"potentialAction\":[{\"@type\":\"ReadAction\",\"target\":[\"https:\\\/\\\/www.divis.eu\\\/fr\\\/archives-des-nouvelles-divis-2021-video-surveillance-en-logistique\\\/\"]}]},{\"@type\":\"ImageObject\",\"inLanguage\":\"fr-FR\",\"@id\":\"https:\\\/\\\/www.divis.eu\\\/fr\\\/archives-des-nouvelles-divis-2021-video-surveillance-en-logistique\\\/#primaryimage\",\"url\":\"https:\\\/\\\/www.divis.eu\\\/wp-content\\\/uploads\\\/2021\\\/12\\\/weihnachts-nl-featured-FR.gif\",\"contentUrl\":\"https:\\\/\\\/www.divis.eu\\\/wp-content\\\/uploads\\\/2021\\\/12\\\/weihnachts-nl-featured-FR.gif\"},{\"@type\":\"BreadcrumbList\",\"@id\":\"https:\\\/\\\/www.divis.eu\\\/fr\\\/archives-des-nouvelles-divis-2021-video-surveillance-en-logistique\\\/#breadcrumb\",\"itemListElement\":[{\"@type\":\"ListItem\",\"position\":1,\"name\":\"Startseite\",\"item\":\"https:\\\/\\\/www.divis.eu\\\/fr\\\/\"},{\"@type\":\"ListItem\",\"position\":2,\"name\":\"Archives des nouvelles DIVIS 2021 | Vid\u00e9o surveillance en logistique\"}]},{\"@type\":\"WebSite\",\"@id\":\"https:\\\/\\\/www.divis.eu\\\/#website\",\"url\":\"https:\\\/\\\/www.divis.eu\\\/\",\"name\":\"DIVIS - The intelligent view\",\"description\":\"Videosysteml\u00f6sungen f\u00fcr Umschlags- und Warenlager\",\"potentialAction\":[{\"@type\":\"SearchAction\",\"target\":{\"@type\":\"EntryPoint\",\"urlTemplate\":\"https:\\\/\\\/www.divis.eu\\\/?s={search_term_string}\"},\"query-input\":{\"@type\":\"PropertyValueSpecification\",\"valueRequired\":true,\"valueName\":\"search_term_string\"}}],\"inLanguage\":\"fr-FR\"}]}<\/script>\n<!-- \/ Yoast SEO plugin. -->","yoast_head_json":{"title":"Vue d'ensemble de DIVIS News 2021 | Vid\u00e9o surveillance en logistique","description":"Des nouvelles int\u00e9ressantes sur DIVIS et nos produits pour le suivi des envois par cam\u00e9ra en logistique. Comparez nos solutions avec la vid\u00e9osurveillance conventionnelle ...","robots":{"index":"index","follow":"follow","max-snippet":"max-snippet:-1","max-image-preview":"max-image-preview:large","max-video-preview":"max-video-preview:-1"},"canonical":"https:\/\/www.divis.eu\/fr\/archives-des-nouvelles-divis-2021-video-surveillance-en-logistique\/","og_locale":"fr_FR","og_type":"article","og_title":"Vue d'ensemble de DIVIS News 2021 | Vid\u00e9o surveillance en logistique","og_description":"Des nouvelles int\u00e9ressantes sur DIVIS et nos produits pour le suivi des envois par cam\u00e9ra en logistique. Comparez nos solutions avec la vid\u00e9osurveillance conventionnelle ...","og_url":"https:\/\/www.divis.eu\/fr\/archives-des-nouvelles-divis-2021-video-surveillance-en-logistique\/","og_site_name":"DIVIS - The intelligent view","article_modified_time":"2022-06-17T19:22:41+00:00","og_image":[{"url":"https:\/\/www.divis.eu\/wp-content\/uploads\/2021\/12\/weihnachts-nl-featured-FR.gif","type":"","width":"","height":""}],"twitter_card":"summary_large_image","twitter_misc":{"Dur\u00e9e de lecture estim\u00e9e":"6 minutes"},"schema":{"@context":"https:\/\/schema.org","@graph":[{"@type":"WebPage","@id":"https:\/\/www.divis.eu\/fr\/archives-des-nouvelles-divis-2021-video-surveillance-en-logistique\/","url":"https:\/\/www.divis.eu\/fr\/archives-des-nouvelles-divis-2021-video-surveillance-en-logistique\/","name":"Vue d'ensemble de DIVIS News 2021 | Vid\u00e9o surveillance en logistique","isPartOf":{"@id":"https:\/\/www.divis.eu\/#website"},"primaryImageOfPage":{"@id":"https:\/\/www.divis.eu\/fr\/archives-des-nouvelles-divis-2021-video-surveillance-en-logistique\/#primaryimage"},"image":{"@id":"https:\/\/www.divis.eu\/fr\/archives-des-nouvelles-divis-2021-video-surveillance-en-logistique\/#primaryimage"},"thumbnailUrl":"https:\/\/www.divis.eu\/wp-content\/uploads\/2021\/12\/weihnachts-nl-featured-FR.gif","datePublished":"2021-10-12T16:55:27+00:00","dateModified":"2022-06-17T19:22:41+00:00","description":"Des nouvelles int\u00e9ressantes sur DIVIS et nos produits pour le suivi des envois par cam\u00e9ra en logistique. Comparez nos solutions avec la vid\u00e9osurveillance conventionnelle ...","breadcrumb":{"@id":"https:\/\/www.divis.eu\/fr\/archives-des-nouvelles-divis-2021-video-surveillance-en-logistique\/#breadcrumb"},"inLanguage":"fr-FR","potentialAction":[{"@type":"ReadAction","target":["https:\/\/www.divis.eu\/fr\/archives-des-nouvelles-divis-2021-video-surveillance-en-logistique\/"]}]},{"@type":"ImageObject","inLanguage":"fr-FR","@id":"https:\/\/www.divis.eu\/fr\/archives-des-nouvelles-divis-2021-video-surveillance-en-logistique\/#primaryimage","url":"https:\/\/www.divis.eu\/wp-content\/uploads\/2021\/12\/weihnachts-nl-featured-FR.gif","contentUrl":"https:\/\/www.divis.eu\/wp-content\/uploads\/2021\/12\/weihnachts-nl-featured-FR.gif"},{"@type":"BreadcrumbList","@id":"https:\/\/www.divis.eu\/fr\/archives-des-nouvelles-divis-2021-video-surveillance-en-logistique\/#breadcrumb","itemListElement":[{"@type":"ListItem","position":1,"name":"Startseite","item":"https:\/\/www.divis.eu\/fr\/"},{"@type":"ListItem","position":2,"name":"Archives des nouvelles DIVIS 2021 | Vid\u00e9o surveillance en logistique"}]},{"@type":"WebSite","@id":"https:\/\/www.divis.eu\/#website","url":"https:\/\/www.divis.eu\/","name":"DIVIS - The intelligent view","description":"Videosysteml\u00f6sungen f\u00fcr Umschlags- und Warenlager","potentialAction":[{"@type":"SearchAction","target":{"@type":"EntryPoint","urlTemplate":"https:\/\/www.divis.eu\/?s={search_term_string}"},"query-input":{"@type":"PropertyValueSpecification","valueRequired":true,"valueName":"search_term_string"}}],"inLanguage":"fr-FR"}]}},"_links":{"self":[{"href":"https:\/\/www.divis.eu\/fr\/wp-json\/wp\/v2\/pages\/23556","targetHints":{"allow":["GET"]}}],"collection":[{"href":"https:\/\/www.divis.eu\/fr\/wp-json\/wp\/v2\/pages"}],"about":[{"href":"https:\/\/www.divis.eu\/fr\/wp-json\/wp\/v2\/types\/page"}],"author":[{"embeddable":true,"href":"https:\/\/www.divis.eu\/fr\/wp-json\/wp\/v2\/users\/1"}],"replies":[{"embeddable":true,"href":"https:\/\/www.divis.eu\/fr\/wp-json\/wp\/v2\/comments?post=23556"}],"version-history":[{"count":0,"href":"https:\/\/www.divis.eu\/fr\/wp-json\/wp\/v2\/pages\/23556\/revisions"}],"wp:attachment":[{"href":"https:\/\/www.divis.eu\/fr\/wp-json\/wp\/v2\/media?parent=23556"}],"curies":[{"name":"wp","href":"https:\/\/api.w.org\/{rel}","templated":true}]}}