{"id":30507,"date":"2022-12-10T15:33:20","date_gmt":"2022-12-10T15:33:20","guid":{"rendered":"https:\/\/www.divis.eu\/divis-newsarchiv-2022-videoueberwachung-in-der-logistik\/"},"modified":"2022-12-10T20:33:32","modified_gmt":"2022-12-10T20:33:32","slug":"archives-des-nouvelles-divis-2022-video-surveillance-en-logistique","status":"publish","type":"page","link":"https:\/\/www.divis.eu\/fr\/archives-des-nouvelles-divis-2022-video-surveillance-en-logistique\/","title":{"rendered":"Archives des nouvelles DIVIS 2022 | Vid\u00e9o surveillance en logistique"},"content":{"rendered":"\n<h1>\n\t\tNews Archive 2020\n\t<\/h1>\n\t\t\t\t\t\t\t\t\t\t\t\t\t\t<a href=\"https:\/\/www.divis.eu\/en\/business-year-2022-european-operations-expanded-new-record\/\" target=\"_self\" title=\"Business year 2022: European operations expanded, new record\" rel=\"noopener\">\n\t\t\t\t<img decoding=\"async\" src=\"https:\/\/www.divis.eu\/wp-content\/uploads\/2022\/12\/divis-timeline2022-featured-EN.jpg\" alt=\"\">\n\t\t\t\t<\/a>\n\t\t\t\t\t\t<h2>\n\t\t\t\t\t\t\t\tDecember\t\t\t\t\t\t\t\t\n\t\t\t\t\t\t\t\t6\n\t\t\t\t\t\t\t\t2022\n\t\t\t\t\t\t<\/h2>\n\t\t\t\t\t\t<h4>\n\t\t\t\t<a href=\"https:\/\/www.divis.eu\/en\/business-year-2022-european-operations-expanded-new-record\/\" title=\"Business year 2022: European operations expanded, new record\" tabindex=\"0\">Business year 2022: European operations expanded, new record<\/a>\t\t\t<\/h4>\n\t\t\t\t\t\t\t\tIn our interesting review of the 2022 business year, we take a look at the successes and highlights. There is a lot to report from the past months about new clients and projects, team growth and further developments at DIVIS. Take a look right now!\n\t\t\t<a href=\"https:\/\/www.divis.eu\/en\/business-year-2022-european-operations-expanded-new-record\/\" target=\"_self\" role=\"button\" aria-label=\"Read more\" rel=\"noopener\">\n\t\t\t\t\t\t\tRead more\n\t\t<\/a>\n\t\t\t\t\t\t\t\t\t\t\t\t\t\t<a href=\"https:\/\/www.divis.eu\/en\/divis-annual-review-2022-discover-our-location-explorer-and-new-employees\/\" target=\"_self\" title=\"DIVIS annual review 2022, discover our location explorer and new employees\" rel=\"noopener\">\n\t\t\t\t<img decoding=\"async\" src=\"https:\/\/www.divis.eu\/wp-content\/uploads\/2022\/12\/newsletter-1202022-featured-en-3.jpg\" alt=\"DIVIS Newsletter November 2022\">\n\t\t\t\t<\/a>\n\t\t\t\t\t\t<h2>\n\t\t\t\t\t\t\t\tDecember\t\t\t\t\t\t\t\t\n\t\t\t\t\t\t\t\t6\n\t\t\t\t\t\t\t\t2022\n\t\t\t\t\t\t<\/h2>\n\t\t\t\t\t\t<h4>\n\t\t\t\t<a href=\"https:\/\/www.divis.eu\/en\/divis-annual-review-2022-discover-our-location-explorer-and-new-employees\/\" title=\"DIVIS annual review 2022, discover our location explorer and new employees\" tabindex=\"0\">DIVIS annual review 2022, discover our location explorer and new employees<\/a>\t\t\t<\/h4>\n\t\t\t\t\t\t\t\tDo you already know our locating explorer? Discover the potential of locating for your logistics company! Our annual review offers an interesting summary of the very successful year 2022 and we introduce a new employee today.\n\t\t\t<a href=\"https:\/\/www.divis.eu\/en\/divis-annual-review-2022-discover-our-location-explorer-and-new-employees\/\" target=\"_self\" role=\"button\" aria-label=\"Read more\" rel=\"noopener\">\n\t\t\t\t\t\t\tRead more\n\t\t<\/a>\n\t\t\t\t\t\t\t\t\t\t\t\t\t\t<a href=\"https:\/\/www.divis.eu\/en\/tagless-ble-location-at-loxx-location-explorer-divis-business-talk\/\" target=\"_self\" title=\"Tagless BLE location at LOXX, location explorer, DIVIS business talk&nbsp;\" rel=\"noopener\">\n\t\t\t\t<img decoding=\"async\" src=\"https:\/\/www.divis.eu\/wp-content\/uploads\/2022\/11\/divis-newsletter-featured-112022-en.jpg\" alt=\"\">\n\t\t\t\t<\/a>\n\t\t\t\t\t\t<h2>\n\t\t\t\t\t\t\t\tNovember\t\t\t\t\t\t\t\t\n\t\t\t\t\t\t\t\t8\n\t\t\t\t\t\t\t\t2022\n\t\t\t\t\t\t<\/h2>\n\t\t\t\t\t\t<h4>\n\t\t\t\t<a href=\"https:\/\/www.divis.eu\/en\/tagless-ble-location-at-loxx-location-explorer-divis-business-talk\/\" title=\"Tagless BLE location at LOXX, location explorer, DIVIS business talk&nbsp;\" tabindex=\"0\">Tagless BLE location at LOXX, location explorer, DIVIS business talk&nbsp;<\/a>\t\t\t<\/h4>\n\t\t\t\t\t\t\t\tDiscover the potential of location for your logistics company with the location explorer. LOXX Lagerlogistik GmbH from Gelsenkirchen has already optimised its processes with tagless BLE locating. More about that in our case study. And in the Business Talk today: The latest projects at DIVIS.\n\t\t\t<a href=\"https:\/\/www.divis.eu\/en\/tagless-ble-location-at-loxx-location-explorer-divis-business-talk\/\" target=\"_self\" role=\"button\" aria-label=\"Read more\" rel=\"noopener\">\n\t\t\t\t\t\t\tRead more\n\t\t<\/a>\n\t\t\t\t\t\t\t\t\t\t\t\t\t\t<a href=\"https:\/\/www.divis.eu\/en\/divis-business-talk-november-2022\/\" target=\"_self\" title=\"DIVIS Business Talk November 2022\" rel=\"noopener\">\n\t\t\t\t<img decoding=\"async\" src=\"https:\/\/www.divis.eu\/wp-content\/uploads\/2022\/10\/business-talk-featured-en.jpg\" alt=\"DIVIS Business Talk | Video Management for Logistics\">\n\t\t\t\t<\/a>\n\t\t\t\t\t\t<h2>\n\t\t\t\t\t\t\t\tNovember\t\t\t\t\t\t\t\t\n\t\t\t\t\t\t\t\t6\n\t\t\t\t\t\t\t\t2022\n\t\t\t\t\t\t<\/h2>\n\t\t\t\t\t\t<h4>\n\t\t\t\t<a href=\"https:\/\/www.divis.eu\/en\/divis-business-talk-november-2022\/\" title=\"DIVIS Business Talk November 2022\" tabindex=\"0\">DIVIS Business Talk November 2022<\/a>\t\t\t<\/h4>\n\t\t\t\t\t\t\t\tLeman, FIEGE Logistik Stiftung &amp; Co. KG and Hammer GmbH &amp; Co. KG have recently decided to work with DIVIS. Learn more about the background in the DIVIS Business Talk.\n\t\t\t<a href=\"https:\/\/www.divis.eu\/en\/divis-business-talk-november-2022\/\" target=\"_self\" role=\"button\" aria-label=\"Read more\" rel=\"noopener\">\n\t\t\t\t\t\t\tRead more\n\t\t<\/a>\n\t\t\t\t\t\t\t\t\t\t\t\t\t\t<a href=\"https:\/\/www.divis.eu\/en\/divis-business-talk-october-2022\/\" target=\"_self\" title=\"DIVIS Business Talk October 2022\" rel=\"noopener\">\n\t\t\t\t<img decoding=\"async\" src=\"https:\/\/www.divis.eu\/wp-content\/uploads\/2022\/10\/business-talk-featured-en.jpg\" alt=\"DIVIS Business Talk | Video Management for Logistics\">\n\t\t\t\t<\/a>\n\t\t\t\t\t\t<h2>\n\t\t\t\t\t\t\t\tOctober\t\t\t\t\t\t\t\t\n\t\t\t\t\t\t\t\t10\n\t\t\t\t\t\t\t\t2022\n\t\t\t\t\t\t<\/h2>\n\t\t\t\t\t\t<h4>\n\t\t\t\t<a href=\"https:\/\/www.divis.eu\/en\/divis-business-talk-october-2022\/\" title=\"DIVIS Business Talk October 2022\" tabindex=\"0\">DIVIS Business Talk October 2022<\/a>\t\t\t<\/h4>\n\t\t\t\t\t\t\t\tFind out more about our cooperation with the French family-owned company DGS Transports and other interesting news about our projects and partnerships.\n\t\t\t<a href=\"https:\/\/www.divis.eu\/en\/divis-business-talk-october-2022\/\" target=\"_self\" role=\"button\" aria-label=\"Read more\" rel=\"noopener\">\n\t\t\t\t\t\t\tRead more\n\t\t<\/a>\n\t\t\t\t\t\t\t\t\t\t\t\t\t\t<a href=\"https:\/\/www.divis.eu\/en\/find-the-best-indoor-locating-system-in-five-easy-steps\/\" target=\"_self\" title=\"Find the best indoor locating system in five easy steps\" rel=\"noopener\">\n\t\t\t\t<img decoding=\"async\" src=\"https:\/\/www.divis.eu\/wp-content\/uploads\/2022\/10\/divis-newsletter-102022-EN.jpg\" alt=\"\">\n\t\t\t\t<\/a>\n\t\t\t\t\t\t<h2>\n\t\t\t\t\t\t\t\tOctober\t\t\t\t\t\t\t\t\n\t\t\t\t\t\t\t\t10\n\t\t\t\t\t\t\t\t2022\n\t\t\t\t\t\t<\/h2>\n\t\t\t\t\t\t<h4>\n\t\t\t\t<a href=\"https:\/\/www.divis.eu\/en\/find-the-best-indoor-locating-system-in-five-easy-steps\/\" title=\"Find the best indoor locating system in five easy steps\" tabindex=\"0\">Find the best indoor locating system in five easy steps<\/a>\t\t\t<\/h4>\n\t\t\t\t\t\t\t\tLearn what you need to consider in order to choose the right indoor locating system for your needs. Also, read more today about our new project with DGS Transports from France.\n\t\t\t<a href=\"https:\/\/www.divis.eu\/en\/find-the-best-indoor-locating-system-in-five-easy-steps\/\" target=\"_self\" role=\"button\" aria-label=\"Read more\" rel=\"noopener\">\n\t\t\t\t\t\t\tRead more\n\t\t<\/a>\n\t\t\t<ul class=\"page-numbers\">\n\t<li>1<\/li>\n\t<li><a href=\"https:\/\/www.divis.eu\/en\/page\/2\/?page_id=30505&amp;fl_builder\">2<\/a><\/li>\n\t<li><a href=\"https:\/\/www.divis.eu\/en\/page\/3\/?page_id=30505&amp;fl_builder\">3<\/a><\/li>\n\t<li><a href=\"https:\/\/www.divis.eu\/en\/page\/4\/?page_id=30505&amp;fl_builder\">4<\/a><\/li>\n\t<li><a href=\"https:\/\/www.divis.eu\/en\/page\/2\/?page_id=30505&amp;fl_builder\">Next \u00bb<\/a><\/li>\n<\/ul>\n\t\t<h3>\n\t\tArchive\n\t<\/h3>\n\t\t\t\t\t<ul id=\"menu-newsarchiv-menu-english\"><li id=\"menu-item-25096\"><a href=\"https:\/\/www.divis.eu\/fr\/archives-des-nouvelles-divis-2021-video-surveillance-en-logistique\/\">News Archive 2021<\/a><\/li>\n<li id=\"menu-item-21311\"><a href=\"https:\/\/www.divis.eu\/fr\/divis-newsarchiv-2020-videoueberwachung-in-der-logistik\/\">News Archive 2020<\/a><\/li>\n<li id=\"menu-item-18110\"><a href=\"https:\/\/www.divis.eu\/fr\/archives-des-nouvelles-divis-2019-video-surveillance-en-logistique\/\">News Archive 2019<\/a><\/li>\n<li id=\"menu-item-12982\"><a href=\"https:\/\/www.divis.eu\/fr\/divis-newsarchiv-2018-cctv-videoueberwachung-in-der-logistik\/\">News Archive 2018<\/a><\/li>\n<li id=\"menu-item-7363\"><a href=\"https:\/\/www.divis.eu\/fr\/archives-nouvelles-divis-2017-surveillance-par-camera-de-videosurveillance-en-logistique\/\">News Archive 2017<\/a><\/li>\n<li id=\"menu-item-7369\"><a href=\"https:\/\/www.divis.eu\/en\/news-archive-2016-goods-tracking-warehouse\/\">News Archive 2016<\/a><\/li>\n<li id=\"menu-item-15807\"><a href=\"https:\/\/www.divis.eu\/en\/divis-news-archive-2015-goods-tracking-in-the-warehouse\/\">News Archive 2015<\/a><\/li>\n<li id=\"menu-item-15806\"><a href=\"https:\/\/www.divis.eu\/en\/divis-news-archive-2014-cctv-camera-surveillance-in-logistics\/\">News Archive 2014<\/a><\/li>\n<li id=\"menu-item-15810\"><a href=\"https:\/\/www.divis.eu\/en\/divis-news-archive-2013-goods-tracking-in-the-warehouse\/\">News Archive 2013<\/a><\/li>\n<\/ul>\n","protected":false},"excerpt":{"rendered":"<p>News Archive 2020 December 6 2022 Business year 2022: European operations expanded, new record In our interesting review of the 2022 business year, we take a look at the successes and highlights. There is a lot to report from the past months about new clients and projects, team growth and further developments at DIVIS. Take&hellip;<\/p>\n","protected":false},"author":1,"featured_media":0,"parent":0,"menu_order":0,"comment_status":"closed","ping_status":"closed","template":"","meta":{"footnotes":""},"class_list":["post-30507","page","type-page","status-publish","hentry"],"yoast_head":"<!-- This site is optimized with the Yoast SEO plugin v27.4 - https:\/\/yoast.com\/product\/yoast-seo-wordpress\/ -->\n<title>Vue d&#039;ensemble de DIVIS News 2022 | Vid\u00e9o surveillance en logistique<\/title>\n<meta name=\"description\" content=\"Des nouvelles int\u00e9ressantes sur DIVIS et nos produits pour le suivi des envois par cam\u00e9ra en logistique. Comparez nos solutions avec la vid\u00e9osurveillance conventionnelle ...\" \/>\n<meta name=\"robots\" content=\"index, follow, max-snippet:-1, max-image-preview:large, max-video-preview:-1\" \/>\n<link rel=\"canonical\" href=\"https:\/\/www.divis.eu\/fr\/archives-des-nouvelles-divis-2022-video-surveillance-en-logistique\/\" \/>\n<meta property=\"og:locale\" content=\"fr_FR\" \/>\n<meta property=\"og:type\" content=\"article\" \/>\n<meta property=\"og:title\" content=\"Vue d&#039;ensemble de DIVIS News 2022 | Vid\u00e9o surveillance en logistique\" \/>\n<meta property=\"og:description\" content=\"Des nouvelles int\u00e9ressantes sur DIVIS et nos produits pour le suivi des envois par cam\u00e9ra en logistique. Comparez nos solutions avec la vid\u00e9osurveillance conventionnelle ...\" \/>\n<meta property=\"og:url\" content=\"https:\/\/www.divis.eu\/fr\/archives-des-nouvelles-divis-2022-video-surveillance-en-logistique\/\" \/>\n<meta property=\"og:site_name\" content=\"DIVIS - The intelligent view\" \/>\n<meta property=\"article:modified_time\" content=\"2022-12-10T20:33:32+00:00\" \/>\n<meta property=\"og:image\" content=\"https:\/\/www.divis.eu\/wp-content\/uploads\/2022\/12\/divis-timeline2022-featured-EN.jpg\" \/>\n<meta name=\"twitter:card\" content=\"summary_large_image\" \/>\n<meta name=\"twitter:label1\" content=\"Dur\u00e9e de lecture estim\u00e9e\" \/>\n\t<meta name=\"twitter:data1\" content=\"3 minutes\" \/>\n<script type=\"application\/ld+json\" class=\"yoast-schema-graph\">{\"@context\":\"https:\\\/\\\/schema.org\",\"@graph\":[{\"@type\":\"WebPage\",\"@id\":\"https:\\\/\\\/www.divis.eu\\\/fr\\\/archives-des-nouvelles-divis-2022-video-surveillance-en-logistique\\\/\",\"url\":\"https:\\\/\\\/www.divis.eu\\\/fr\\\/archives-des-nouvelles-divis-2022-video-surveillance-en-logistique\\\/\",\"name\":\"Vue d'ensemble de DIVIS News 2022 | Vid\u00e9o surveillance en logistique\",\"isPartOf\":{\"@id\":\"https:\\\/\\\/www.divis.eu\\\/#website\"},\"primaryImageOfPage\":{\"@id\":\"https:\\\/\\\/www.divis.eu\\\/fr\\\/archives-des-nouvelles-divis-2022-video-surveillance-en-logistique\\\/#primaryimage\"},\"image\":{\"@id\":\"https:\\\/\\\/www.divis.eu\\\/fr\\\/archives-des-nouvelles-divis-2022-video-surveillance-en-logistique\\\/#primaryimage\"},\"thumbnailUrl\":\"https:\\\/\\\/www.divis.eu\\\/wp-content\\\/uploads\\\/2022\\\/12\\\/divis-timeline2022-featured-EN.jpg\",\"datePublished\":\"2022-12-10T15:33:20+00:00\",\"dateModified\":\"2022-12-10T20:33:32+00:00\",\"description\":\"Des nouvelles int\u00e9ressantes sur DIVIS et nos produits pour le suivi des envois par cam\u00e9ra en logistique. Comparez nos solutions avec la vid\u00e9osurveillance conventionnelle ...\",\"breadcrumb\":{\"@id\":\"https:\\\/\\\/www.divis.eu\\\/fr\\\/archives-des-nouvelles-divis-2022-video-surveillance-en-logistique\\\/#breadcrumb\"},\"inLanguage\":\"fr-FR\",\"potentialAction\":[{\"@type\":\"ReadAction\",\"target\":[\"https:\\\/\\\/www.divis.eu\\\/fr\\\/archives-des-nouvelles-divis-2022-video-surveillance-en-logistique\\\/\"]}]},{\"@type\":\"ImageObject\",\"inLanguage\":\"fr-FR\",\"@id\":\"https:\\\/\\\/www.divis.eu\\\/fr\\\/archives-des-nouvelles-divis-2022-video-surveillance-en-logistique\\\/#primaryimage\",\"url\":\"https:\\\/\\\/www.divis.eu\\\/wp-content\\\/uploads\\\/2022\\\/12\\\/divis-timeline2022-featured-EN.jpg\",\"contentUrl\":\"https:\\\/\\\/www.divis.eu\\\/wp-content\\\/uploads\\\/2022\\\/12\\\/divis-timeline2022-featured-EN.jpg\"},{\"@type\":\"BreadcrumbList\",\"@id\":\"https:\\\/\\\/www.divis.eu\\\/fr\\\/archives-des-nouvelles-divis-2022-video-surveillance-en-logistique\\\/#breadcrumb\",\"itemListElement\":[{\"@type\":\"ListItem\",\"position\":1,\"name\":\"Startseite\",\"item\":\"https:\\\/\\\/www.divis.eu\\\/fr\\\/\"},{\"@type\":\"ListItem\",\"position\":2,\"name\":\"Archives des nouvelles DIVIS 2022 | Vid\u00e9o surveillance en logistique\"}]},{\"@type\":\"WebSite\",\"@id\":\"https:\\\/\\\/www.divis.eu\\\/#website\",\"url\":\"https:\\\/\\\/www.divis.eu\\\/\",\"name\":\"DIVIS - The intelligent view\",\"description\":\"Videosysteml\u00f6sungen f\u00fcr Umschlags- und Warenlager\",\"potentialAction\":[{\"@type\":\"SearchAction\",\"target\":{\"@type\":\"EntryPoint\",\"urlTemplate\":\"https:\\\/\\\/www.divis.eu\\\/?s={search_term_string}\"},\"query-input\":{\"@type\":\"PropertyValueSpecification\",\"valueRequired\":true,\"valueName\":\"search_term_string\"}}],\"inLanguage\":\"fr-FR\"}]}<\/script>\n<!-- \/ Yoast SEO plugin. -->","yoast_head_json":{"title":"Vue d'ensemble de DIVIS News 2022 | Vid\u00e9o surveillance en logistique","description":"Des nouvelles int\u00e9ressantes sur DIVIS et nos produits pour le suivi des envois par cam\u00e9ra en logistique. Comparez nos solutions avec la vid\u00e9osurveillance conventionnelle ...","robots":{"index":"index","follow":"follow","max-snippet":"max-snippet:-1","max-image-preview":"max-image-preview:large","max-video-preview":"max-video-preview:-1"},"canonical":"https:\/\/www.divis.eu\/fr\/archives-des-nouvelles-divis-2022-video-surveillance-en-logistique\/","og_locale":"fr_FR","og_type":"article","og_title":"Vue d'ensemble de DIVIS News 2022 | Vid\u00e9o surveillance en logistique","og_description":"Des nouvelles int\u00e9ressantes sur DIVIS et nos produits pour le suivi des envois par cam\u00e9ra en logistique. Comparez nos solutions avec la vid\u00e9osurveillance conventionnelle ...","og_url":"https:\/\/www.divis.eu\/fr\/archives-des-nouvelles-divis-2022-video-surveillance-en-logistique\/","og_site_name":"DIVIS - The intelligent view","article_modified_time":"2022-12-10T20:33:32+00:00","og_image":[{"url":"https:\/\/www.divis.eu\/wp-content\/uploads\/2022\/12\/divis-timeline2022-featured-EN.jpg","type":"","width":"","height":""}],"twitter_card":"summary_large_image","twitter_misc":{"Dur\u00e9e de lecture estim\u00e9e":"3 minutes"},"schema":{"@context":"https:\/\/schema.org","@graph":[{"@type":"WebPage","@id":"https:\/\/www.divis.eu\/fr\/archives-des-nouvelles-divis-2022-video-surveillance-en-logistique\/","url":"https:\/\/www.divis.eu\/fr\/archives-des-nouvelles-divis-2022-video-surveillance-en-logistique\/","name":"Vue d'ensemble de DIVIS News 2022 | Vid\u00e9o surveillance en logistique","isPartOf":{"@id":"https:\/\/www.divis.eu\/#website"},"primaryImageOfPage":{"@id":"https:\/\/www.divis.eu\/fr\/archives-des-nouvelles-divis-2022-video-surveillance-en-logistique\/#primaryimage"},"image":{"@id":"https:\/\/www.divis.eu\/fr\/archives-des-nouvelles-divis-2022-video-surveillance-en-logistique\/#primaryimage"},"thumbnailUrl":"https:\/\/www.divis.eu\/wp-content\/uploads\/2022\/12\/divis-timeline2022-featured-EN.jpg","datePublished":"2022-12-10T15:33:20+00:00","dateModified":"2022-12-10T20:33:32+00:00","description":"Des nouvelles int\u00e9ressantes sur DIVIS et nos produits pour le suivi des envois par cam\u00e9ra en logistique. Comparez nos solutions avec la vid\u00e9osurveillance conventionnelle ...","breadcrumb":{"@id":"https:\/\/www.divis.eu\/fr\/archives-des-nouvelles-divis-2022-video-surveillance-en-logistique\/#breadcrumb"},"inLanguage":"fr-FR","potentialAction":[{"@type":"ReadAction","target":["https:\/\/www.divis.eu\/fr\/archives-des-nouvelles-divis-2022-video-surveillance-en-logistique\/"]}]},{"@type":"ImageObject","inLanguage":"fr-FR","@id":"https:\/\/www.divis.eu\/fr\/archives-des-nouvelles-divis-2022-video-surveillance-en-logistique\/#primaryimage","url":"https:\/\/www.divis.eu\/wp-content\/uploads\/2022\/12\/divis-timeline2022-featured-EN.jpg","contentUrl":"https:\/\/www.divis.eu\/wp-content\/uploads\/2022\/12\/divis-timeline2022-featured-EN.jpg"},{"@type":"BreadcrumbList","@id":"https:\/\/www.divis.eu\/fr\/archives-des-nouvelles-divis-2022-video-surveillance-en-logistique\/#breadcrumb","itemListElement":[{"@type":"ListItem","position":1,"name":"Startseite","item":"https:\/\/www.divis.eu\/fr\/"},{"@type":"ListItem","position":2,"name":"Archives des nouvelles DIVIS 2022 | Vid\u00e9o surveillance en logistique"}]},{"@type":"WebSite","@id":"https:\/\/www.divis.eu\/#website","url":"https:\/\/www.divis.eu\/","name":"DIVIS - The intelligent view","description":"Videosysteml\u00f6sungen f\u00fcr Umschlags- und Warenlager","potentialAction":[{"@type":"SearchAction","target":{"@type":"EntryPoint","urlTemplate":"https:\/\/www.divis.eu\/?s={search_term_string}"},"query-input":{"@type":"PropertyValueSpecification","valueRequired":true,"valueName":"search_term_string"}}],"inLanguage":"fr-FR"}]}},"_links":{"self":[{"href":"https:\/\/www.divis.eu\/fr\/wp-json\/wp\/v2\/pages\/30507","targetHints":{"allow":["GET"]}}],"collection":[{"href":"https:\/\/www.divis.eu\/fr\/wp-json\/wp\/v2\/pages"}],"about":[{"href":"https:\/\/www.divis.eu\/fr\/wp-json\/wp\/v2\/types\/page"}],"author":[{"embeddable":true,"href":"https:\/\/www.divis.eu\/fr\/wp-json\/wp\/v2\/users\/1"}],"replies":[{"embeddable":true,"href":"https:\/\/www.divis.eu\/fr\/wp-json\/wp\/v2\/comments?post=30507"}],"version-history":[{"count":0,"href":"https:\/\/www.divis.eu\/fr\/wp-json\/wp\/v2\/pages\/30507\/revisions"}],"wp:attachment":[{"href":"https:\/\/www.divis.eu\/fr\/wp-json\/wp\/v2\/media?parent=30507"}],"curies":[{"name":"wp","href":"https:\/\/api.w.org\/{rel}","templated":true}]}}