{"id":4580,"date":"2017-11-02T22:11:58","date_gmt":"2017-11-02T22:11:58","guid":{"rendered":"https:\/\/www.divis.eu\/?page_id=4580"},"modified":"2026-02-08T01:45:44","modified_gmt":"2026-02-08T01:45:44","slug":"startseite","status":"publish","type":"page","link":"https:\/\/www.divis.eu\/fr\/","title":{"rendered":"Page d&rsquo;accueil"},"content":{"rendered":"\n\n\t<a href=\"https:\/\/www.divis.eu\/fr\/divis-gestion-video-dans-les-entrepots-et-les-depots-avantage-client\/\" target=\"_self\"  aria-label=\"Go to https:\/\/www.divis.eu\/fr\/divis-gestion-video-dans-les-entrepots-et-les-depots-avantage-client\/\"><\/a>\n\t\tAVANTAGE CLIENT\t\t\t\n\t\t\t\t<p>Rentabilit\u00e9, flexibilit\u00e9 et fiabilit\u00e9 gr\u00e2ce \u00e0 plus de transparence<\/p>\n\t<a href=\"https:\/\/www.divis.eu\/fr\/solutions-de-videosurveillance-pour-la-logistique-distributeur-de-produits\/\" target=\"_self\"  aria-label=\"Go to https:\/\/www.divis.eu\/fr\/solutions-de-videosurveillance-pour-la-logistique-distributeur-de-produits\/\"><\/a>\n\t\tSOLUTIONS\t\t\t\n\t\t\t\t<p>DIVIS d\u00e9veloppe des solutions vid\u00e9o pour le transbordement de marchandises palettis\u00e9es et des services de colis<\/p>\n\t<a href=\"https:\/\/www.divis.eu\/fr\/divis-surveillance-video-pour-la-logistique-a-propos-de-nous\/\" target=\"_self\"  aria-label=\"Go to https:\/\/www.divis.eu\/fr\/divis-surveillance-video-pour-la-logistique-a-propos-de-nous\/\"><\/a>\n\t\t\u00c0 PROPOS DE DIVIS\t\t\t\n\t\t\t\t<p>La base de notre succ\u00e8s : plus de 20 ans d&rsquo;exp\u00e9rience &amp; une \u00e9quipe innovante<\/p>\n\t\t\t\t<a href=\"https:\/\/www.divis-jobs.eu\/en\/\" target=\"_blank\" rel=\"noopener\" itemprop=\"url\">\n\t\t\t\t<img decoding=\"async\" src=\"https:\/\/www.divis.eu\/wp-content\/uploads\/2019\/01\/sprechblase-stellenangebote-FR.png\" alt=\"Nous nous embauchons\" title=\"sprechblase-stellenangebote-FR\" itemprop=\"image\"  \/>\n\t\t\t\t\t\t<\/a>\n\t\t\t\t<a href=\"https:\/\/www.divis.eu\/fr\/mesure-automatique-de-volume-pour-la-logistique-avec-dimension\/\" target=\"_self\"  itemprop=\"url\">\n\t\t\t\t<img decoding=\"async\" src=\"https:\/\/www.divis.eu\/wp-content\/uploads\/2024\/09\/dimension_plus_releasebanner-fr-2.jpg\" alt=\"dimension_plus_releasebanner-fr\" title=\"dimension_plus_releasebanner-fr\" itemprop=\"image\"  \/>\n\t\t\t\t\t\t<\/a>\n\t\t\t\t<a href=\"https:\/\/www.divis.eu\/fr\/dgs-transports-solution-cargovis-geolocalisation-indoor\/\" target=\"_self\"  itemprop=\"url\">\n\t\t\t\t<img decoding=\"async\" src=\"https:\/\/www.divis.eu\/wp-content\/uploads\/2024\/09\/banner-ab-dgs-divis-FR.jpg\" alt=\"banner-ab-dgs-divis-FR\" title=\"banner-ab-dgs-divis-FR\" itemprop=\"image\"  \/>\n\t\t\t\t\t\t<\/a>\n\t\t\t\t<a href=\"https:\/\/www.divis.eu\/fr\/dgs-transports-solution-cargovis-geolocalisation-indoor\/\" title=\"DGS Transports s'offre une qualit\u00e9 premium gr\u00e2ce \u00e0 la solution CargoVIS\">DGS Transports s&rsquo;offre une qualit\u00e9 premium gr\u00e2ce \u00e0 la solution CargoVIS<\/a>\t\t\t\n\t\t\t\t\t\t\t\tL&rsquo;entreprise de transport fran\u00e7aise DGS Transports \u00e9tait \u00e0 la recherche d&rsquo;une solution appropri\u00e9e pour suivre les marchandises de mani\u00e8re pratique, rapide et fiable dans son hall de transbordement de 6000 m\u00b2. Ce sp\u00e9cialiste du transport a d\u00e9couvert DIVIS par l&rsquo;interm\u00e9diaire de ses entreprises partenaires allemandes du r\u00e9seau de messagerie CargoLine. Il a opt\u00e9 pour la solution de gestion vid\u00e9o CargoVIS conjugu\u00e9 au module suppl\u00e9mentaire\u00a0Location<sup>+<\/sup>, un syst\u00e8me de localisation en int\u00e9rieur d\u00e9velopp\u00e9 par\u00a0Quuppa, partenaire de DIVIS. La solution de suivi vid\u00e9o n&rsquo;est donc pas seulement utilis\u00e9e par de nombreux client fran\u00e7ais de la messagerie, mais aussi de plus en plus sur le march\u00e9 fran\u00e7ais de la logistique.\n\t\t\t\t\t<a href=\"https:\/\/www.divis.eu\/fr\/dgs-transports-solution-cargovis-geolocalisation-indoor\/\" title=\"Read More\" target=\"_self\">Plus &#8594;<\/a>\t\t\n\t\t\t\t<a href=\"https:\/\/www.divis.eu\/fr\/cargovis-localisation-bluetooth-low-energy-loxx-lagerlogistik-gmbh\/\" title=\"CargoVIS et sa localisation sans balise Bluetooth Low Energy chez LOXX \u00e0 Gelsenkirchen\">CargoVIS et sa localisation sans balise Bluetooth Low Energy chez LOXX \u00e0 Gelsenkirchen<\/a>\t\t\t\n\t\t\t\t\t\t\t\tEn passant \u00e0 la technologie de localisation sans balise Bluetooth Low Energy, LOXX Lagerlogistik GmbH peut d\u00e9sormais se passer d&rsquo;acqu\u00e9rir, d&rsquo;entretenir et de r\u00e9parer des transpondeurs pour ainsi r\u00e9duire ses co\u00fbts tout en augmentant la qualit\u00e9 de ses prestations.\n\t\t\t\t\t<a href=\"https:\/\/www.divis.eu\/fr\/cargovis-localisation-bluetooth-low-energy-loxx-lagerlogistik-gmbh\/\" title=\"Read More\" target=\"_self\">Plus &#8594;<\/a>\t\t\n\t\t\t\t<a href=\"https:\/\/www.divis.eu\/fr\/mise-en-oeuvre-efficace-dun-systeme-de-geolocalisation-en-interieur\/\" title=\"Mise en \u0153uvre efficace d'un syst\u00e8me de g\u00e9olocalisation en int\u00e9rieur\">Mise en \u0153uvre efficace d&rsquo;un syst\u00e8me de g\u00e9olocalisation en int\u00e9rieur<\/a>\t\t\t\n\t\t\t\t\t\t\t\t\u00c0 quoi faut-il faire attention lors de la mise en \u0153uvre d&rsquo;un syst\u00e8me de g\u00e9olocalisation en int\u00e9rieur ? \nNous vous montrons comment trouver le meilleur syst\u00e8me de g\u00e9olocalisation en int\u00e9rieur pour vos besoins en cinq \u00e9tapes simples.\n\t\t\t\t\t<a href=\"https:\/\/www.divis.eu\/fr\/mise-en-oeuvre-efficace-dun-systeme-de-geolocalisation-en-interieur\/\" title=\"Read More\" target=\"_self\">Plus &#8594;<\/a>\t\t\n\t\t\t<a href=\"https:\/\/www.divis.eu\/fr\/inscription-a-la-newsletter-optimisation-des-processus-dans-lentrepot\/\" target=\"_self\"  aria-label=\"S'abonner \u00e0 la newsletter\">\n\t\t\t\t\t\t\t\tS&rsquo;abonner \u00e0 la newsletter \n\t\t\t\t\t\t\t<\/a>\n\t\t\t<a href=\"https:\/\/www.divis.eu\/fr\/divis-news-vue-densemble-suivi-des-envois-par-camera-en-logistique\/\" target=\"_self\"  aria-label=\"Trouver toutes les nouvelles\">\n\t\t\t\t\t\t\t\tTrouver toutes les nouvelles\n\t\t\t\t\t\t\t<\/a>\n\t<p>Video &amp; Scan<\/p>\n\t<p>DIVIS fait toute la diff\u00e9rence<\/p>\n<h1>\n\t\t\tSolutions vid\u00e9o pour la logistique<br \/>Logiciels intuitifs et navigation par zone brevet\u00e9e\t<\/h1>\n\t\t\t<h2>Solutions DIVIS<\/h2>\t\t\t\n\t\t\t\t<p>Voir et aller \u00e0 l&rsquo;essentiel.<br \/>Mieux comprendre.<br \/>Rendre plus efficace.<\/p>\n\tVous connaissez parfaitement vos besoins : le syst\u00e8me de vid\u00e9osurveillance adapt\u00e9 \u00e0 votre site logistique doit vous prot\u00e9ger efficacement contre les dommages, les pertes et le vol, prouver clairement les transferts de responsabilit\u00e9, documenter de mani\u00e8re fiable les dommages et r\u00e9duire ainsi les erreurs de planification, les ruptures de stock et les pertes d&rsquo;envois.<br \/>\nMais avec la grande vari\u00e9t\u00e9 des solutions disponibles sur le march\u00e9, il peut s&rsquo;av\u00e9rer difficile de prendre la bonne d\u00e9cision.<br \/>\nNous vous aidons dans votre d\u00e9marche.<br \/>\nDIVIS apporte de la clart\u00e9 et permet de gagner du temps pour les choses qui sont r\u00e9ellement importantes.\n\t<h2>La diff\u00e9rence r\u00e9side dans le d\u00e9tail<\/h2>\n<p><strong>Le syst\u00e8me vid\u00e9o DIVIS est coupl\u00e9 aux scanners utilis\u00e9s dans l&rsquo;entrep\u00f4t, dont la position est enregistr\u00e9e par notre logiciel lors des \u00e9v\u00e9nements de scan. Cela rend le suivi de vos marchandises efficace et complet. En outre, de nombreuses nouvelles possibilit\u00e9s pour votre assurance qualit\u00e9 dans le transbordement de marchandises qui vont bien au-del\u00e0 de la simple recherche d&rsquo;un envoi perdu.<\/strong><\/p>\n<p>Dans l&rsquo;interface utilisateur de notre logiciel Scan&amp;Video, il vous est possible d&rsquo;utiliser des param\u00e8tres de recherche personnalis\u00e9s et le num\u00e9ro d&rsquo;envoi pour contr\u00f4ler avec pr\u00e9cision les temps, les p\u00e9riodes et les zones sans visionner des s\u00e9quences vid\u00e9o compl\u00e8tes. En se basant sur les \u00e9v\u00e9nements de scan, un objet peut non seulement \u00eatre identifi\u00e9 tr\u00e8s rapidement et de mani\u00e8re fiable, mais peut \u00e9galement \u00eatre suivi sans lacunes. Diff\u00e9rents filtres permettent d&rsquo;affiner la recherche et d&rsquo;obtenir les informations souhait\u00e9es en un minimum de temps.<\/p>\n<p>Chaque environnement logistique a des exigences tr\u00e8s particuli\u00e8res. C&rsquo;est pourquoi les logiciels et le mat\u00e9riel de nos solutions vid\u00e9o pour la logistique proviennent d&rsquo;une seule source et sont adapt\u00e9s pr\u00e9cis\u00e9ment \u00e0 vos processus et conditions sur site.<\/p>\n\t\t\t\t<img decoding=\"async\" src=\"https:\/\/www.divis.eu\/wp-content\/uploads\/2018\/01\/logo-van-duuren-weiss.png\" alt=\"logo-van-duuren-weiss\" title=\"logo-van-duuren-weiss\" itemprop=\"image\"\/>\n\t\t\t\t\t\t\t\t<h3 class='uabb-testimonial-author-name testimonial-author-name'>Van Duuren<\/h3>\t\t\t\t\t\t\t\t\n\t\t\t\t\t\t\t\t\tPays-Bas\t\t\t\t\t\t\t\t\n\t\t\t\t\t\t\t<blockquote><p>\u00ab CargoVIS fonctionne parfaitement, tout le monde s&rsquo;y est habitu\u00e9 et nous ne pouvons plus nous en passer. \u00bb<\/p><\/blockquote>\t\t\t\t\t\t\n\t\t\t\t<img decoding=\"async\" src=\"https:\/\/www.divis.eu\/wp-content\/uploads\/2018\/01\/logo-tsb.png\" alt=\"logo-tsb\" title=\"logo-tsb\" itemprop=\"image\"\/>\n\t\t\t\t\t\t\t\t<h3 class='uabb-testimonial-author-name testimonial-author-name'>TSBtrans<\/h3>\t\t\t\t\t\t\t\t\n\t\t\t\t\t\t\t\t\tEspagne\t\t\t\t\t\t\t\t\n\t\t\t\t\t\t\t<blockquote><p>\u00ab\u00a0CargoVIS est absolument fiable, gr\u00e2ce \u00e0 ses capacit\u00e9s de suivi, l&rsquo;investissement pour TSB s&rsquo;est amorti en moins d&rsquo;un an en trouvant les palettes manquantes et en identifiant les sources de dommages.\u00a0\u00bb<\/p><\/blockquote>\t\t\t\t\t\t\n\t\t\t\t<img decoding=\"async\" src=\"https:\/\/www.divis.eu\/wp-content\/uploads\/2018\/01\/logo-lagermax.png\" alt=\"logo-lagermax\" title=\"logo-lagermax\" itemprop=\"image\"\/>\n\t\t\t\t\t\t\t\t<h3 class='uabb-testimonial-author-name testimonial-author-name'>Lagermax Paketdienst GmbH &amp; Co KG<\/h3>\t\t\t\t\t\t\t\t\n\t\t\t\t\t\t\t\t\tAutriche\t\t\t\t\t\t\t\t\n\t\t\t\t\t\t\t<blockquote><p>\u00ab\u00a0Nous utilisons ParcelVIS de DIVIS depuis 5 ans et n&rsquo;avons jamais rencontr\u00e9 de probl\u00e8mes.\u00a0\u00bb<\/p><\/blockquote>\t\t\t\t\t\t\n\t\t\t\t<img decoding=\"async\" src=\"https:\/\/www.divis.eu\/wp-content\/uploads\/2018\/01\/logo-voigt-invers.png\" alt=\"logo-voigt-invers\" title=\"logo-voigt-invers\" itemprop=\"image\"\/>\n\t\t\t\t\t\t\t\t<h3 class='uabb-testimonial-author-name testimonial-author-name'>Herbert Voigt GmbH &amp; Co. KG<\/h3>\t\t\t\t\t\t\t\t\n\t\t\t\t\t\t\t\t\tAllemagne\t\t\t\t\t\t\t\t\n\t\t\t\t\t\t\t<blockquote><p>\u00ab\u00a0Avec DIVIS, nous avons trouv\u00e9 un partenaire comp\u00e9tent qui a toujours une solution pour nos propres id\u00e9es.\u00a0\u00bb<\/p><\/blockquote>\t\t\t\t\t\t\n\t\t\t\t<img decoding=\"async\" src=\"https:\/\/www.divis.eu\/wp-content\/uploads\/2018\/01\/logo-schmalz-schoen.png\" alt=\"logo-schmalz-schoen\" title=\"logo-schmalz-schoen\" itemprop=\"image\"\/>\n\t\t\t\t\t\t\t\t<h3 class='uabb-testimonial-author-name testimonial-author-name'>SCHMALZ+SCH\u00d6N Logistics GmbH<\/h3>\t\t\t\t\t\t\t\t\n\t\t\t\t\t\t\t\t\tAllemagne\t\t\t\t\t\t\t\t\n\t\t\t\t\t\t\t<blockquote><p>\u00ab\u00a0La solution parfaite m\u00eame pour les zones de transbordement h\u00e9t\u00e9rog\u00e8nes &#8211; la vid\u00e9osurveillance de DIVIS\u00a0qui vole au secours des colis. \u00bb<\/p><\/blockquote>\t\t\t\t\t\t\n\t\t\t<a href=\"https:\/\/www.divis.eu\/fr\/references-etudes-de-cas-suivi-des-envois-dans-lentrepot\/\" title=\"Click Here\" target=\"_self\"   role=\"button\" aria-label=\"Aller aux \u00e9tudes de cas\">\n\t\t\t\t\t\t\tAller aux \u00e9tudes de cas\n\t\t<\/a>\n\t\t\t\t<img decoding=\"async\" src=\"https:\/\/www.divis.eu\/wp-content\/uploads\/2018\/01\/hendrik-reger-1.png\" alt=\"Hendrik Reger | DIVIS | Videol\u00f6sungen f\u00fcr die Logistik\" itemprop=\"image\" height=\"385\" width=\"300\" title=\"hendrik-reger\" onerror=\"this.style.display='none'\" loading='lazy' \/>\n\t<em><strong>Hendrik Reger<\/strong><br \/>\nDirecteur g\u00e9n\u00e9ral<\/em>\n\t<p>Avez-vous des questions ?<\/p>\n\t<p>Nous avons des r\u00e9ponses<\/p>\n\t<p>Notre \u00e9quipe est \u00e0 votre disposition pour r\u00e9pondre \u00e0 vos questions sur nos produits et se fera un plaisir de vous conseiller gratuitement et sans engagement.<\/p>\n\t\t\t<a href=\"https:\/\/www.divis.eu\/fr\/contacter-divis-fournisseur-pour-le-suivi-des-envois-par-camera\/\" title=\"Click Here\" target=\"_self\"   role=\"button\" aria-label=\"Contacter DIVIS\">\n\t\t\t\t\t\t\tContacter DIVIS\n\t\t<\/a>\n\t\t\t\t<img decoding=\"async\" src=\"https:\/\/www.divis.eu\/wp-content\/uploads\/2018\/01\/kundenlogo-CTL-1.png\" alt=\"CTL | DIVIS Kunde\" title=\"kundenlogo-CTL\" itemprop=\"image\"  \/>\n\t\t\t\t<img decoding=\"async\" src=\"https:\/\/www.divis.eu\/wp-content\/uploads\/2018\/01\/kundenlogo-dpd.png\" alt=\"kundenlogo-dpd\" title=\"kundenlogo-dpd\" itemprop=\"image\"  \/>\n\t\t\t\t<img decoding=\"async\" src=\"https:\/\/www.divis.eu\/wp-content\/uploads\/2018\/01\/kundenlogo-online.png\" alt=\"kundenlogo-online\" title=\"kundenlogo-online\" itemprop=\"image\"  \/>\n\t\t\t\t<img decoding=\"async\" src=\"https:\/\/www.divis.eu\/wp-content\/uploads\/2018\/01\/kundenlogo-rhenus.png\" alt=\"Rhenus Logistics | DIVIS-Kunde\" title=\"kundenlogo-rhenus\" itemprop=\"image\"  \/>\n\t\t\t\t<img decoding=\"async\" src=\"https:\/\/www.divis.eu\/wp-content\/uploads\/2018\/01\/kundenlogo-tsb.png\" alt=\"kundenlogo-tsb\" title=\"kundenlogo-tsb\" itemprop=\"image\"  \/>\n\t\t\t\t<img decoding=\"async\" src=\"https:\/\/www.divis.eu\/wp-content\/uploads\/2018\/01\/logo-van-duuren-mono-2.png\" alt=\"logo-van-duuren-mono\" title=\"logo-van-duuren-mono\" itemprop=\"image\"  \/>\n\t\t\t\t<img decoding=\"async\" src=\"https:\/\/www.divis.eu\/wp-content\/uploads\/2018\/01\/kundenlogo-transoflex-3.png\" alt=\"kundenlogo-transoflex\" title=\"kundenlogo-transoflex\" itemprop=\"image\"  \/>\n\t\t\t\t<img decoding=\"async\" src=\"https:\/\/www.divis.eu\/wp-content\/uploads\/2018\/01\/kundenlogo-emons.png\" alt=\"Emons | DIVIS-Kunde\" title=\"kundenlogo-emons\" itemprop=\"image\"  \/>\n\t\t\t\t<img decoding=\"async\" src=\"https:\/\/www.divis.eu\/wp-content\/uploads\/2018\/01\/kundenlogo-geis.png\" alt=\"Spedition Geis | DIVIS-Kunde\" title=\"kundenlogo-geis\" itemprop=\"image\"  \/>\n\t\t\t\t<img decoding=\"async\" src=\"https:\/\/www.divis.eu\/wp-content\/uploads\/2018\/01\/kundenlogo-gebrueder-weiss.png\" alt=\"Gebr\u00fcder Weiss | DIVIS-Kunde\" title=\"kundenlogo-gebrueder-weiss\" itemprop=\"image\"  \/>\n\t\t\t\t<img decoding=\"async\" src=\"https:\/\/www.divis.eu\/wp-content\/uploads\/2018\/01\/kundenlogo-tchibo.png\" alt=\"Tchibo | DIVIS-Kunde\" title=\"kundenlogo-tchibo\" itemprop=\"image\"  \/>\n\t\t\t\t<img decoding=\"async\" src=\"https:\/\/www.divis.eu\/wp-content\/uploads\/2018\/01\/kundenlogo-24plus.png\" alt=\"kundenlogo-24plus\" title=\"kundenlogo-24plus\" itemprop=\"image\"  \/>\n\n","protected":false},"excerpt":{"rendered":"<p>AVANTAGE CLIENT Rentabilit\u00e9, flexibilit\u00e9 et fiabilit\u00e9 gr\u00e2ce \u00e0 plus de transparence SOLUTIONS DIVIS d\u00e9veloppe des solutions vid\u00e9o pour le transbordement de marchandises palettis\u00e9es et des services de colis \u00c0 PROPOS DE DIVIS La base de notre succ\u00e8s : plus de 20 ans d&rsquo;exp\u00e9rience &amp; une \u00e9quipe innovante DGS Transports s&rsquo;offre une qualit\u00e9 premium gr\u00e2ce \u00e0&hellip;<\/p>\n","protected":false},"author":1,"featured_media":0,"parent":0,"menu_order":0,"comment_status":"closed","ping_status":"closed","template":"","meta":{"footnotes":""},"class_list":["post-4580","page","type-page","status-publish","hentry"],"yoast_head":"<!-- This site is optimized with the Yoast SEO plugin v27.4 - https:\/\/yoast.com\/product\/yoast-seo-wordpress\/ -->\n<title>DIVIS offre des solutions vid\u00e9o cl\u00e9 en main pour la logistique<\/title>\n<meta name=\"description\" content=\"DIVIS offre des solutions vid\u00e9o cl\u00e9 en main pour la logistique, la recherche d&#039;envois assist\u00e9e par vid\u00e9o pour les marchandises palettis\u00e9es et le suivi des colis pour les fournisseurs CEP et les HUBs avec navigation par zone brevet\u00e9e.\" \/>\n<meta name=\"robots\" content=\"index, follow, max-snippet:-1, max-image-preview:large, max-video-preview:-1\" \/>\n<link rel=\"canonical\" href=\"https:\/\/www.divis.eu\/fr\/\" \/>\n<meta property=\"og:locale\" content=\"fr_FR\" \/>\n<meta property=\"og:type\" content=\"article\" \/>\n<meta property=\"og:title\" content=\"DIVIS offre des solutions vid\u00e9o cl\u00e9 en main pour la logistique\" \/>\n<meta property=\"og:description\" content=\"DIVIS offre des solutions vid\u00e9o cl\u00e9 en main pour la logistique, la recherche d&#039;envois assist\u00e9e par vid\u00e9o pour les marchandises palettis\u00e9es et le suivi des colis pour les fournisseurs CEP et les HUBs avec navigation par zone brevet\u00e9e.\" \/>\n<meta property=\"og:url\" content=\"https:\/\/www.divis.eu\/fr\/\" \/>\n<meta property=\"og:site_name\" content=\"DIVIS - The intelligent view\" \/>\n<meta property=\"article:modified_time\" content=\"2026-02-08T01:45:44+00:00\" \/>\n<meta property=\"og:image\" content=\"https:\/\/www.divis.eu\/wp-content\/uploads\/2019\/01\/sprechblase-stellenangebote-FR.png\" \/>\n<meta name=\"twitter:card\" content=\"summary_large_image\" \/>\n<meta name=\"twitter:label1\" content=\"Dur\u00e9e de lecture estim\u00e9e\" \/>\n\t<meta name=\"twitter:data1\" content=\"7 minutes\" \/>\n<script type=\"application\/ld+json\" class=\"yoast-schema-graph\">{\"@context\":\"https:\\\/\\\/schema.org\",\"@graph\":[{\"@type\":\"WebPage\",\"@id\":\"https:\\\/\\\/www.divis.eu\\\/fr\\\/\",\"url\":\"https:\\\/\\\/www.divis.eu\\\/fr\\\/\",\"name\":\"DIVIS offre des solutions vid\u00e9o cl\u00e9 en main pour la logistique\",\"isPartOf\":{\"@id\":\"https:\\\/\\\/www.divis.eu\\\/#website\"},\"primaryImageOfPage\":{\"@id\":\"https:\\\/\\\/www.divis.eu\\\/fr\\\/#primaryimage\"},\"image\":{\"@id\":\"https:\\\/\\\/www.divis.eu\\\/fr\\\/#primaryimage\"},\"thumbnailUrl\":\"https:\\\/\\\/www.divis.eu\\\/wp-content\\\/uploads\\\/2019\\\/01\\\/sprechblase-stellenangebote-FR.png\",\"datePublished\":\"2017-11-02T22:11:58+00:00\",\"dateModified\":\"2026-02-08T01:45:44+00:00\",\"description\":\"DIVIS offre des solutions vid\u00e9o cl\u00e9 en main pour la logistique, la recherche d'envois assist\u00e9e par vid\u00e9o pour les marchandises palettis\u00e9es et le suivi des colis pour les fournisseurs CEP et les HUBs avec navigation par zone brevet\u00e9e.\",\"breadcrumb\":{\"@id\":\"https:\\\/\\\/www.divis.eu\\\/fr\\\/#breadcrumb\"},\"inLanguage\":\"fr-FR\",\"potentialAction\":[{\"@type\":\"ReadAction\",\"target\":[\"https:\\\/\\\/www.divis.eu\\\/fr\\\/\"]}]},{\"@type\":\"ImageObject\",\"inLanguage\":\"fr-FR\",\"@id\":\"https:\\\/\\\/www.divis.eu\\\/fr\\\/#primaryimage\",\"url\":\"https:\\\/\\\/www.divis.eu\\\/wp-content\\\/uploads\\\/2019\\\/01\\\/sprechblase-stellenangebote-FR.png\",\"contentUrl\":\"https:\\\/\\\/www.divis.eu\\\/wp-content\\\/uploads\\\/2019\\\/01\\\/sprechblase-stellenangebote-FR.png\"},{\"@type\":\"BreadcrumbList\",\"@id\":\"https:\\\/\\\/www.divis.eu\\\/fr\\\/#breadcrumb\",\"itemListElement\":[{\"@type\":\"ListItem\",\"position\":1,\"name\":\"Startseite\",\"item\":\"https:\\\/\\\/www.divis.eu\\\/fr\\\/\"},{\"@type\":\"ListItem\",\"position\":2,\"name\":\"Page d&rsquo;accueil\"}]},{\"@type\":\"WebSite\",\"@id\":\"https:\\\/\\\/www.divis.eu\\\/#website\",\"url\":\"https:\\\/\\\/www.divis.eu\\\/\",\"name\":\"DIVIS - The intelligent view\",\"description\":\"Videosysteml\u00f6sungen f\u00fcr Umschlags- und Warenlager\",\"potentialAction\":[{\"@type\":\"SearchAction\",\"target\":{\"@type\":\"EntryPoint\",\"urlTemplate\":\"https:\\\/\\\/www.divis.eu\\\/?s={search_term_string}\"},\"query-input\":{\"@type\":\"PropertyValueSpecification\",\"valueRequired\":true,\"valueName\":\"search_term_string\"}}],\"inLanguage\":\"fr-FR\"}]}<\/script>\n<!-- \/ Yoast SEO plugin. -->","yoast_head_json":{"title":"DIVIS offre des solutions vid\u00e9o cl\u00e9 en main pour la logistique","description":"DIVIS offre des solutions vid\u00e9o cl\u00e9 en main pour la logistique, la recherche d'envois assist\u00e9e par vid\u00e9o pour les marchandises palettis\u00e9es et le suivi des colis pour les fournisseurs CEP et les HUBs avec navigation par zone brevet\u00e9e.","robots":{"index":"index","follow":"follow","max-snippet":"max-snippet:-1","max-image-preview":"max-image-preview:large","max-video-preview":"max-video-preview:-1"},"canonical":"https:\/\/www.divis.eu\/fr\/","og_locale":"fr_FR","og_type":"article","og_title":"DIVIS offre des solutions vid\u00e9o cl\u00e9 en main pour la logistique","og_description":"DIVIS offre des solutions vid\u00e9o cl\u00e9 en main pour la logistique, la recherche d'envois assist\u00e9e par vid\u00e9o pour les marchandises palettis\u00e9es et le suivi des colis pour les fournisseurs CEP et les HUBs avec navigation par zone brevet\u00e9e.","og_url":"https:\/\/www.divis.eu\/fr\/","og_site_name":"DIVIS - The intelligent view","article_modified_time":"2026-02-08T01:45:44+00:00","og_image":[{"url":"https:\/\/www.divis.eu\/wp-content\/uploads\/2019\/01\/sprechblase-stellenangebote-FR.png","type":"","width":"","height":""}],"twitter_card":"summary_large_image","twitter_misc":{"Dur\u00e9e de lecture estim\u00e9e":"7 minutes"},"schema":{"@context":"https:\/\/schema.org","@graph":[{"@type":"WebPage","@id":"https:\/\/www.divis.eu\/fr\/","url":"https:\/\/www.divis.eu\/fr\/","name":"DIVIS offre des solutions vid\u00e9o cl\u00e9 en main pour la logistique","isPartOf":{"@id":"https:\/\/www.divis.eu\/#website"},"primaryImageOfPage":{"@id":"https:\/\/www.divis.eu\/fr\/#primaryimage"},"image":{"@id":"https:\/\/www.divis.eu\/fr\/#primaryimage"},"thumbnailUrl":"https:\/\/www.divis.eu\/wp-content\/uploads\/2019\/01\/sprechblase-stellenangebote-FR.png","datePublished":"2017-11-02T22:11:58+00:00","dateModified":"2026-02-08T01:45:44+00:00","description":"DIVIS offre des solutions vid\u00e9o cl\u00e9 en main pour la logistique, la recherche d'envois assist\u00e9e par vid\u00e9o pour les marchandises palettis\u00e9es et le suivi des colis pour les fournisseurs CEP et les HUBs avec navigation par zone brevet\u00e9e.","breadcrumb":{"@id":"https:\/\/www.divis.eu\/fr\/#breadcrumb"},"inLanguage":"fr-FR","potentialAction":[{"@type":"ReadAction","target":["https:\/\/www.divis.eu\/fr\/"]}]},{"@type":"ImageObject","inLanguage":"fr-FR","@id":"https:\/\/www.divis.eu\/fr\/#primaryimage","url":"https:\/\/www.divis.eu\/wp-content\/uploads\/2019\/01\/sprechblase-stellenangebote-FR.png","contentUrl":"https:\/\/www.divis.eu\/wp-content\/uploads\/2019\/01\/sprechblase-stellenangebote-FR.png"},{"@type":"BreadcrumbList","@id":"https:\/\/www.divis.eu\/fr\/#breadcrumb","itemListElement":[{"@type":"ListItem","position":1,"name":"Startseite","item":"https:\/\/www.divis.eu\/fr\/"},{"@type":"ListItem","position":2,"name":"Page d&rsquo;accueil"}]},{"@type":"WebSite","@id":"https:\/\/www.divis.eu\/#website","url":"https:\/\/www.divis.eu\/","name":"DIVIS - The intelligent view","description":"Videosysteml\u00f6sungen f\u00fcr Umschlags- und Warenlager","potentialAction":[{"@type":"SearchAction","target":{"@type":"EntryPoint","urlTemplate":"https:\/\/www.divis.eu\/?s={search_term_string}"},"query-input":{"@type":"PropertyValueSpecification","valueRequired":true,"valueName":"search_term_string"}}],"inLanguage":"fr-FR"}]}},"_links":{"self":[{"href":"https:\/\/www.divis.eu\/fr\/wp-json\/wp\/v2\/pages\/4580","targetHints":{"allow":["GET"]}}],"collection":[{"href":"https:\/\/www.divis.eu\/fr\/wp-json\/wp\/v2\/pages"}],"about":[{"href":"https:\/\/www.divis.eu\/fr\/wp-json\/wp\/v2\/types\/page"}],"author":[{"embeddable":true,"href":"https:\/\/www.divis.eu\/fr\/wp-json\/wp\/v2\/users\/1"}],"replies":[{"embeddable":true,"href":"https:\/\/www.divis.eu\/fr\/wp-json\/wp\/v2\/comments?post=4580"}],"version-history":[{"count":0,"href":"https:\/\/www.divis.eu\/fr\/wp-json\/wp\/v2\/pages\/4580\/revisions"}],"wp:attachment":[{"href":"https:\/\/www.divis.eu\/fr\/wp-json\/wp\/v2\/media?parent=4580"}],"curies":[{"name":"wp","href":"https:\/\/api.w.org\/{rel}","templated":true}]}}