{"id":7474,"date":"2018-06-08T11:39:00","date_gmt":"2018-06-08T11:39:00","guid":{"rendered":"https:\/\/www.divis.eu\/?page_id=7474"},"modified":"2024-03-25T15:26:45","modified_gmt":"2024-03-25T15:26:45","slug":"divis-news-vue-densemble-suivi-des-envois-par-camera-en-logistique","status":"publish","type":"page","link":"https:\/\/www.divis.eu\/fr\/divis-news-vue-densemble-suivi-des-envois-par-camera-en-logistique\/","title":{"rendered":"DIVIS News Vue d&rsquo;ensemble | Suivi des envois par cam\u00e9ra en logistique"},"content":{"rendered":"\n<h3>\n\t\tToujours \u00e0 jour\n\t<\/h3>\n<h2>\n\t\tNouvelles DIVIS\n\t<\/h2>\n\t\t\t\t\t<ul id=\"menu-fr-tipps-infos\"><li id=\"menu-item-12529\"><a href=\"https:\/\/www.divis.eu\/fr\/divis-news-vue-densemble-suivi-des-envois-par-camera-en-logistique\/\">Nouvelles DIVIS<\/a><\/li>\n<li id=\"menu-item-12530\"><a href=\"https:\/\/www.divis.eu\/fr\/conseils-produits-divis-suivi-des-marchandises-par-videotracking\/\">Conseils produits<\/a><\/li>\n<li id=\"menu-item-12531\"><a href=\"https:\/\/www.divis.eu\/fr\/informations-generales-divis-suivi-des-marchandises-guide-par-images\/\">Informations g\u00e9n\u00e9rales<\/a><\/li>\n<\/ul>\t\n\t\t\t\t<a href=\"#\" target=\"_self\" itemprop=\"url\" rel=\"noopener\">\n\t\t\t\t<img decoding=\"async\" src=\"https:\/\/www.divis.eu\/wp-content\/uploads\/2018\/11\/sprechblase-newsletter-abo-fr.png\" alt=\"Videomanagement-Software Logistik DIVIS\" title=\"sprechblase-newsletter-abo-fr\" itemprop=\"image\"  \/>\n\t\t\t\t\t\t<\/a>\n<h1>\n\t\tUn aper\u00e7u des actualit\u00e9s\n\t<\/h1>\n<h1>\n\t\tNouveaut\u00e9s concernant les produits DIVIS, les d\u00e9veloppements et les \u00e9v\u00e8nements\n\t<\/h1>\n\t\t\t\t\t\t\t\t\t\t\t\t\t\t<a href=\"https:\/\/www.divis.eu\/fr\/dgs-transports-solution-cargovis-geolocalisation-indoor\/\" target=\"_self\" title=\"DGS Transports s'offre une qualit\u00e9 premium gr\u00e2ce \u00e0 la solution CargoVIS et sa g\u00e9olocalisation indoor\" rel=\"noopener\">\n\t\t\t\t<img decoding=\"async\" src=\"https:\/\/www.divis.eu\/wp-content\/uploads\/2024\/03\/social-media-ab-dgs-1-1024x535.jpg\" alt=\"\" \/>\n\t\t\t\t<\/a>\n\t\t\t\t\t\t<h2>\n\t\t\t\t\t\t\t\tmars\t\t\t\t\t\t\t\t\n\t\t\t\t\t\t\t\t21\n\t\t\t\t\t\t\t\t2024\n\t\t\t\t\t\t<\/h2>\n\t\t\t\t\t\t<h4>\n\t\t\t\t<a href=https:\/\/www.divis.eu\/fr\/dgs-transports-solution-cargovis-geolocalisation-indoor\/ title=\"DGS Transports s'offre une qualit\u00e9 premium gr\u00e2ce \u00e0 la solution CargoVIS et sa g\u00e9olocalisation indoor\" tabindex=\"0\">DGS Transports s&rsquo;offre une qualit\u00e9 premium gr\u00e2ce \u00e0 la solution CargoVIS et sa g\u00e9olocalisation indoor<\/a>\t\t\t<\/h4>\n\t\t\t\t\t\t\t\tL&rsquo;entreprise de transport fran\u00e7aise DGS Transports \u00e9tait \u00e0 la recherche d&rsquo;une solution appropri\u00e9e pour suivre les marchandises de mani\u00e8re pratique, rapide et fiable dans son hall de transbordement de 6000 m\u00b2. Ce sp\u00e9cialiste du transport a d\u00e9couvert DIVIS par l&rsquo;interm\u00e9diaire de ses entreprises partenaires allemandes du r\u00e9seau de messagerie CargoLine. Il a opt\u00e9 pour la solution de gestion vid\u00e9o CargoVIS conjugu\u00e9 au module suppl\u00e9mentaire\u00a0Location+, un syst\u00e8me de localisation en int\u00e9rieur d\u00e9velopp\u00e9 par\u00a0Quuppa, partenaire de DIVIS. La solution de suivi vid\u00e9o n&rsquo;est donc pas seulement utilis\u00e9e par de nombreux client fran\u00e7ais de la messagerie, mais aussi de plus en plus sur le march\u00e9 fran\u00e7ais de la logistique.\n\t\t\t<a href=\"https:\/\/www.divis.eu\/fr\/dgs-transports-solution-cargovis-geolocalisation-indoor\/\" target=\"_self\" role=\"button\" aria-label=\"Plus\" rel=\"noopener\">\n\t\t\t\t\t\t\tPlus\n\t\t<\/a>\n\t\t\t\t\t\t\t\t\t\t\t\t\t\t<a href=\"https:\/\/www.divis.eu\/fr\/evenement-anniversaire-avec-atelier-et-methode-kaizen\/\" target=\"_self\" title=\"\u00c9v\u00e9nement anniversaire avec atelier et m\u00e9thode Kaizen\" rel=\"noopener\">\n\t\t\t\t<img decoding=\"async\" src=\"https:\/\/www.divis.eu\/wp-content\/uploads\/2022\/07\/jubilaeumsfeier-titel-featured.jpg\" alt=\"\" \/>\n\t\t\t\t<\/a>\n\t\t\t\t\t\t<h2>\n\t\t\t\t\t\t\t\tjuillet\t\t\t\t\t\t\t\t\n\t\t\t\t\t\t\t\t9\n\t\t\t\t\t\t\t\t2022\n\t\t\t\t\t\t<\/h2>\n\t\t\t\t\t\t<h4>\n\t\t\t\t<a href=https:\/\/www.divis.eu\/fr\/evenement-anniversaire-avec-atelier-et-methode-kaizen\/ title=\"\u00c9v\u00e9nement anniversaire avec atelier et m\u00e9thode Kaizen\" tabindex=\"0\">\u00c9v\u00e9nement anniversaire avec atelier et m\u00e9thode Kaizen<\/a>\t\t\t<\/h4>\n\t\t\t\t\t\t\t\tEnviron 30 clients et prospects ont r\u00e9pondu \u00e0 l&rsquo;invitation \u00e0 l&rsquo;\u00e9v\u00e9nement anniversaire de DIVIS \u00e0 Hambourg et ont \u00e9labor\u00e9 des potentiels d&rsquo;innovation dans la logistique lors d&rsquo;un atelier commun. Le programme de la journ\u00e9e et de la soir\u00e9e a \u00e9galement offert de nombreuses occasions de r\u00e9seautage et de plaisirs culinaires.\n\t\t\t<a href=\"https:\/\/www.divis.eu\/fr\/evenement-anniversaire-avec-atelier-et-methode-kaizen\/\" target=\"_self\" role=\"button\" aria-label=\"Plus\" rel=\"noopener\">\n\t\t\t\t\t\t\tPlus\n\t\t<\/a>\n\t\t\t\t\t\t\t\t\t\t\t\t\t\t<a href=\"https:\/\/www.divis.eu\/fr\/la-logistique-verte-avec-les-solutions-video-de-divis\/\" target=\"_self\" title=\"La logistique verte avec les solutions vid\u00e9o de DIVIS\" rel=\"noopener\">\n\t\t\t\t<img decoding=\"async\" src=\"https:\/\/www.divis.eu\/wp-content\/uploads\/2022\/06\/energieverbrauch-featured-fr-1.gif\" alt=\"Green Logistics mit Videomanagement von DIVIS \" \/>\n\t\t\t\t<\/a>\n\t\t\t\t\t\t<h2>\n\t\t\t\t\t\t\t\tjuin\t\t\t\t\t\t\t\t\n\t\t\t\t\t\t\t\t7\n\t\t\t\t\t\t\t\t2022\n\t\t\t\t\t\t<\/h2>\n\t\t\t\t\t\t<h4>\n\t\t\t\t<a href=https:\/\/www.divis.eu\/fr\/la-logistique-verte-avec-les-solutions-video-de-divis\/ title=\"La logistique verte avec les solutions vid\u00e9o de DIVIS\" tabindex=\"0\">La logistique verte avec les solutions vid\u00e9o de DIVIS<\/a>\t\t\t<\/h4>\n\t\t\t\t\t\t\t\tLa durabilit\u00e9 est depuis longtemps un facteur d\u00e9terminant dans la logistique \u00e9galement.\nAujourd&rsquo;hui, de nombreuses entreprises souhaitent non seulement r\u00e9aliser des b\u00e9n\u00e9fices, mais aussi g\u00e9rer leurs activit\u00e9s dans le respect de l&rsquo;environnement. Les solutions vid\u00e9o de DIVIS apportent un double avantage : ils permettent aux entreprises d&rsquo;orienter leurs processus dans le hall logistique vers la logistique verte et r\u00e9duisent ainsi efficacement les co\u00fbts d&rsquo;exploitation courants. En savoir plus !\n\t\t\t<a href=\"https:\/\/www.divis.eu\/fr\/la-logistique-verte-avec-les-solutions-video-de-divis\/\" target=\"_self\" role=\"button\" aria-label=\"Plus\" rel=\"noopener\">\n\t\t\t\t\t\t\tPlus\n\t\t<\/a>\n\t\t\t\t\t\t\t\t\t\t\t\t\t\t<a href=\"https:\/\/www.divis.eu\/fr\/divis-a-20-ans-divis-presente-en-live-et-livre-blanc-de-la-geolocalisation-en-interieur\/\" target=\"_self\" title=\"DIVIS a 20 ans, DIVIS pr\u00e9sente en live et livre blanc de la g\u00e9olocalisation en int\u00e9rieur\" rel=\"noopener\">\n\t\t\t\t<img decoding=\"async\" src=\"https:\/\/www.divis.eu\/wp-content\/uploads\/2022\/04\/divis-newsletter-fr-1.gif\" alt=\"\" \/>\n\t\t\t\t<\/a>\n\t\t\t\t\t\t<h2>\n\t\t\t\t\t\t\t\tavril\t\t\t\t\t\t\t\t\n\t\t\t\t\t\t\t\t6\n\t\t\t\t\t\t\t\t2022\n\t\t\t\t\t\t<\/h2>\n\t\t\t\t\t\t<h4>\n\t\t\t\t<a href=https:\/\/www.divis.eu\/fr\/divis-a-20-ans-divis-presente-en-live-et-livre-blanc-de-la-geolocalisation-en-interieur\/ title=\"DIVIS a 20 ans, DIVIS pr\u00e9sente en live et livre blanc de la g\u00e9olocalisation en int\u00e9rieur\" tabindex=\"0\">DIVIS a 20 ans, DIVIS pr\u00e9sente en live et livre blanc de la g\u00e9olocalisation en int\u00e9rieur<\/a>\t\t\t<\/h4>\n\t\t\t\t\t\t\t\tDIVIS f\u00eate son 20\u00e8me anniversaire D\u00e9couvrez des d\u00e9tails in\u00e9dits sur l&rsquo;histoire de notre succ\u00e8s dans le passionnant article consacr\u00e9 \u00e0 notre anniversaire.\nRencontrez-nous en live \u00e0 la fin mai au salon LogiMAT \u00e0 Stuttgart. D\u00e9couvrez des nouveaux produits int\u00e9ressants, notamment notre outil de mise \u00e0 disposition d&rsquo;images pour diff\u00e9rents terminaux, la reconnaissance automatique des plaques d&rsquo;immatriculation et la g\u00e9olocalisation en int\u00e9rieur avec Bluetooth LE.\nInformations sur le livre blanc correspondant sur le th\u00e8me de la g\u00e9olocalisation en int\u00e9rieur \u00e9galement dans cette \u00e9dition.\n\t\t\t<a href=\"https:\/\/www.divis.eu\/fr\/divis-a-20-ans-divis-presente-en-live-et-livre-blanc-de-la-geolocalisation-en-interieur\/\" target=\"_self\" role=\"button\" aria-label=\"Plus\" rel=\"noopener\">\n\t\t\t\t\t\t\tPlus\n\t\t<\/a>\n\t\t\t\t\t\t\t\t\t\t\t\t\t\t<a href=\"https:\/\/www.divis.eu\/fr\/venez-rencontrer-divis-au-salon-logimat-2022-a-stuttgart\/\" target=\"_self\" title=\"Venez rencontrer DIVIS au salon LogiMAT 2022 \u00e0 Stuttgart\" rel=\"noopener\">\n\t\t\t\t<img decoding=\"async\" src=\"https:\/\/www.divis.eu\/wp-content\/uploads\/2022\/04\/divis-logimat-2022-fr.jpg\" alt=\"\" \/>\n\t\t\t\t<\/a>\n\t\t\t\t\t\t<h2>\n\t\t\t\t\t\t\t\tavril\t\t\t\t\t\t\t\t\n\t\t\t\t\t\t\t\t6\n\t\t\t\t\t\t\t\t2022\n\t\t\t\t\t\t<\/h2>\n\t\t\t\t\t\t<h4>\n\t\t\t\t<a href=https:\/\/www.divis.eu\/fr\/venez-rencontrer-divis-au-salon-logimat-2022-a-stuttgart\/ title=\"Venez rencontrer DIVIS au salon LogiMAT 2022 \u00e0 Stuttgart\" tabindex=\"0\">Venez rencontrer DIVIS au salon LogiMAT 2022 \u00e0 Stuttgart<\/a>\t\t\t<\/h4>\n\t\t\t\t\t\t\t\tNous serons pr\u00e9sents au salon LogiMAT 2022 \u00e0 Stuttgart et pr\u00e9senterons nos solutions en live pour que vous puissiez les d\u00e9couvrir et les tester gr\u00e2ce \u00e0 une mod\u00e9lisation. Les temps forts : Location<sup>+<\/sup> pour la g\u00e9olocalisation des terminaux, maintenant avec Bluetooth LE sans balises, concept DIVIS 360\u00b0 pour les d\u00e9p\u00f4ts de colis, Picture<sup>+<\/sup> pour afficher des images individuelles sur des terminaux. Venez nous rencontrer sur notre stand A07 dans le hall 8 ! Nous nous r\u00e9jouissons par avance de vous rencontrer.\n\t\t\t<a href=\"https:\/\/www.divis.eu\/fr\/venez-rencontrer-divis-au-salon-logimat-2022-a-stuttgart\/\" target=\"_self\" role=\"button\" aria-label=\"Plus\" rel=\"noopener\">\n\t\t\t\t\t\t\tPlus\n\t\t<\/a>\n\t\t\t\t\t\t\t\t\t\t\t\t\t\t<a href=\"https:\/\/www.divis.eu\/fr\/divis-au-salon-fruit-logistica-etude-de-cas-et-business-talk\/\" target=\"_self\" title=\"DIVIS au salon FRUIT LOGISTICA, \u00e9tude de cas et Business Talk\" rel=\"noopener\">\n\t\t\t\t<img decoding=\"async\" src=\"https:\/\/www.divis.eu\/wp-content\/uploads\/2022\/03\/DIVIS-nl-032022-featured.gif\" alt=\"DIVIS Newsletter 03\/2022\" \/>\n\t\t\t\t<\/a>\n\t\t\t\t\t\t<h2>\n\t\t\t\t\t\t\t\tmars\t\t\t\t\t\t\t\t\n\t\t\t\t\t\t\t\t8\n\t\t\t\t\t\t\t\t2022\n\t\t\t\t\t\t<\/h2>\n\t\t\t\t\t\t<h4>\n\t\t\t\t<a href=https:\/\/www.divis.eu\/fr\/divis-au-salon-fruit-logistica-etude-de-cas-et-business-talk\/ title=\"DIVIS au salon FRUIT LOGISTICA, \u00e9tude de cas et Business Talk\" tabindex=\"0\">DIVIS au salon FRUIT LOGISTICA, \u00e9tude de cas et Business Talk<\/a>\t\t\t<\/h4>\n\t\t\t\t\t\t\t\tVenez nous rencontrer du 5 au 7 avril 2022 en live au salon FRUIT LOGISTICA \u00e0 Berlin ! Vous trouverez toutes les informations sur notre pr\u00e9sence au salon dans cette \u00e9dition. D&rsquo;autre part : Heinrich Koch Internationale Spedition GmbH &#038; Co. KG, membre de CargoLine, a choisi CargoVIS. Nous vous pr\u00e9sentons l&rsquo;\u00e9tude de cas. Et il y a un nouveau Business Talk chez DIVIS.\n\t\t\t<a href=\"https:\/\/www.divis.eu\/fr\/divis-au-salon-fruit-logistica-etude-de-cas-et-business-talk\/\" target=\"_self\" role=\"button\" aria-label=\"Plus\" rel=\"noopener\">\n\t\t\t\t\t\t\tPlus\n\t\t<\/a>\n\t\t\t<ul class='page-numbers'>\n\t<li>1<\/li>\n\t<li><a href=\"https:\/\/www.divis.eu\/fr\/page\/2\/?page_id=7474&#038;fl_builder\">2<\/a><\/li>\n\t<li><a href=\"https:\/\/www.divis.eu\/fr\/page\/2\/?page_id=7474&#038;fl_builder\">Suivant\u00a0\u00bb<\/a><\/li>\n<\/ul>\n\t\t<h3>\n\t\tArchives\n\t<\/h3>\n\t\t\t\t\t<ul id=\"menu-newsarchiv-menu-fr\"><li id=\"menu-item-25097\"><a href=\"https:\/\/www.divis.eu\/fr\/archives-des-nouvelles-divis-2021-video-surveillance-en-logistique\/\">Archives 2021<\/a><\/li>\n<li id=\"menu-item-21316\"><a href=\"https:\/\/www.divis.eu\/fr\/divis-newsarchiv-2020-videoueberwachung-in-der-logistik\/\">Archives 2020<\/a><\/li>\n<li id=\"menu-item-18105\"><a href=\"https:\/\/www.divis.eu\/fr\/archives-des-nouvelles-divis-2019-video-surveillance-en-logistique\/\">Archives 2019<\/a><\/li>\n<li id=\"menu-item-15790\"><a href=\"https:\/\/www.divis.eu\/fr\/divis-newsarchiv-2018-cctv-videoueberwachung-in-der-logistik\/\">Archives 2018<\/a><\/li>\n<li id=\"menu-item-15791\"><a href=\"https:\/\/www.divis.eu\/fr\/archives-nouvelles-divis-2017-surveillance-par-camera-de-videosurveillance-en-logistique\/\">Archives 2017<\/a><\/li>\n<\/ul>\t\n\t\t\t\t<img decoding=\"async\" src=\"https:\/\/www.divis.eu\/wp-content\/uploads\/2018\/01\/kundenlogo-CTL-1.png\" alt=\"CTL | DIVIS Kunde\" title=\"kundenlogo-CTL\" itemprop=\"image\"  \/>\n\t\t\t\t<img decoding=\"async\" src=\"https:\/\/www.divis.eu\/wp-content\/uploads\/2018\/01\/kundenlogo-dpd.png\" alt=\"kundenlogo-dpd\" title=\"kundenlogo-dpd\" itemprop=\"image\"  \/>\n\t\t\t\t<img decoding=\"async\" src=\"https:\/\/www.divis.eu\/wp-content\/uploads\/2018\/01\/kundenlogo-online.png\" alt=\"kundenlogo-online\" title=\"kundenlogo-online\" itemprop=\"image\"  \/>\n\t\t\t\t<img decoding=\"async\" src=\"https:\/\/www.divis.eu\/wp-content\/uploads\/2018\/01\/kundenlogo-rhenus.png\" alt=\"Rhenus Logistics | DIVIS-Kunde\" title=\"kundenlogo-rhenus\" itemprop=\"image\"  \/>\n\t\t\t\t<img decoding=\"async\" src=\"https:\/\/www.divis.eu\/wp-content\/uploads\/2018\/01\/kundenlogo-tsb.png\" alt=\"kundenlogo-tsb\" title=\"kundenlogo-tsb\" itemprop=\"image\"  \/>\n\t\t\t\t<img decoding=\"async\" src=\"https:\/\/www.divis.eu\/wp-content\/uploads\/2018\/01\/logo-van-duuren-mono-2.png\" alt=\"logo-van-duuren-mono\" title=\"logo-van-duuren-mono\" itemprop=\"image\"  \/>\n\t\t\t\t<img decoding=\"async\" src=\"https:\/\/www.divis.eu\/wp-content\/uploads\/2018\/01\/kundenlogo-transoflex-3.png\" alt=\"kundenlogo-transoflex\" title=\"kundenlogo-transoflex\" itemprop=\"image\"  \/>\n\t\t\t\t<img decoding=\"async\" src=\"https:\/\/www.divis.eu\/wp-content\/uploads\/2018\/01\/kundenlogo-emons.png\" alt=\"Emons | DIVIS-Kunde\" title=\"kundenlogo-emons\" itemprop=\"image\"  \/>\n\t\t\t\t<img decoding=\"async\" src=\"https:\/\/www.divis.eu\/wp-content\/uploads\/2018\/01\/kundenlogo-geis.png\" alt=\"Spedition Geis | DIVIS-Kunde\" title=\"kundenlogo-geis\" itemprop=\"image\"  \/>\n\t\t\t\t<img decoding=\"async\" src=\"https:\/\/www.divis.eu\/wp-content\/uploads\/2018\/01\/kundenlogo-gebrueder-weiss.png\" alt=\"Gebr\u00fcder Weiss | DIVIS-Kunde\" title=\"kundenlogo-gebrueder-weiss\" itemprop=\"image\"  \/>\n\t\t\t\t<img decoding=\"async\" src=\"https:\/\/www.divis.eu\/wp-content\/uploads\/2018\/01\/kundenlogo-tchibo.png\" alt=\"Tchibo | DIVIS-Kunde\" title=\"kundenlogo-tchibo\" itemprop=\"image\"  \/>\n\t\t\t\t<img decoding=\"async\" src=\"https:\/\/www.divis.eu\/wp-content\/uploads\/2018\/01\/kundenlogo-24plus.png\" alt=\"kundenlogo-24plus\" title=\"kundenlogo-24plus\" itemprop=\"image\"  \/>\n\n","protected":false},"excerpt":{"rendered":"<p>Toujours \u00e0 jour Nouvelles DIVIS Nouvelles DIVIS Conseils produits Informations g\u00e9n\u00e9rales Un aper\u00e7u des actualit\u00e9s Nouveaut\u00e9s concernant les produits DIVIS, les d\u00e9veloppements et les \u00e9v\u00e8nements mars 21 2024 DGS Transports s&rsquo;offre une qualit\u00e9 premium gr\u00e2ce \u00e0 la solution CargoVIS et sa g\u00e9olocalisation indoor L&rsquo;entreprise de transport fran\u00e7aise DGS Transports \u00e9tait \u00e0 la recherche d&rsquo;une solution&hellip;<\/p>\n","protected":false},"author":1,"featured_media":0,"parent":0,"menu_order":0,"comment_status":"closed","ping_status":"closed","template":"","meta":{"footnotes":""},"class_list":["post-7474","page","type-page","status-publish","hentry"],"yoast_head":"<!-- This site is optimized with the Yoast SEO plugin v27.5 - https:\/\/yoast.com\/product\/yoast-seo-wordpress\/ -->\n<title>Aper\u00e7u des nouvelles DIVIS |Suivi des envois par cam\u00e9ra dans la logistique<\/title>\n<meta name=\"description\" content=\"Des nouvelles int\u00e9ressantes sur DIVIS et nos produits pour le suivi des envois par cam\u00e9ra dans la logistique. Si vous souhaitez \u00eatre inform\u00e9(e) automatiquement, abonnez-vous \u00e0 notre newsletter.\" \/>\n<meta name=\"robots\" content=\"index, follow, max-snippet:-1, max-image-preview:large, max-video-preview:-1\" \/>\n<link rel=\"canonical\" href=\"https:\/\/www.divis.eu\/fr\/divis-news-vue-densemble-suivi-des-envois-par-camera-en-logistique\/\" \/>\n<meta property=\"og:locale\" content=\"fr_FR\" \/>\n<meta property=\"og:type\" content=\"article\" \/>\n<meta property=\"og:title\" content=\"Aper\u00e7u des nouvelles DIVIS |Suivi des envois par cam\u00e9ra dans la logistique\" \/>\n<meta property=\"og:description\" content=\"Des nouvelles int\u00e9ressantes sur DIVIS et nos produits pour le suivi des envois par cam\u00e9ra dans la logistique. Si vous souhaitez \u00eatre inform\u00e9(e) automatiquement, abonnez-vous \u00e0 notre newsletter.\" \/>\n<meta property=\"og:url\" content=\"https:\/\/www.divis.eu\/fr\/divis-news-vue-densemble-suivi-des-envois-par-camera-en-logistique\/\" \/>\n<meta property=\"og:site_name\" content=\"DIVIS - The intelligent view\" \/>\n<meta property=\"article:modified_time\" content=\"2024-03-25T15:26:45+00:00\" \/>\n<meta property=\"og:image\" content=\"https:\/\/www.divis.eu\/wp-content\/uploads\/2018\/11\/sprechblase-newsletter-abo-fr.png\" \/>\n<meta name=\"twitter:card\" content=\"summary_large_image\" \/>\n<meta name=\"twitter:label1\" content=\"Dur\u00e9e de lecture estim\u00e9e\" \/>\n\t<meta name=\"twitter:data1\" content=\"3 minutes\" \/>\n<script type=\"application\/ld+json\" class=\"yoast-schema-graph\">{\"@context\":\"https:\\\/\\\/schema.org\",\"@graph\":[{\"@type\":\"WebPage\",\"@id\":\"https:\\\/\\\/www.divis.eu\\\/fr\\\/divis-news-vue-densemble-suivi-des-envois-par-camera-en-logistique\\\/\",\"url\":\"https:\\\/\\\/www.divis.eu\\\/fr\\\/divis-news-vue-densemble-suivi-des-envois-par-camera-en-logistique\\\/\",\"name\":\"Aper\u00e7u des nouvelles DIVIS |Suivi des envois par cam\u00e9ra dans la logistique\",\"isPartOf\":{\"@id\":\"https:\\\/\\\/www.divis.eu\\\/#website\"},\"primaryImageOfPage\":{\"@id\":\"https:\\\/\\\/www.divis.eu\\\/fr\\\/divis-news-vue-densemble-suivi-des-envois-par-camera-en-logistique\\\/#primaryimage\"},\"image\":{\"@id\":\"https:\\\/\\\/www.divis.eu\\\/fr\\\/divis-news-vue-densemble-suivi-des-envois-par-camera-en-logistique\\\/#primaryimage\"},\"thumbnailUrl\":\"https:\\\/\\\/www.divis.eu\\\/wp-content\\\/uploads\\\/2018\\\/11\\\/sprechblase-newsletter-abo-fr.png\",\"datePublished\":\"2018-06-08T11:39:00+00:00\",\"dateModified\":\"2024-03-25T15:26:45+00:00\",\"description\":\"Des nouvelles int\u00e9ressantes sur DIVIS et nos produits pour le suivi des envois par cam\u00e9ra dans la logistique. Si vous souhaitez \u00eatre inform\u00e9(e) automatiquement, abonnez-vous \u00e0 notre newsletter.\",\"breadcrumb\":{\"@id\":\"https:\\\/\\\/www.divis.eu\\\/fr\\\/divis-news-vue-densemble-suivi-des-envois-par-camera-en-logistique\\\/#breadcrumb\"},\"inLanguage\":\"fr-FR\",\"potentialAction\":[{\"@type\":\"ReadAction\",\"target\":[\"https:\\\/\\\/www.divis.eu\\\/fr\\\/divis-news-vue-densemble-suivi-des-envois-par-camera-en-logistique\\\/\"]}]},{\"@type\":\"ImageObject\",\"inLanguage\":\"fr-FR\",\"@id\":\"https:\\\/\\\/www.divis.eu\\\/fr\\\/divis-news-vue-densemble-suivi-des-envois-par-camera-en-logistique\\\/#primaryimage\",\"url\":\"https:\\\/\\\/www.divis.eu\\\/wp-content\\\/uploads\\\/2018\\\/11\\\/sprechblase-newsletter-abo-fr.png\",\"contentUrl\":\"https:\\\/\\\/www.divis.eu\\\/wp-content\\\/uploads\\\/2018\\\/11\\\/sprechblase-newsletter-abo-fr.png\"},{\"@type\":\"BreadcrumbList\",\"@id\":\"https:\\\/\\\/www.divis.eu\\\/fr\\\/divis-news-vue-densemble-suivi-des-envois-par-camera-en-logistique\\\/#breadcrumb\",\"itemListElement\":[{\"@type\":\"ListItem\",\"position\":1,\"name\":\"Startseite\",\"item\":\"https:\\\/\\\/www.divis.eu\\\/fr\\\/\"},{\"@type\":\"ListItem\",\"position\":2,\"name\":\"DIVIS News Vue d&rsquo;ensemble | Suivi des envois par cam\u00e9ra en logistique\"}]},{\"@type\":\"WebSite\",\"@id\":\"https:\\\/\\\/www.divis.eu\\\/#website\",\"url\":\"https:\\\/\\\/www.divis.eu\\\/\",\"name\":\"DIVIS - The intelligent view\",\"description\":\"Videosysteml\u00f6sungen f\u00fcr Umschlags- und Warenlager\",\"potentialAction\":[{\"@type\":\"SearchAction\",\"target\":{\"@type\":\"EntryPoint\",\"urlTemplate\":\"https:\\\/\\\/www.divis.eu\\\/?s={search_term_string}\"},\"query-input\":{\"@type\":\"PropertyValueSpecification\",\"valueRequired\":true,\"valueName\":\"search_term_string\"}}],\"inLanguage\":\"fr-FR\"}]}<\/script>\n<!-- \/ Yoast SEO plugin. -->","yoast_head_json":{"title":"Aper\u00e7u des nouvelles DIVIS |Suivi des envois par cam\u00e9ra dans la logistique","description":"Des nouvelles int\u00e9ressantes sur DIVIS et nos produits pour le suivi des envois par cam\u00e9ra dans la logistique. Si vous souhaitez \u00eatre inform\u00e9(e) automatiquement, abonnez-vous \u00e0 notre newsletter.","robots":{"index":"index","follow":"follow","max-snippet":"max-snippet:-1","max-image-preview":"max-image-preview:large","max-video-preview":"max-video-preview:-1"},"canonical":"https:\/\/www.divis.eu\/fr\/divis-news-vue-densemble-suivi-des-envois-par-camera-en-logistique\/","og_locale":"fr_FR","og_type":"article","og_title":"Aper\u00e7u des nouvelles DIVIS |Suivi des envois par cam\u00e9ra dans la logistique","og_description":"Des nouvelles int\u00e9ressantes sur DIVIS et nos produits pour le suivi des envois par cam\u00e9ra dans la logistique. Si vous souhaitez \u00eatre inform\u00e9(e) automatiquement, abonnez-vous \u00e0 notre newsletter.","og_url":"https:\/\/www.divis.eu\/fr\/divis-news-vue-densemble-suivi-des-envois-par-camera-en-logistique\/","og_site_name":"DIVIS - The intelligent view","article_modified_time":"2024-03-25T15:26:45+00:00","og_image":[{"url":"https:\/\/www.divis.eu\/wp-content\/uploads\/2018\/11\/sprechblase-newsletter-abo-fr.png","type":"","width":"","height":""}],"twitter_card":"summary_large_image","twitter_misc":{"Dur\u00e9e de lecture estim\u00e9e":"3 minutes"},"schema":{"@context":"https:\/\/schema.org","@graph":[{"@type":"WebPage","@id":"https:\/\/www.divis.eu\/fr\/divis-news-vue-densemble-suivi-des-envois-par-camera-en-logistique\/","url":"https:\/\/www.divis.eu\/fr\/divis-news-vue-densemble-suivi-des-envois-par-camera-en-logistique\/","name":"Aper\u00e7u des nouvelles DIVIS |Suivi des envois par cam\u00e9ra dans la logistique","isPartOf":{"@id":"https:\/\/www.divis.eu\/#website"},"primaryImageOfPage":{"@id":"https:\/\/www.divis.eu\/fr\/divis-news-vue-densemble-suivi-des-envois-par-camera-en-logistique\/#primaryimage"},"image":{"@id":"https:\/\/www.divis.eu\/fr\/divis-news-vue-densemble-suivi-des-envois-par-camera-en-logistique\/#primaryimage"},"thumbnailUrl":"https:\/\/www.divis.eu\/wp-content\/uploads\/2018\/11\/sprechblase-newsletter-abo-fr.png","datePublished":"2018-06-08T11:39:00+00:00","dateModified":"2024-03-25T15:26:45+00:00","description":"Des nouvelles int\u00e9ressantes sur DIVIS et nos produits pour le suivi des envois par cam\u00e9ra dans la logistique. Si vous souhaitez \u00eatre inform\u00e9(e) automatiquement, abonnez-vous \u00e0 notre newsletter.","breadcrumb":{"@id":"https:\/\/www.divis.eu\/fr\/divis-news-vue-densemble-suivi-des-envois-par-camera-en-logistique\/#breadcrumb"},"inLanguage":"fr-FR","potentialAction":[{"@type":"ReadAction","target":["https:\/\/www.divis.eu\/fr\/divis-news-vue-densemble-suivi-des-envois-par-camera-en-logistique\/"]}]},{"@type":"ImageObject","inLanguage":"fr-FR","@id":"https:\/\/www.divis.eu\/fr\/divis-news-vue-densemble-suivi-des-envois-par-camera-en-logistique\/#primaryimage","url":"https:\/\/www.divis.eu\/wp-content\/uploads\/2018\/11\/sprechblase-newsletter-abo-fr.png","contentUrl":"https:\/\/www.divis.eu\/wp-content\/uploads\/2018\/11\/sprechblase-newsletter-abo-fr.png"},{"@type":"BreadcrumbList","@id":"https:\/\/www.divis.eu\/fr\/divis-news-vue-densemble-suivi-des-envois-par-camera-en-logistique\/#breadcrumb","itemListElement":[{"@type":"ListItem","position":1,"name":"Startseite","item":"https:\/\/www.divis.eu\/fr\/"},{"@type":"ListItem","position":2,"name":"DIVIS News Vue d&rsquo;ensemble | Suivi des envois par cam\u00e9ra en logistique"}]},{"@type":"WebSite","@id":"https:\/\/www.divis.eu\/#website","url":"https:\/\/www.divis.eu\/","name":"DIVIS - The intelligent view","description":"Videosysteml\u00f6sungen f\u00fcr Umschlags- und Warenlager","potentialAction":[{"@type":"SearchAction","target":{"@type":"EntryPoint","urlTemplate":"https:\/\/www.divis.eu\/?s={search_term_string}"},"query-input":{"@type":"PropertyValueSpecification","valueRequired":true,"valueName":"search_term_string"}}],"inLanguage":"fr-FR"}]}},"_links":{"self":[{"href":"https:\/\/www.divis.eu\/fr\/wp-json\/wp\/v2\/pages\/7474","targetHints":{"allow":["GET"]}}],"collection":[{"href":"https:\/\/www.divis.eu\/fr\/wp-json\/wp\/v2\/pages"}],"about":[{"href":"https:\/\/www.divis.eu\/fr\/wp-json\/wp\/v2\/types\/page"}],"author":[{"embeddable":true,"href":"https:\/\/www.divis.eu\/fr\/wp-json\/wp\/v2\/users\/1"}],"replies":[{"embeddable":true,"href":"https:\/\/www.divis.eu\/fr\/wp-json\/wp\/v2\/comments?post=7474"}],"version-history":[{"count":0,"href":"https:\/\/www.divis.eu\/fr\/wp-json\/wp\/v2\/pages\/7474\/revisions"}],"wp:attachment":[{"href":"https:\/\/www.divis.eu\/fr\/wp-json\/wp\/v2\/media?parent=7474"}],"curies":[{"name":"wp","href":"https:\/\/api.w.org\/{rel}","templated":true}]}}