{"id":9894,"date":"2018-02-06T18:43:02","date_gmt":"2018-02-06T18:43:02","guid":{"rendered":"https:\/\/www.divis.eu\/storevis-videoueberwachung-warenmanagement\/"},"modified":"2020-05-28T10:29:31","modified_gmt":"2020-05-28T10:29:31","slug":"storevis-pour-la-videosurveillance-dans-la-gestion-des-marchandises","status":"publish","type":"page","link":"https:\/\/www.divis.eu\/fr\/storevis-pour-la-videosurveillance-dans-la-gestion-des-marchandises\/","title":{"rendered":"StoreVIS pour la vid\u00e9osurveillance dans la gestion des marchandises"},"content":{"rendered":"\n\t\t\t\t<img decoding=\"async\" src=\"https:\/\/www.divis.eu\/wp-content\/uploads\/2018\/11\/mobilbild-header-storevis-fr.png\" alt=\"Consultant num\u00e9rique pour votre logistique de stockage\" itemprop=\"image\" height=\"583\" width=\"700\" title=\"mobilbild-header-storevis-fr\" onerror=\"this.style.display='none'\"  \/>\n\t\t\t\t<img decoding=\"async\" src=\"https:\/\/www.divis.eu\/wp-content\/uploads\/2018\/11\/logo-kopf-storevis-fr.png\" alt=\"Consultant num\u00e9rique pour votre logistique de stockage\" itemprop=\"image\" height=\"290\" width=\"760\" title=\"logo-kopf-storevis-fr\" onerror=\"this.style.display='none'\"  \/>\n<h1>\n\t\tConsultant num\u00e9rique\n\t<\/h1>\n<h1>\n\t\tpour votre logistique de stockage\n\t<\/h1>\n\t\t\t\t\t<ul id=\"menu-storevis-menue-fr\"><li id=\"menu-item-13517\"><a href=\"https:\/\/www.divis.eu\/fr\/storevis-pour-la-videosurveillance-dans-la-gestion-des-marchandises\/\">Aper\u00e7u<\/a><\/li>\n<li id=\"menu-item-13016\"><a href=\"https:\/\/www.divis.eu\/fr\/storevis-retoure-plus-pour-le-videotracking-en-logistique\/\">StoreVIS Retoure<sup>+<\/sup><\/a><\/li>\n<\/ul>\t\n\t<h1>\n\t\tLa solution StoreVIS\n\t<\/h1>\n\t<p>StoreVIS, le syst\u00e8me de vid\u00e9osurveillance pour la gestion des marchandises, vous aide \u00e0 am\u00e9liorer la qualit\u00e9 de vos services et \u00e0 \u00e9viter les pi\u00e8ges en mati\u00e8re de co\u00fbts.<\/p>\n<br \/>\n<strong>VOICI COMMENT CELA FONCTIONNE<\/strong>\n<br \/>\nQu&rsquo;il s&rsquo;agisse de stockage, de pr\u00e9paration des marchandises, de processus de retour ou de sortie de marchandises &#8211; StoreVIS peut visualiser chaque processus dans le stock.\n<h1>\n\t\t Voir plus. En savoir plus. Comprendre.\n\t<\/h1>\n<h1>\n\t\tDe bonnes raisons pour choisir StoreVIS\n\t<\/h1>\n\t<h3>R\u00e9duction des recours,<\/h3>\n\t<p>augmenter la satisfaction des clients.<\/p>\n\t\tTransfert de responsabilit\u00e9 clairement document\u00e9\t\t\t\n\t\t\t\tGr\u00e2ce \u00e0 des preuves claires,\u00a0 StoreVIS vous place dans une situation privil\u00e9gi\u00e9e vis-\u00e0-vis de vos interlocuteurs. Vous pouvez \u00e9viter les recours de mani\u00e8re concluante et clarifier les dommages et les pertes.\n\t\tProtection des donn\u00e9es en lettres majuscules\t\t\t\n\t\t\t\tStoreVIS r\u00e9pond aux exigences de protection des donn\u00e9es du l\u00e9gislateur et de votre comit\u00e9 d&rsquo;entreprise. Les filtres configurables rendent les informations non pertinentes m\u00e9connaissables, tous les d\u00e9tails n\u00e9cessaires \u00e0 la recherche restent quant \u00e0 eux visibles.\n\t\t\t\t<img decoding=\"async\" src=\"https:\/\/www.divis.eu\/wp-content\/uploads\/2018\/03\/infografik-videueberwachung-warenmanagement-storevis.png\" alt=\"StoreVIS zur Video\u00fcberwachung im Warenmanagement\" itemprop=\"image\" height=\"700\" width=\"600\" title=\"infografik-videueberwachung-warenmanagement-storevis\" onerror=\"this.style.display='none'\"  \/>\n\t<h3>Gestion de vos retours<br>en toute tranquillit\u00e9<\/h3>\n\t<p>Traitement plus rapide<br>et clarification simple en cas de doute<\/p>\n<h1>\n\t\tUne excellente d\u00e9cision\n\t<\/h1>\n<h1>\n\t\t La technique vid\u00e9o de pointe\n\t<\/h1>\n<h1>\n\t\tvous accompagne dans chaque \u00e9tape\n\t<\/h1>\n\t<p>Avec la solution syst\u00e8me StoreVIS pour <strong>la vid\u00e9osurveillance dans la gestion des marchandises,<\/strong> vous n&rsquo;avez plus besoin de vous fier \u00e0 votre intuition, mais vous pouvez d\u00e9couvrir les potentiels d&rsquo;optimisation existants \u00e0 l&rsquo;aide de chiffres cl\u00e9s concrets.<\/p>\n<p>StoreVIS vous aide \u00e0 am\u00e9liorer la qualit\u00e9 de vos services et \u00e0 \u00e9viter les pi\u00e8ges en mati\u00e8re de co\u00fbts.<\/p>\nGr\u00e2ce \u00e0 une technologie vid\u00e9o innovante, StoreVIS accompagne chaque \u00e9tape de l&rsquo;exploitation d&rsquo;un entrep\u00f4t moderne. Qu&rsquo;il s&rsquo;agisse de stockage, de processus de retour, de pr\u00e9paration des marchandises\u00a0 ou de la\u00a0 sortie de marchandises &#8211; chaque processus du stock peut \u00eatre visualis\u00e9 en reliant les donn\u00e9es vid\u00e9o et les donn\u00e9es d&rsquo;envoi.<br \/>\nDIVIS analyse le d\u00e9roulement du processus et cr\u00e9e une solution personnalis\u00e9e pour l\u2019optimisation de votre logistique de stockage.\n<h2>\n\t\tGestion des retours professionnelle avec Retoure<sup>+<\/sup>\n\t<\/h2>\n\t<p><img decoding=\"async\" src=\"https:\/\/www.divis.eu\/wp-content\/uploads\/2018\/02\/icon-storevis1.png\" alt=\"\" width=\"120\" height=\"139\" \/><\/p>\n<p>Avec la fonction Plus<sup>+<\/sup> Retoure<sup>+<\/sup>,\u00a0 vous structurez votre processus de retour. La disponibilit\u00e9 permanente des donn\u00e9es permet un \u00e9claircissement clair de tous les cas et une communication rapide et cibl\u00e9e. Ceci r\u00e9duit les co\u00fbts, raccourcit les processus chronophages et veille pour finir \u00e0 une am\u00e9lioration de l\u2019image accrue.<\/p>\n\t\t\t<a href=\"https:\/\/www.divis.eu\/fr\/storevis-retoure-plus-pour-le-videotracking-en-logistique\/\" target=\"_self\" role=\"button\" rel=\"noopener noreferrer\">\n\t\t\t\t\t\t\tStoreVIS Retoure<sup>+<\/sup>\n\t\t<\/a>\n\t\t\t\t<img decoding=\"async\" src=\"https:\/\/www.divis.eu\/wp-content\/uploads\/2018\/01\/logo-tsb.png\" alt=\"logo-tsb\" title=\"logo-tsb\" itemprop=\"image\"\/>\n\t\t\t\t\t\t\t\t<h3 class='uabb-testimonial-author-name testimonial-author-name'>TSBtrans<\/h3>\t\t\t\t\t\t\t\t\n\t\t\t\t\t\t\t\t\tEspagne\t\t\t\t\t\t\t\t\n\t\t\t\t\t\t\t<blockquote><p>\u00ab\u00a0CargoVIS est absolument fiable, gr\u00e2ce \u00e0 ses capacit\u00e9s de suivi, l&rsquo;investissement pour TSB s&rsquo;est amorti en moins d&rsquo;un an en trouvant les palettes manquantes et en identifiant les sources de dommages.\u00a0\u00bb<\/p><\/blockquote>\t\t\t\t\t\t\n\t\t\t\t<img decoding=\"async\" src=\"https:\/\/www.divis.eu\/wp-content\/uploads\/2018\/01\/logo-lagermax.png\" alt=\"logo-lagermax\" title=\"logo-lagermax\" itemprop=\"image\"\/>\n\t\t\t\t\t\t\t\t<h3 class='uabb-testimonial-author-name testimonial-author-name'>Lagermax Paketdienst GmbH &amp; Co KG<\/h3>\t\t\t\t\t\t\t\t\n\t\t\t\t\t\t\t\t\tAutriche\t\t\t\t\t\t\t\t\n\t\t\t\t\t\t\t<blockquote><p>\u00ab\u00a0Nous utilisons ParcelVIS de DIVIS depuis 5 ans et n&rsquo;avons jamais rencontr\u00e9 de probl\u00e8mes.\u00a0\u00bb<\/p><\/blockquote>\t\t\t\t\t\t\n\t\t\t\t<img decoding=\"async\" src=\"https:\/\/www.divis.eu\/wp-content\/uploads\/2018\/01\/logo-voigt-invers.png\" alt=\"logo-voigt-invers\" title=\"logo-voigt-invers\" itemprop=\"image\"\/>\n\t\t\t\t\t\t\t\t<h3 class='uabb-testimonial-author-name testimonial-author-name'>Herbert Voigt GmbH &amp; Co. KG<\/h3>\t\t\t\t\t\t\t\t\n\t\t\t\t\t\t\t\t\tAllemagne\t\t\t\t\t\t\t\t\n\t\t\t\t\t\t\t<blockquote><p>\u00ab\u00a0Avec DIVIS, nous avons trouv\u00e9 un partenaire comp\u00e9tent qui a toujours une solution pour nos propres id\u00e9es.\u00a0\u00bb<\/p><\/blockquote>\t\t\t\t\t\t\n\t\t\t\t<img decoding=\"async\" src=\"https:\/\/www.divis.eu\/wp-content\/uploads\/2018\/01\/logo-schmalz-schoen.png\" alt=\"logo-schmalz-schoen\" title=\"logo-schmalz-schoen\" itemprop=\"image\"\/>\n\t\t\t\t\t\t\t\t<h3 class='uabb-testimonial-author-name testimonial-author-name'>SCHMALZ+SCH\u00d6N Logistics GmbH<\/h3>\t\t\t\t\t\t\t\t\n\t\t\t\t\t\t\t\t\tAllemagne\t\t\t\t\t\t\t\t\n\t\t\t\t\t\t\t<blockquote><p>\u00ab\u00a0La solution parfaite m\u00eame pour les zones de transbordement h\u00e9t\u00e9rog\u00e8nes &#8211; la vid\u00e9osurveillance de DIVIS\u00a0qui vole au secours des colis. \u00bb<\/p><\/blockquote>\t\t\t\t\t\t\n\t\t\t\t<img decoding=\"async\" src=\"https:\/\/www.divis.eu\/wp-content\/uploads\/2018\/01\/logo-zufall-1.png\" alt=\"logo-zufall\" title=\"logo-zufall\" itemprop=\"image\"\/>\n\t\t\t\t\t\t\t\t<h3 class='uabb-testimonial-author-name testimonial-author-name'>Friedrich Zufall GmbH &amp; Co. KG<\/h3>\t\t\t\t\t\t\t\t\n\t\t\t\t\t\t\t\t\tAllemagne\t\t\t\t\t\t\t\t\n\t\t\t\t\t\t\t<blockquote><p>\u00ab\u00a0Nous sommes tr\u00e8s satisfaits du syst\u00e8me \u00a0[&#8230;de \u00a0DIVIS&#8230;]\u00a0\u00bb<\/p><\/blockquote>\t\t\t\t\t\t\n\t\t\t<a href=\"https:\/\/www.divis.eu\/fr\/references-etudes-de-cas-suivi-des-envois-dans-lentrepot\/\" target=\"_self\" role=\"button\" rel=\"noopener noreferrer\">\n\t\t\t\t\t\t\tAller aux \u00e9tudes de cas\n\t\t<\/a>\n\t\t\t\t<img decoding=\"async\" src=\"https:\/\/www.divis.eu\/wp-content\/uploads\/2018\/01\/hendrik-reger-1.png\" alt=\"Hendrik Reger | DIVIS | Videol\u00f6sungen f\u00fcr die Logistik\" itemprop=\"image\" height=\"385\" width=\"300\" title=\"hendrik-reger\" onerror=\"this.style.display='none'\"  \/>\n\t<em><strong>Hendrik Reger<\/strong><br \/>\nDirecteur commercial \/ fond\u00e9 de pouvoir<\/em>\n<h1>\n\t\tAvez-vous des questions ?\n\t<\/h1>\n<h1>\n\t\tNous avons des r\u00e9ponses\n\t<\/h1>\n\t<p>Notre \u00e9quipe est \u00e0 votre disposition pour r\u00e9pondre \u00e0 vos questions sur nos produits et se fera un plaisir de vous conseiller gratuitement et sans engagement.<\/p>\n\t\t\t<a href=\"https:\/\/www.divis.eu\/fr\/contacter-divis-fournisseur-pour-le-suivi-des-envois-par-camera\/\" target=\"_self\" role=\"button\" rel=\"noopener noreferrer\">\n\t\t\t\t\t\t\tContacter DIVIS\n\t\t<\/a>\n\t\t\t\t<a href=\"https:\/\/www.divis.eu\/fr\/inscription-a-la-newsletter-optimisation-des-processus-dans-lentrepot\/\" target=\"_self\" itemprop=\"url\" rel=\"noopener noreferrer\">\n\t\t\t\t<img decoding=\"async\" src=\"https:\/\/www.divis.eu\/wp-content\/uploads\/2018\/11\/sprechblase-newsletter-abo-fr.png\" alt=\"Abonner la DIVIS newsletter\" title=\"sprechblase-newsletter-abo-fr\" itemprop=\"image\"  \/>\n\t\t\t\t\t\t<\/a>\n\t<h3>Newsletter DIVIS<\/h3>\n<p>En vous abonnant \u00e0 notre newsletter, vous \u00eates toujours au courant de toutes les nouveaut\u00e9s de DIVIS<\/p>\n\t\t\t<a href=\"https:\/\/www.divis.eu\/fr\/inscription-a-la-newsletter-optimisation-des-processus-dans-lentrepot\/\" target=\"_self\" role=\"button\" rel=\"noopener noreferrer\">\n\t\t\t\t\t\t\tAbonner la newsletter\n\t\t<\/a>\n\t\t\t\t<img decoding=\"async\" src=\"https:\/\/www.divis.eu\/wp-content\/uploads\/2018\/01\/kundenlogo-CTL.png\" alt=\"kundenlogo-CTL\" itemprop=\"image\" height=\"51\" width=\"120\" title=\"kundenlogo-CTL\" onerror=\"this.style.display='none'\"  \/>\n\t\t\t\t<img decoding=\"async\" src=\"https:\/\/www.divis.eu\/wp-content\/uploads\/2018\/01\/kundenlogo-dpd.png\" alt=\"kundenlogo-dpd\" itemprop=\"image\" height=\"51\" width=\"120\" title=\"kundenlogo-dpd\" onerror=\"this.style.display='none'\"  \/>\n\t\t\t\t<img decoding=\"async\" src=\"https:\/\/www.divis.eu\/wp-content\/uploads\/2018\/01\/kundenlogo-panalpina.png\" alt=\"kundenlogo-panalpina\" itemprop=\"image\" height=\"51\" width=\"120\" title=\"kundenlogo-panalpina\" onerror=\"this.style.display='none'\"  \/>\n\t\t\t\t<img decoding=\"async\" src=\"https:\/\/www.divis.eu\/wp-content\/uploads\/2018\/01\/kundenlogo-online.png\" alt=\"kundenlogo-online\" itemprop=\"image\" height=\"51\" width=\"120\" title=\"kundenlogo-online\" onerror=\"this.style.display='none'\"  \/>\n\t\t\t\t<img decoding=\"async\" src=\"https:\/\/www.divis.eu\/wp-content\/uploads\/2018\/01\/kundenlogo-rhenus.png\" alt=\"Rhenus Logistics | DIVIS-Kunde\" title=\"kundenlogo-rhenus\" itemprop=\"image\"  \/>\n\t\t\t\t<img decoding=\"async\" src=\"https:\/\/www.divis.eu\/wp-content\/uploads\/2018\/01\/kundenlogo-tsb.png\" alt=\"kundenlogo-tsb\" itemprop=\"image\" height=\"51\" width=\"120\" title=\"kundenlogo-tsb\" onerror=\"this.style.display='none'\"  \/>\n\t\t\t\t<img decoding=\"async\" src=\"https:\/\/www.divis.eu\/wp-content\/uploads\/2018\/01\/kundenlogo-gebrueder-weiss.png\" alt=\"Gebr\u00fcder Weiss | DIVIS-Kunde\" itemprop=\"image\" height=\"51\" width=\"150\" title=\"kundenlogo-gebrueder-weiss\" onerror=\"this.style.display='none'\"  \/>\n\t\t\t\t<img decoding=\"async\" src=\"https:\/\/www.divis.eu\/wp-content\/uploads\/2018\/01\/kundenlogo-tchibo.png\" alt=\"Tchibo | DIVIS-Kunde\" title=\"kundenlogo-tchibo\" itemprop=\"image\"  \/>\n\t\t\t\t<img decoding=\"async\" src=\"https:\/\/www.divis.eu\/wp-content\/uploads\/2018\/01\/kundenlogo-24plus.png\" alt=\"kundenlogo-24plus\" itemprop=\"image\" height=\"51\" width=\"120\" title=\"kundenlogo-24plus\" onerror=\"this.style.display='none'\"  \/>\n\t\t\t\t<img decoding=\"async\" src=\"https:\/\/www.divis.eu\/wp-content\/uploads\/2018\/01\/kundenlogo-raben.png\" alt=\"Raben Group | DIVIS-Kunde\" title=\"kundenlogo-raben\" itemprop=\"image\"  \/>\n\t\t\t\t<img decoding=\"async\" src=\"https:\/\/www.divis.eu\/wp-content\/uploads\/2018\/01\/kundenlogo-geis.png\" alt=\"Spedition Geis | DIVIS-Kunde\" title=\"kundenlogo-geis\" itemprop=\"image\"  \/>\n\t\t\t\t<img decoding=\"async\" src=\"https:\/\/www.divis.eu\/wp-content\/uploads\/2018\/01\/kundenlogo-zufall.png\" alt=\"kundenlogo-zufall\" itemprop=\"image\" height=\"51\" width=\"120\" title=\"kundenlogo-zufall\" onerror=\"this.style.display='none'\"  \/>\n","protected":false},"excerpt":{"rendered":"<p>Consultant num\u00e9rique pour votre logistique de stockage Aper\u00e7u StoreVIS Retoure+ La solution StoreVIS StoreVIS, le syst\u00e8me de vid\u00e9osurveillance pour la gestion des marchandises, vous aide \u00e0 am\u00e9liorer la qualit\u00e9 de vos services et \u00e0 \u00e9viter les pi\u00e8ges en mati\u00e8re de co\u00fbts. VOICI COMMENT CELA FONCTIONNE Qu&rsquo;il s&rsquo;agisse de stockage, de pr\u00e9paration des marchandises, de processus&hellip;<\/p>\n","protected":false},"author":1,"featured_media":0,"parent":0,"menu_order":0,"comment_status":"closed","ping_status":"closed","template":"","meta":{"footnotes":""},"class_list":["post-9894","page","type-page","status-publish","hentry"],"yoast_head":"<!-- This site is optimized with the Yoast SEO plugin v27.5 - https:\/\/yoast.com\/product\/yoast-seo-wordpress\/ -->\n<title>Solution syst\u00e8me pour la vid\u00e9osurveillance dans la gestion des marchandises<\/title>\n<meta name=\"description\" content=\"Avec la solution syst\u00e8me StoreVIS pour la vid\u00e9osurveillance dans la gestion des marchandises, vous n&#039;avez plus besoin de vous fier \u00e0 votre intuition, ...\" \/>\n<meta name=\"robots\" content=\"index, follow, max-snippet:-1, max-image-preview:large, max-video-preview:-1\" \/>\n<link rel=\"canonical\" href=\"https:\/\/www.divis.eu\/fr\/storevis-pour-la-videosurveillance-dans-la-gestion-des-marchandises\/\" \/>\n<meta property=\"og:locale\" content=\"fr_FR\" \/>\n<meta property=\"og:type\" content=\"article\" \/>\n<meta property=\"og:title\" content=\"Solution syst\u00e8me pour la vid\u00e9osurveillance dans la gestion des marchandises\" \/>\n<meta property=\"og:description\" content=\"Avec la solution syst\u00e8me StoreVIS pour la vid\u00e9osurveillance dans la gestion des marchandises, vous n&#039;avez plus besoin de vous fier \u00e0 votre intuition, ...\" \/>\n<meta property=\"og:url\" content=\"https:\/\/www.divis.eu\/fr\/storevis-pour-la-videosurveillance-dans-la-gestion-des-marchandises\/\" \/>\n<meta property=\"og:site_name\" content=\"DIVIS - The intelligent view\" \/>\n<meta property=\"article:modified_time\" content=\"2020-05-28T10:29:31+00:00\" \/>\n<meta property=\"og:image\" content=\"https:\/\/www.divis.eu\/wp-content\/uploads\/2018\/11\/mobilbild-header-storevis-fr.png\" \/>\n<meta name=\"twitter:card\" content=\"summary_large_image\" \/>\n<meta name=\"twitter:label1\" content=\"Dur\u00e9e de lecture estim\u00e9e\" \/>\n\t<meta name=\"twitter:data1\" content=\"3 minutes\" \/>\n<script type=\"application\/ld+json\" class=\"yoast-schema-graph\">{\"@context\":\"https:\\\/\\\/schema.org\",\"@graph\":[{\"@type\":\"WebPage\",\"@id\":\"https:\\\/\\\/www.divis.eu\\\/fr\\\/storevis-pour-la-videosurveillance-dans-la-gestion-des-marchandises\\\/\",\"url\":\"https:\\\/\\\/www.divis.eu\\\/fr\\\/storevis-pour-la-videosurveillance-dans-la-gestion-des-marchandises\\\/\",\"name\":\"Solution syst\u00e8me pour la vid\u00e9osurveillance dans la gestion des marchandises\",\"isPartOf\":{\"@id\":\"https:\\\/\\\/www.divis.eu\\\/#website\"},\"primaryImageOfPage\":{\"@id\":\"https:\\\/\\\/www.divis.eu\\\/fr\\\/storevis-pour-la-videosurveillance-dans-la-gestion-des-marchandises\\\/#primaryimage\"},\"image\":{\"@id\":\"https:\\\/\\\/www.divis.eu\\\/fr\\\/storevis-pour-la-videosurveillance-dans-la-gestion-des-marchandises\\\/#primaryimage\"},\"thumbnailUrl\":\"https:\\\/\\\/www.divis.eu\\\/wp-content\\\/uploads\\\/2018\\\/11\\\/mobilbild-header-storevis-fr.png\",\"datePublished\":\"2018-02-06T18:43:02+00:00\",\"dateModified\":\"2020-05-28T10:29:31+00:00\",\"description\":\"Avec la solution syst\u00e8me StoreVIS pour la vid\u00e9osurveillance dans la gestion des marchandises, vous n'avez plus besoin de vous fier \u00e0 votre intuition, ...\",\"breadcrumb\":{\"@id\":\"https:\\\/\\\/www.divis.eu\\\/fr\\\/storevis-pour-la-videosurveillance-dans-la-gestion-des-marchandises\\\/#breadcrumb\"},\"inLanguage\":\"fr-FR\",\"potentialAction\":[{\"@type\":\"ReadAction\",\"target\":[\"https:\\\/\\\/www.divis.eu\\\/fr\\\/storevis-pour-la-videosurveillance-dans-la-gestion-des-marchandises\\\/\"]}]},{\"@type\":\"ImageObject\",\"inLanguage\":\"fr-FR\",\"@id\":\"https:\\\/\\\/www.divis.eu\\\/fr\\\/storevis-pour-la-videosurveillance-dans-la-gestion-des-marchandises\\\/#primaryimage\",\"url\":\"https:\\\/\\\/www.divis.eu\\\/wp-content\\\/uploads\\\/2018\\\/11\\\/mobilbild-header-storevis-fr.png\",\"contentUrl\":\"https:\\\/\\\/www.divis.eu\\\/wp-content\\\/uploads\\\/2018\\\/11\\\/mobilbild-header-storevis-fr.png\"},{\"@type\":\"BreadcrumbList\",\"@id\":\"https:\\\/\\\/www.divis.eu\\\/fr\\\/storevis-pour-la-videosurveillance-dans-la-gestion-des-marchandises\\\/#breadcrumb\",\"itemListElement\":[{\"@type\":\"ListItem\",\"position\":1,\"name\":\"Startseite\",\"item\":\"https:\\\/\\\/www.divis.eu\\\/fr\\\/\"},{\"@type\":\"ListItem\",\"position\":2,\"name\":\"StoreVIS pour la vid\u00e9osurveillance dans la gestion des marchandises\"}]},{\"@type\":\"WebSite\",\"@id\":\"https:\\\/\\\/www.divis.eu\\\/#website\",\"url\":\"https:\\\/\\\/www.divis.eu\\\/\",\"name\":\"DIVIS - The intelligent view\",\"description\":\"Videosysteml\u00f6sungen f\u00fcr Umschlags- und Warenlager\",\"potentialAction\":[{\"@type\":\"SearchAction\",\"target\":{\"@type\":\"EntryPoint\",\"urlTemplate\":\"https:\\\/\\\/www.divis.eu\\\/?s={search_term_string}\"},\"query-input\":{\"@type\":\"PropertyValueSpecification\",\"valueRequired\":true,\"valueName\":\"search_term_string\"}}],\"inLanguage\":\"fr-FR\"}]}<\/script>\n<!-- \/ Yoast SEO plugin. -->","yoast_head_json":{"title":"Solution syst\u00e8me pour la vid\u00e9osurveillance dans la gestion des marchandises","description":"Avec la solution syst\u00e8me StoreVIS pour la vid\u00e9osurveillance dans la gestion des marchandises, vous n'avez plus besoin de vous fier \u00e0 votre intuition, ...","robots":{"index":"index","follow":"follow","max-snippet":"max-snippet:-1","max-image-preview":"max-image-preview:large","max-video-preview":"max-video-preview:-1"},"canonical":"https:\/\/www.divis.eu\/fr\/storevis-pour-la-videosurveillance-dans-la-gestion-des-marchandises\/","og_locale":"fr_FR","og_type":"article","og_title":"Solution syst\u00e8me pour la vid\u00e9osurveillance dans la gestion des marchandises","og_description":"Avec la solution syst\u00e8me StoreVIS pour la vid\u00e9osurveillance dans la gestion des marchandises, vous n'avez plus besoin de vous fier \u00e0 votre intuition, ...","og_url":"https:\/\/www.divis.eu\/fr\/storevis-pour-la-videosurveillance-dans-la-gestion-des-marchandises\/","og_site_name":"DIVIS - The intelligent view","article_modified_time":"2020-05-28T10:29:31+00:00","og_image":[{"url":"https:\/\/www.divis.eu\/wp-content\/uploads\/2018\/11\/mobilbild-header-storevis-fr.png","type":"","width":"","height":""}],"twitter_card":"summary_large_image","twitter_misc":{"Dur\u00e9e de lecture estim\u00e9e":"3 minutes"},"schema":{"@context":"https:\/\/schema.org","@graph":[{"@type":"WebPage","@id":"https:\/\/www.divis.eu\/fr\/storevis-pour-la-videosurveillance-dans-la-gestion-des-marchandises\/","url":"https:\/\/www.divis.eu\/fr\/storevis-pour-la-videosurveillance-dans-la-gestion-des-marchandises\/","name":"Solution syst\u00e8me pour la vid\u00e9osurveillance dans la gestion des marchandises","isPartOf":{"@id":"https:\/\/www.divis.eu\/#website"},"primaryImageOfPage":{"@id":"https:\/\/www.divis.eu\/fr\/storevis-pour-la-videosurveillance-dans-la-gestion-des-marchandises\/#primaryimage"},"image":{"@id":"https:\/\/www.divis.eu\/fr\/storevis-pour-la-videosurveillance-dans-la-gestion-des-marchandises\/#primaryimage"},"thumbnailUrl":"https:\/\/www.divis.eu\/wp-content\/uploads\/2018\/11\/mobilbild-header-storevis-fr.png","datePublished":"2018-02-06T18:43:02+00:00","dateModified":"2020-05-28T10:29:31+00:00","description":"Avec la solution syst\u00e8me StoreVIS pour la vid\u00e9osurveillance dans la gestion des marchandises, vous n'avez plus besoin de vous fier \u00e0 votre intuition, ...","breadcrumb":{"@id":"https:\/\/www.divis.eu\/fr\/storevis-pour-la-videosurveillance-dans-la-gestion-des-marchandises\/#breadcrumb"},"inLanguage":"fr-FR","potentialAction":[{"@type":"ReadAction","target":["https:\/\/www.divis.eu\/fr\/storevis-pour-la-videosurveillance-dans-la-gestion-des-marchandises\/"]}]},{"@type":"ImageObject","inLanguage":"fr-FR","@id":"https:\/\/www.divis.eu\/fr\/storevis-pour-la-videosurveillance-dans-la-gestion-des-marchandises\/#primaryimage","url":"https:\/\/www.divis.eu\/wp-content\/uploads\/2018\/11\/mobilbild-header-storevis-fr.png","contentUrl":"https:\/\/www.divis.eu\/wp-content\/uploads\/2018\/11\/mobilbild-header-storevis-fr.png"},{"@type":"BreadcrumbList","@id":"https:\/\/www.divis.eu\/fr\/storevis-pour-la-videosurveillance-dans-la-gestion-des-marchandises\/#breadcrumb","itemListElement":[{"@type":"ListItem","position":1,"name":"Startseite","item":"https:\/\/www.divis.eu\/fr\/"},{"@type":"ListItem","position":2,"name":"StoreVIS pour la vid\u00e9osurveillance dans la gestion des marchandises"}]},{"@type":"WebSite","@id":"https:\/\/www.divis.eu\/#website","url":"https:\/\/www.divis.eu\/","name":"DIVIS - The intelligent view","description":"Videosysteml\u00f6sungen f\u00fcr Umschlags- und Warenlager","potentialAction":[{"@type":"SearchAction","target":{"@type":"EntryPoint","urlTemplate":"https:\/\/www.divis.eu\/?s={search_term_string}"},"query-input":{"@type":"PropertyValueSpecification","valueRequired":true,"valueName":"search_term_string"}}],"inLanguage":"fr-FR"}]}},"_links":{"self":[{"href":"https:\/\/www.divis.eu\/fr\/wp-json\/wp\/v2\/pages\/9894","targetHints":{"allow":["GET"]}}],"collection":[{"href":"https:\/\/www.divis.eu\/fr\/wp-json\/wp\/v2\/pages"}],"about":[{"href":"https:\/\/www.divis.eu\/fr\/wp-json\/wp\/v2\/types\/page"}],"author":[{"embeddable":true,"href":"https:\/\/www.divis.eu\/fr\/wp-json\/wp\/v2\/users\/1"}],"replies":[{"embeddable":true,"href":"https:\/\/www.divis.eu\/fr\/wp-json\/wp\/v2\/comments?post=9894"}],"version-history":[{"count":0,"href":"https:\/\/www.divis.eu\/fr\/wp-json\/wp\/v2\/pages\/9894\/revisions"}],"wp:attachment":[{"href":"https:\/\/www.divis.eu\/fr\/wp-json\/wp\/v2\/media?parent=9894"}],"curies":[{"name":"wp","href":"https:\/\/api.w.org\/{rel}","templated":true}]}}