{"id":9933,"date":"2018-11-25T16:15:30","date_gmt":"2018-11-25T16:15:30","guid":{"rendered":"https:\/\/www.divis.eu\/?page_id=9933"},"modified":"2026-01-25T21:53:48","modified_gmt":"2026-01-25T21:53:48","slug":"solutions-de-videosurveillance-pour-la-logistique-distributeur-de-produits","status":"publish","type":"page","link":"https:\/\/www.divis.eu\/fr\/solutions-de-videosurveillance-pour-la-logistique-distributeur-de-produits\/","title":{"rendered":"Solutions de vid\u00e9osurveillance pour la logistique &#8211; distributeur de produits"},"content":{"rendered":"\n<h1>\n\t\t\tProcessus transparents\t<\/h1>\n<h1>\n\t\t\tdans les entrep\u00f4ts et dans les d\u00e9p\u00f4ts\t<\/h1>\n\t\t\t<a href=\"#fonctionne\" title=\"Click Here\" target=\"_self\"   role=\"button\" aria-label=\"Voici comment cela fonctionne\">\n\t\t\t\t\t\t\tVoici comment cela fonctionne\n\t\t<\/a>\n<h1>\n\t\t\tAugmenter la qualit\u00e9, r\u00e9duire les co\u00fbts\t<\/h1>\n<h1>\n\t\t\tD\u00e9velopp\u00e9es pour la logistique\t<\/h1>\n<h1>\n\t\t\td&rsquo;aujourd&rsquo;hui &#038; et de demain\t<\/h1>\n\tInvestissez dans l&rsquo;avenir. <strong>Les solutions de vid\u00e9osurveillance pour la logistique<\/strong> de DIVIS \u00e9voluent en fonction de vos besoins logistiques. Nos syst\u00e8mes sont modulaires et s&rsquo;adaptent de mani\u00e8re flexible aux besoins en perp\u00e9tuelle mutation.<br \/>\nLes produits DIVIS rendent vos processus transparents. Plus de transparence ne stimule pas seulement votre propre vue d&rsquo;ensemble, mais renforce \u00e9galement la confiance de vos clients dans votre entreprise.\n\t\t<h3>Optimisation de l&rsquo;affectation des hangars et des portes<\/h3>\t\t\t\n<p>Tous les statuts des portes en un coup d&rsquo;\u0153il avec les<strong> solutions de vid\u00e9osurveillance pour la logistique<\/strong> de DIVIS. Ceci permet une planification et une utilisation plus efficace de vos ressources.<\/p>\n\t\t<h3>Recherche plus rapide<\/h3>\t\t\t\n<p>Que ce soit \u00e0 partir de l&rsquo;ordinateur de l&rsquo;entreprise ou du terminal de l&rsquo;entrep\u00f4t\u00a0: en quelques clics dans notre logiciel, vous pouvez d\u00e9terminer et documenter la localisation et l&rsquo;\u00e9tat d&rsquo;un envoi en quelques secondes gr\u00e2ce <strong>aux solutions de vid\u00e9osurveillance pour la logistique<\/strong> de DIVIS.<\/p>\n\t\t<h3>R\u00e9soudre et pr\u00e9venir le vol<\/h3>\t\t\t\n<p>M\u00eame \u00e0 la fin de la journ\u00e9e ou dans des situations confuses de la vie quotidienne, les solutions DIVIS sont des aides utiles pour la d\u00e9tection et la dissuasion contre le vol.<\/p>\n\t\t<h3>Transfert clair de la responsabilit\u00e9<\/h3>\t\t\t\n<p>Des transferts de responsabilit\u00e9 clairement document\u00e9s et des analyses rapides des dommages r\u00e9duisent durablement vos co\u00fbts d&rsquo;exploitation et renforcent votre inventaire de preuves pour les r\u00e9clamations de recours.<\/p>\n<h1>\n\t\t\tSolutions de vid\u00e9osurveillance pour la logistique\t<\/h1>\n\t\t\t\t<img decoding=\"async\" src=\"https:\/\/www.divis.eu\/wp-content\/uploads\/2018\/01\/logo-cargovis-gr.png\" alt=\"logo-cargovis-gr\" title=\"logo-cargovis-gr\" itemprop=\"image\"\/>\n\t\t\tLes marchandises palettis\u00e9es rapidement d\u00e9tect\u00e9es<h2>CargoVIS pour l&rsquo;exp\u00e9dition et l&rsquo;entrep\u00f4t<\/h2>\t\t\t\n\t\t\t\t<p>Avec notre logiciel de gestion vid\u00e9o pour la gestion des entrep\u00f4ts, CargoVIS, nous vous offrons une solution syst\u00e8me compl\u00e8te et facile \u00e0 utiliser pour la recherche et le suivi des marchandises palettis\u00e9es guid\u00e9s par images.<\/p>\n\t\t\t<a href=\"https:\/\/www.divis.eu\/fr\/logiciel-de-gestion-video-cargovis-pour-les-entrepots-de-transbordement\/\" title=\"Click Here\" target=\"_self\"   role=\"button\" aria-label=\"En savoir plus sur CargoVIS\">\n\t\t\t\t\t\t\tEn savoir plus sur CargoVIS\n\t\t<\/a>\n\t\t\t\t<img decoding=\"async\" src=\"https:\/\/www.divis.eu\/wp-content\/uploads\/2018\/01\/logo-parcelvis-gr.png\" alt=\"logo-parcelvis-gr\" title=\"logo-parcelvis-gr\" itemprop=\"image\"\/>\n\t\t\tSuivi sans faille des colis dans le hangar<h2>ParcelVIS pour le transbordement &#038; les fournisseurs de services CEP<\/h2>\t\t\t\n\t\t\t\t<p>\u00c9conomisez du temps et de l&rsquo;argent et laissez ParcelVIS travailler efficacement pour vous avec la recherche d&rsquo;envois par images dans l&rsquo;entrep\u00f4t de transbordement\u00a0: La saisie du num\u00e9ro de l&rsquo;\u00e9tiquette du colis est la cl\u00e9 de toutes les informations sur la localisation et le statut d&rsquo;un envoi pour tous les \u00e9v\u00e9nements de scans qui ont eu lieu.<\/p>\n\t\t\t<a href=\"https:\/\/www.divis.eu\/fr\/parcelvis-recherche-denvois-guidee-par-images-dans-les-entrepots-de-transbordement\/\" title=\"Click Here\" target=\"_self\"   role=\"button\" aria-label=\"En savoir plus sur ParcelVIS\">\n\t\t\t\t\t\t\tEn savoir plus sur ParcelVIS\n\t\t<\/a>\n\t\t\t\t<img decoding=\"async\" src=\"https:\/\/www.divis.eu\/wp-content\/uploads\/2018\/01\/logo-storevis-gr.png\" alt=\"\" title=\"\" itemprop=\"image\"\/>\n\t\t\tOptimiser les processus complexes de l&rsquo;entrep\u00f4t<h2>StoreVIS pour la logistique d&rsquo;entrep\u00f4t<\/h2>\t\t\t\n\t\t\t\t<p>Avec StoreVIS, vous n&rsquo;avez plus besoin de vous fier \u00e0 votre intuition, mais vous pouvez d\u00e9couvrir les potentiels d&rsquo;optimisation existants \u00e0 l&rsquo;aide de chiffres cl\u00e9s concrets. La solution intelligente StoreVIS vous assiste dans la vid\u00e9osurveillance dans la gestion des marchandises. Vos processus de retour et de pr\u00e9paration de commandes sont enti\u00e8rement couverts et les pi\u00e8ges en mati\u00e8re de co\u00fbts sont plus faciles \u00e0 d\u00e9tecter.<\/p>\n\t\t\t<a href=\"https:\/\/www.divis.eu\/fr\/storevis-pour-la-videosurveillance-dans-la-gestion-des-marchandises\/\" title=\"Click Here\" target=\"_self\"   role=\"button\" aria-label=\"En savoir plus sur StoreVIS\">\n\t\t\t\t\t\t\tEn savoir plus sur StoreVIS\n\t\t<\/a>\n\t\t\t\t<img decoding=\"async\" src=\"https:\/\/www.divis.eu\/wp-content\/uploads\/2018\/01\/logo-van-duuren-weiss.png\" alt=\"logo-van-duuren-weiss\" title=\"logo-van-duuren-weiss\" itemprop=\"image\"\/>\n\t\t\t\t\t\t\t\t<h3 class='uabb-testimonial-author-name testimonial-author-name'>Van Duuren<\/h3>\t\t\t\t\t\t\t\t\n\t\t\t\t\t\t\t\t\tPays-Bas\t\t\t\t\t\t\t\t\n\t\t\t\t\t\t\t<blockquote><p>\u00ab CargoVIS fonctionne parfaitement, tout le monde s&rsquo;y est habitu\u00e9 et nous ne pouvons plus nous en passer. \u00bb<\/p><\/blockquote>\t\t\t\t\t\t\n\t\t\t\t<img decoding=\"async\" src=\"https:\/\/www.divis.eu\/wp-content\/uploads\/2018\/01\/logo-tsb.png\" alt=\"logo-tsb\" title=\"logo-tsb\" itemprop=\"image\"\/>\n\t\t\t\t\t\t\t\t<h3 class='uabb-testimonial-author-name testimonial-author-name'>TSBtrans<\/h3>\t\t\t\t\t\t\t\t\n\t\t\t\t\t\t\t\t\tEspagne\t\t\t\t\t\t\t\t\n\t\t\t\t\t\t\t<blockquote><p>\u00ab\u00a0CargoVIS est absolument fiable, gr\u00e2ce \u00e0 ses capacit\u00e9s de suivi, l&rsquo;investissement pour TSB s&rsquo;est amorti en moins d&rsquo;un an en trouvant les palettes manquantes et en identifiant les sources de dommages.\u00a0\u00bb<\/p><\/blockquote>\t\t\t\t\t\t\n\t\t\t\t<img decoding=\"async\" src=\"https:\/\/www.divis.eu\/wp-content\/uploads\/2018\/01\/logo-lagermax.png\" alt=\"logo-lagermax\" title=\"logo-lagermax\" itemprop=\"image\"\/>\n\t\t\t\t\t\t\t\t<h3 class='uabb-testimonial-author-name testimonial-author-name'>Lagermax Paketdienst GmbH &amp; Co KG<\/h3>\t\t\t\t\t\t\t\t\n\t\t\t\t\t\t\t\t\tAutriche\t\t\t\t\t\t\t\t\n\t\t\t\t\t\t\t<blockquote><p>\u00ab\u00a0Nous utilisons ParcelVIS de DIVIS depuis 5 ans et n&rsquo;avons jamais rencontr\u00e9 de probl\u00e8mes.\u00a0\u00bb<\/p><\/blockquote>\t\t\t\t\t\t\n\t\t\t\t<img decoding=\"async\" src=\"https:\/\/www.divis.eu\/wp-content\/uploads\/2018\/01\/logo-voigt-invers.png\" alt=\"logo-voigt-invers\" title=\"logo-voigt-invers\" itemprop=\"image\"\/>\n\t\t\t\t\t\t\t\t<h3 class='uabb-testimonial-author-name testimonial-author-name'>Herbert Voigt GmbH &amp; Co. KG<\/h3>\t\t\t\t\t\t\t\t\n\t\t\t\t\t\t\t\t\tAllemagne\t\t\t\t\t\t\t\t\n\t\t\t\t\t\t\t<blockquote><p>\u00ab\u00a0Avec DIVIS, nous avons trouv\u00e9 un partenaire comp\u00e9tent qui a toujours une solution pour nos propres id\u00e9es.\u00a0\u00bb<\/p><\/blockquote>\t\t\t\t\t\t\n\t\t\t\t<img decoding=\"async\" src=\"https:\/\/www.divis.eu\/wp-content\/uploads\/2018\/01\/logo-schmalz-schoen.png\" alt=\"logo-schmalz-schoen\" title=\"logo-schmalz-schoen\" itemprop=\"image\"\/>\n\t\t\t\t\t\t\t\t<h3 class='uabb-testimonial-author-name testimonial-author-name'>SCHMALZ+SCH\u00d6N Logistics GmbH<\/h3>\t\t\t\t\t\t\t\t\n\t\t\t\t\t\t\t\t\tAllemagne\t\t\t\t\t\t\t\t\n\t\t\t\t\t\t\t<blockquote><p>\u00ab\u00a0La solution parfaite m\u00eame pour les zones de transbordement h\u00e9t\u00e9rog\u00e8nes &#8211; la vid\u00e9osurveillance de DIVIS\u00a0qui vole au secours des colis. \u00bb<\/p><\/blockquote>\t\t\t\t\t\t\n\t\t\t<a href=\"https:\/\/www.divis.eu\/fr\/references-etudes-de-cas-suivi-des-envois-dans-lentrepot\/\" title=\"Click Here\" target=\"_self\"   role=\"button\" aria-label=\"Aller aux \u00e9tudes de cas\">\n\t\t\t\t\t\t\tAller aux \u00e9tudes de cas\n\t\t<\/a>\n\t\t\t\t<img decoding=\"async\" src=\"https:\/\/www.divis.eu\/wp-content\/uploads\/2018\/01\/hendrik-reger-1.png\" alt=\"Hendrik Reger | DIVIS | Videol\u00f6sungen f\u00fcr die Logistik\" itemprop=\"image\" height=\"385\" width=\"300\" title=\"hendrik-reger\" onerror=\"this.style.display='none'\" loading='lazy' \/>\n\t<em><strong>Hendrik Reger<\/strong><br \/>\nDirecteur g\u00e9n\u00e9ral<\/em>\n\t<p>Avez-vous des questions ?<\/p>\n\t<p>Nous avons des r\u00e9ponses<\/p>\n\t<p>Notre \u00e9quipe est \u00e0 votre disposition pour r\u00e9pondre \u00e0 vos questions sur nos produits et se fera un plaisir de vous conseiller gratuitement et sans engagement.<\/p>\n\t\t\t<a href=\"https:\/\/www.divis.eu\/fr\/contacter-divis-fournisseur-pour-le-suivi-des-envois-par-camera\/\" title=\"Click Here\" target=\"_self\"   role=\"button\" aria-label=\"Contacter DIVIS\">\n\t\t\t\t\t\t\tContacter DIVIS\n\t\t<\/a>\n\t\t\t\t<img decoding=\"async\" src=\"https:\/\/www.divis.eu\/wp-content\/uploads\/2018\/01\/kundenlogo-CTL-1.png\" alt=\"CTL | DIVIS Kunde\" title=\"kundenlogo-CTL\" itemprop=\"image\"  \/>\n\t\t\t\t<img decoding=\"async\" src=\"https:\/\/www.divis.eu\/wp-content\/uploads\/2018\/01\/kundenlogo-dpd.png\" alt=\"kundenlogo-dpd\" title=\"kundenlogo-dpd\" itemprop=\"image\"  \/>\n\t\t\t\t<img decoding=\"async\" src=\"https:\/\/www.divis.eu\/wp-content\/uploads\/2018\/01\/kundenlogo-online.png\" alt=\"kundenlogo-online\" title=\"kundenlogo-online\" itemprop=\"image\"  \/>\n\t\t\t\t<img decoding=\"async\" src=\"https:\/\/www.divis.eu\/wp-content\/uploads\/2018\/01\/kundenlogo-rhenus.png\" alt=\"Rhenus Logistics | DIVIS-Kunde\" title=\"kundenlogo-rhenus\" itemprop=\"image\"  \/>\n\t\t\t\t<img decoding=\"async\" src=\"https:\/\/www.divis.eu\/wp-content\/uploads\/2018\/01\/kundenlogo-tsb.png\" alt=\"kundenlogo-tsb\" title=\"kundenlogo-tsb\" itemprop=\"image\"  \/>\n\t\t\t\t<img decoding=\"async\" src=\"https:\/\/www.divis.eu\/wp-content\/uploads\/2018\/01\/logo-van-duuren-mono-2.png\" alt=\"logo-van-duuren-mono\" title=\"logo-van-duuren-mono\" itemprop=\"image\"  \/>\n\t\t\t\t<img decoding=\"async\" src=\"https:\/\/www.divis.eu\/wp-content\/uploads\/2018\/01\/kundenlogo-transoflex-3.png\" alt=\"kundenlogo-transoflex\" title=\"kundenlogo-transoflex\" itemprop=\"image\"  \/>\n\t\t\t\t<img decoding=\"async\" src=\"https:\/\/www.divis.eu\/wp-content\/uploads\/2018\/01\/kundenlogo-emons.png\" alt=\"Emons | DIVIS-Kunde\" title=\"kundenlogo-emons\" itemprop=\"image\"  \/>\n\t\t\t\t<img decoding=\"async\" src=\"https:\/\/www.divis.eu\/wp-content\/uploads\/2018\/01\/kundenlogo-geis.png\" alt=\"Spedition Geis | DIVIS-Kunde\" title=\"kundenlogo-geis\" itemprop=\"image\"  \/>\n\t\t\t\t<img decoding=\"async\" src=\"https:\/\/www.divis.eu\/wp-content\/uploads\/2018\/01\/kundenlogo-gebrueder-weiss.png\" alt=\"Gebr\u00fcder Weiss | DIVIS-Kunde\" title=\"kundenlogo-gebrueder-weiss\" itemprop=\"image\"  \/>\n\t\t\t\t<img decoding=\"async\" src=\"https:\/\/www.divis.eu\/wp-content\/uploads\/2018\/01\/kundenlogo-tchibo.png\" alt=\"Tchibo | DIVIS-Kunde\" title=\"kundenlogo-tchibo\" itemprop=\"image\"  \/>\n\t\t\t\t<img decoding=\"async\" src=\"https:\/\/www.divis.eu\/wp-content\/uploads\/2018\/01\/kundenlogo-24plus.png\" alt=\"kundenlogo-24plus\" title=\"kundenlogo-24plus\" itemprop=\"image\"  \/>\n\n","protected":false},"excerpt":{"rendered":"<p>Processus transparents dans les entrep\u00f4ts et dans les d\u00e9p\u00f4ts Voici comment cela fonctionne Augmenter la qualit\u00e9, r\u00e9duire les co\u00fbts D\u00e9velopp\u00e9es pour la logistique d&rsquo;aujourd&rsquo;hui &#038; et de demain Investissez dans l&rsquo;avenir. Les solutions de vid\u00e9osurveillance pour la logistique de DIVIS \u00e9voluent en fonction de vos besoins logistiques. Nos syst\u00e8mes sont modulaires et s&rsquo;adaptent de mani\u00e8re&hellip;<\/p>\n","protected":false},"author":1,"featured_media":0,"parent":0,"menu_order":0,"comment_status":"closed","ping_status":"closed","template":"","meta":{"footnotes":""},"class_list":["post-9933","page","type-page","status-publish","hentry"],"yoast_head":"<!-- This site is optimized with the Yoast SEO plugin v27.5 - https:\/\/yoast.com\/product\/yoast-seo-wordpress\/ -->\n<title>Solutions de vid\u00e9osurveillance pour la logistique | Produits | DIVIS<\/title>\n<meta name=\"description\" content=\"DIVIS d\u00e9veloppe des solutions de vid\u00e9osurveillance pour la logistique. Vous trouverez ici nos produits pour la recherche guid\u00e9e par images de marchandises palettis\u00e9es et de colis\" \/>\n<meta name=\"robots\" content=\"index, follow, max-snippet:-1, max-image-preview:large, max-video-preview:-1\" \/>\n<link rel=\"canonical\" href=\"https:\/\/www.divis.eu\/fr\/solutions-de-videosurveillance-pour-la-logistique-distributeur-de-produits\/\" \/>\n<meta property=\"og:locale\" content=\"fr_FR\" \/>\n<meta property=\"og:type\" content=\"article\" \/>\n<meta property=\"og:title\" content=\"Solutions de vid\u00e9osurveillance pour la logistique | Produits | DIVIS\" \/>\n<meta property=\"og:description\" content=\"DIVIS d\u00e9veloppe des solutions de vid\u00e9osurveillance pour la logistique. Vous trouverez ici nos produits pour la recherche guid\u00e9e par images de marchandises palettis\u00e9es et de colis\" \/>\n<meta property=\"og:url\" content=\"https:\/\/www.divis.eu\/fr\/solutions-de-videosurveillance-pour-la-logistique-distributeur-de-produits\/\" \/>\n<meta property=\"og:site_name\" content=\"DIVIS - The intelligent view\" \/>\n<meta property=\"article:modified_time\" content=\"2026-01-25T21:53:48+00:00\" \/>\n<meta property=\"og:image\" content=\"https:\/\/www.divis.eu\/wp-content\/uploads\/2018\/01\/logo-cargovis-gr.png\" \/>\n<meta name=\"twitter:card\" content=\"summary_large_image\" \/>\n<meta name=\"twitter:label1\" content=\"Dur\u00e9e de lecture estim\u00e9e\" \/>\n\t<meta name=\"twitter:data1\" content=\"3 minutes\" \/>\n<script type=\"application\/ld+json\" class=\"yoast-schema-graph\">{\"@context\":\"https:\\\/\\\/schema.org\",\"@graph\":[{\"@type\":\"WebPage\",\"@id\":\"https:\\\/\\\/www.divis.eu\\\/fr\\\/solutions-de-videosurveillance-pour-la-logistique-distributeur-de-produits\\\/\",\"url\":\"https:\\\/\\\/www.divis.eu\\\/fr\\\/solutions-de-videosurveillance-pour-la-logistique-distributeur-de-produits\\\/\",\"name\":\"Solutions de vid\u00e9osurveillance pour la logistique | Produits | DIVIS\",\"isPartOf\":{\"@id\":\"https:\\\/\\\/www.divis.eu\\\/#website\"},\"primaryImageOfPage\":{\"@id\":\"https:\\\/\\\/www.divis.eu\\\/fr\\\/solutions-de-videosurveillance-pour-la-logistique-distributeur-de-produits\\\/#primaryimage\"},\"image\":{\"@id\":\"https:\\\/\\\/www.divis.eu\\\/fr\\\/solutions-de-videosurveillance-pour-la-logistique-distributeur-de-produits\\\/#primaryimage\"},\"thumbnailUrl\":\"https:\\\/\\\/www.divis.eu\\\/wp-content\\\/uploads\\\/2018\\\/01\\\/logo-cargovis-gr.png\",\"datePublished\":\"2018-11-25T16:15:30+00:00\",\"dateModified\":\"2026-01-25T21:53:48+00:00\",\"description\":\"DIVIS d\u00e9veloppe des solutions de vid\u00e9osurveillance pour la logistique. Vous trouverez ici nos produits pour la recherche guid\u00e9e par images de marchandises palettis\u00e9es et de colis\",\"breadcrumb\":{\"@id\":\"https:\\\/\\\/www.divis.eu\\\/fr\\\/solutions-de-videosurveillance-pour-la-logistique-distributeur-de-produits\\\/#breadcrumb\"},\"inLanguage\":\"fr-FR\",\"potentialAction\":[{\"@type\":\"ReadAction\",\"target\":[\"https:\\\/\\\/www.divis.eu\\\/fr\\\/solutions-de-videosurveillance-pour-la-logistique-distributeur-de-produits\\\/\"]}]},{\"@type\":\"ImageObject\",\"inLanguage\":\"fr-FR\",\"@id\":\"https:\\\/\\\/www.divis.eu\\\/fr\\\/solutions-de-videosurveillance-pour-la-logistique-distributeur-de-produits\\\/#primaryimage\",\"url\":\"https:\\\/\\\/www.divis.eu\\\/wp-content\\\/uploads\\\/2018\\\/01\\\/logo-cargovis-gr.png\",\"contentUrl\":\"https:\\\/\\\/www.divis.eu\\\/wp-content\\\/uploads\\\/2018\\\/01\\\/logo-cargovis-gr.png\"},{\"@type\":\"BreadcrumbList\",\"@id\":\"https:\\\/\\\/www.divis.eu\\\/fr\\\/solutions-de-videosurveillance-pour-la-logistique-distributeur-de-produits\\\/#breadcrumb\",\"itemListElement\":[{\"@type\":\"ListItem\",\"position\":1,\"name\":\"Startseite\",\"item\":\"https:\\\/\\\/www.divis.eu\\\/fr\\\/\"},{\"@type\":\"ListItem\",\"position\":2,\"name\":\"Solutions de vid\u00e9osurveillance pour la logistique &#8211; distributeur de produits\"}]},{\"@type\":\"WebSite\",\"@id\":\"https:\\\/\\\/www.divis.eu\\\/#website\",\"url\":\"https:\\\/\\\/www.divis.eu\\\/\",\"name\":\"DIVIS - The intelligent view\",\"description\":\"Videosysteml\u00f6sungen f\u00fcr Umschlags- und Warenlager\",\"potentialAction\":[{\"@type\":\"SearchAction\",\"target\":{\"@type\":\"EntryPoint\",\"urlTemplate\":\"https:\\\/\\\/www.divis.eu\\\/?s={search_term_string}\"},\"query-input\":{\"@type\":\"PropertyValueSpecification\",\"valueRequired\":true,\"valueName\":\"search_term_string\"}}],\"inLanguage\":\"fr-FR\"}]}<\/script>\n<!-- \/ Yoast SEO plugin. -->","yoast_head_json":{"title":"Solutions de vid\u00e9osurveillance pour la logistique | Produits | DIVIS","description":"DIVIS d\u00e9veloppe des solutions de vid\u00e9osurveillance pour la logistique. Vous trouverez ici nos produits pour la recherche guid\u00e9e par images de marchandises palettis\u00e9es et de colis","robots":{"index":"index","follow":"follow","max-snippet":"max-snippet:-1","max-image-preview":"max-image-preview:large","max-video-preview":"max-video-preview:-1"},"canonical":"https:\/\/www.divis.eu\/fr\/solutions-de-videosurveillance-pour-la-logistique-distributeur-de-produits\/","og_locale":"fr_FR","og_type":"article","og_title":"Solutions de vid\u00e9osurveillance pour la logistique | Produits | DIVIS","og_description":"DIVIS d\u00e9veloppe des solutions de vid\u00e9osurveillance pour la logistique. Vous trouverez ici nos produits pour la recherche guid\u00e9e par images de marchandises palettis\u00e9es et de colis","og_url":"https:\/\/www.divis.eu\/fr\/solutions-de-videosurveillance-pour-la-logistique-distributeur-de-produits\/","og_site_name":"DIVIS - The intelligent view","article_modified_time":"2026-01-25T21:53:48+00:00","og_image":[{"url":"https:\/\/www.divis.eu\/wp-content\/uploads\/2018\/01\/logo-cargovis-gr.png","type":"","width":"","height":""}],"twitter_card":"summary_large_image","twitter_misc":{"Dur\u00e9e de lecture estim\u00e9e":"3 minutes"},"schema":{"@context":"https:\/\/schema.org","@graph":[{"@type":"WebPage","@id":"https:\/\/www.divis.eu\/fr\/solutions-de-videosurveillance-pour-la-logistique-distributeur-de-produits\/","url":"https:\/\/www.divis.eu\/fr\/solutions-de-videosurveillance-pour-la-logistique-distributeur-de-produits\/","name":"Solutions de vid\u00e9osurveillance pour la logistique | Produits | DIVIS","isPartOf":{"@id":"https:\/\/www.divis.eu\/#website"},"primaryImageOfPage":{"@id":"https:\/\/www.divis.eu\/fr\/solutions-de-videosurveillance-pour-la-logistique-distributeur-de-produits\/#primaryimage"},"image":{"@id":"https:\/\/www.divis.eu\/fr\/solutions-de-videosurveillance-pour-la-logistique-distributeur-de-produits\/#primaryimage"},"thumbnailUrl":"https:\/\/www.divis.eu\/wp-content\/uploads\/2018\/01\/logo-cargovis-gr.png","datePublished":"2018-11-25T16:15:30+00:00","dateModified":"2026-01-25T21:53:48+00:00","description":"DIVIS d\u00e9veloppe des solutions de vid\u00e9osurveillance pour la logistique. Vous trouverez ici nos produits pour la recherche guid\u00e9e par images de marchandises palettis\u00e9es et de colis","breadcrumb":{"@id":"https:\/\/www.divis.eu\/fr\/solutions-de-videosurveillance-pour-la-logistique-distributeur-de-produits\/#breadcrumb"},"inLanguage":"fr-FR","potentialAction":[{"@type":"ReadAction","target":["https:\/\/www.divis.eu\/fr\/solutions-de-videosurveillance-pour-la-logistique-distributeur-de-produits\/"]}]},{"@type":"ImageObject","inLanguage":"fr-FR","@id":"https:\/\/www.divis.eu\/fr\/solutions-de-videosurveillance-pour-la-logistique-distributeur-de-produits\/#primaryimage","url":"https:\/\/www.divis.eu\/wp-content\/uploads\/2018\/01\/logo-cargovis-gr.png","contentUrl":"https:\/\/www.divis.eu\/wp-content\/uploads\/2018\/01\/logo-cargovis-gr.png"},{"@type":"BreadcrumbList","@id":"https:\/\/www.divis.eu\/fr\/solutions-de-videosurveillance-pour-la-logistique-distributeur-de-produits\/#breadcrumb","itemListElement":[{"@type":"ListItem","position":1,"name":"Startseite","item":"https:\/\/www.divis.eu\/fr\/"},{"@type":"ListItem","position":2,"name":"Solutions de vid\u00e9osurveillance pour la logistique &#8211; distributeur de produits"}]},{"@type":"WebSite","@id":"https:\/\/www.divis.eu\/#website","url":"https:\/\/www.divis.eu\/","name":"DIVIS - The intelligent view","description":"Videosysteml\u00f6sungen f\u00fcr Umschlags- und Warenlager","potentialAction":[{"@type":"SearchAction","target":{"@type":"EntryPoint","urlTemplate":"https:\/\/www.divis.eu\/?s={search_term_string}"},"query-input":{"@type":"PropertyValueSpecification","valueRequired":true,"valueName":"search_term_string"}}],"inLanguage":"fr-FR"}]}},"_links":{"self":[{"href":"https:\/\/www.divis.eu\/fr\/wp-json\/wp\/v2\/pages\/9933","targetHints":{"allow":["GET"]}}],"collection":[{"href":"https:\/\/www.divis.eu\/fr\/wp-json\/wp\/v2\/pages"}],"about":[{"href":"https:\/\/www.divis.eu\/fr\/wp-json\/wp\/v2\/types\/page"}],"author":[{"embeddable":true,"href":"https:\/\/www.divis.eu\/fr\/wp-json\/wp\/v2\/users\/1"}],"replies":[{"embeddable":true,"href":"https:\/\/www.divis.eu\/fr\/wp-json\/wp\/v2\/comments?post=9933"}],"version-history":[{"count":0,"href":"https:\/\/www.divis.eu\/fr\/wp-json\/wp\/v2\/pages\/9933\/revisions"}],"wp:attachment":[{"href":"https:\/\/www.divis.eu\/fr\/wp-json\/wp\/v2\/media?parent=9933"}],"curies":[{"name":"wp","href":"https:\/\/api.w.org\/{rel}","templated":true}]}}