{"id":9977,"date":"2018-01-22T22:21:17","date_gmt":"2018-01-22T22:21:17","guid":{"rendered":"https:\/\/www.divis.eu\/divis-ansprechpartner-videoueberwachung-im-lager\/"},"modified":"2026-03-27T09:59:30","modified_gmt":"2026-03-27T09:59:30","slug":"interlocuteurs-divis-videosurveillance-dentrepots","status":"publish","type":"page","link":"https:\/\/www.divis.eu\/fr\/interlocuteurs-divis-videosurveillance-dentrepots\/","title":{"rendered":"Interlocuteurs DIVIS | Vid\u00e9osurveillance d\u2019entrep\u00f4ts"},"content":{"rendered":"\n<h1>\n\t\t\tToujours \u00e0 vos c\u00f4t\u00e9s, en tout lieu\t<\/h1>\n<h2>\n\t\t\tVos interlocuteurs chez DIVIS\t<\/h2>\n\t\t\t<a href=\"https:\/\/www.divis.eu\/fr\/divis-est-un-fournisseur-de-systemes-video-pour-le-suivi-des-colis-historique\/\" title=\"Cliquez ici\" target=\"_self\"   role=\"button\" aria-label=\"En savoir plus sur DIVIS\">\n\t\t\t\t\t\t\tEn savoir plus sur DIVIS\n\t\t<\/a>\n\t\t\t\t<img decoding=\"async\" src=\"https:\/\/www.divis.eu\/wp-content\/uploads\/2018\/08\/hendrik-reger-divis.jpg\" alt=\"Hendrik Reger | DIVIS\" title=\"hendrik-reger-divis\" itemprop=\"image\"\/>\n\t\t\t\t \n\t\t<h4>HENDRIK REGER<\/h4>Directeur g\u00e9n\u00e9ral\n+49 (0) 4322 88 66-0<br \/>\n<a href=\"mailto:hendrik.reger@divis.eu\" target=_blank>hendrik.reger@divis.eu<\/a>\t\t\t\t\t\t\t\n\t\t\t\t<a href=\"https:\/\/www.linkedin.com\/in\/hendrik-reger-393902b5\/\" target=\"_blank\" rel=\"noopener\">\t\t\t\t\n\t\t<\/a>\t\t\t\t \n\t\t\t\t<img decoding=\"async\" src=\"https:\/\/www.divis.eu\/wp-content\/uploads\/2023\/03\/SvenRautenberg400x400.jpg\" alt=\"Sven\" title=\"SvenRautenberg400x400\" itemprop=\"image\"\/>\n\t\t\t\t \n\t\t<h4>SVEN RAUTENBERG<\/h4>Direction commerciale<br \/>Fond\u00e9 de pouvoir\n+49 (0) 4322 88 66-12<br \/>\n<a href=\"mailto:sven.rautenberg@divis.eu\" target=_blank>sven.rautenberg@divis.eu<\/a>\t\t\t\t\t\t\t\n\t\t\t\t<a href=\"https:\/\/www.linkedin.com\/in\/sven-rautenberg-059053258\/\" target=\"_blank\" rel=\"noopener\">\t\t\t\t\n\t\t<\/a>\t\t\t\t \n\t\t\t\t<img decoding=\"async\" src=\"https:\/\/www.divis.eu\/wp-content\/uploads\/2026\/03\/Estelle_400x400_2026.jpg\" alt=\"Estelle_400x400_2026\" title=\"Estelle_400x400_2026\" itemprop=\"image\"\/>\n\t\t\t\t \n\t\t<h4>ESTELLE CHARRON<\/h4>Key Account Manager <br \/> France\n+49 (0) 4322 88 66-79<br \/>\n<a href=\"mailto:estelle.charron@divis.eu\" target=\"_blank\" rel=\"noopener\">estelle.charron@divis.eu<\/a>\t\t\t\t\t\t\t\n\t\t\t\t<a href=\"https:\/\/www.linkedin.com\/in\/estelle-charron-6a662962\/\" target=\"_blank\" rel=\"noopener\">\t\t\t\t\n\t\t<\/a>\t\t\t\t \n\t\t\t\t<img decoding=\"async\" src=\"https:\/\/www.divis.eu\/wp-content\/uploads\/2024\/05\/Michael-400x400-1.jpg\" alt=\"Michael Brand | DIVIS Vertrieb\" title=\"Michael 400x400\" itemprop=\"image\"\/>\n\t\t\t\t \n\t\t<h4>MICHAEL BRAND<\/h4>Key Account Manager <br \/> Europe\n+49 (0) 160 507 94 92 <br \/>\n<a href=\"mailto:michael.brand@divis.eu\" target=_blank>michael.brand@divis.eu<\/a>\t\t\t\t\t\t\t\n\t\t\t\t<a href=\"https:\/\/www.linkedin.com\/in\/michael-brand-divis\/\" target=\"_blank\" rel=\"noopener\">\t\t\t\t\n\t\t<\/a>\t\t\t\t \n\t\t\t\t<img decoding=\"async\" src=\"https:\/\/www.divis.eu\/wp-content\/uploads\/2026\/03\/Lena_400x400.jpg\" alt=\"Lena_400x400\" title=\"Lena_400x400\" itemprop=\"image\"\/>\n\t\t\t\t \n\t\t<h4>LENA LISZCZENSKI<\/h4>Business Development Manager\n+49 (0) 4322 88 66-44<br \/><a href=\"mailto:lena.liszczenski@divis.eu\" target=\"_blank\" rel=\"noopener\">lena.liszczenski@divis.eu<\/a><br \/>\n\t\t\t\t<a href=\"https:\/\/www.linkedin.com\/in\/lena-liszczenski-a47a0929b\/\" target=\"_blank\" rel=\"noopener\">\t\t\t\t\n\t\t<\/a>\t\t\t\t \n\t\t\t\t<img decoding=\"async\" src=\"https:\/\/www.divis.eu\/wp-content\/uploads\/2024\/09\/Nathalie-400x400_Zeichenflaeche-1.jpg\" alt=\"Nathalie Wittmaack | DIVIS Ansprechpartnerin\" title=\"Nathalie 400x400_Zeichenfl\u00e4che 1\" itemprop=\"image\"\/>\n\t\t\t\t \n\t\t<h4>NATHALIE WITTMAACK<\/h4>Marketing Manager\n+49 (0) 4322 88 66-74<br \/><a href=\"mailto:nathalie.wittmaack@divis.eu\" target=\"_blank\" rel=\"noopener\">nathalie.wittmaack@divis.eu<\/a><br \/>\n<a href=\"mailto:marketing@divis.eu\" target=\"_blank\" rel=\"noopener\">marketing@divis.eu<\/a>\t\t\t\t\t\t\t\n\t\t\t\t<a href=\"https:\/\/www.linkedin.com\/in\/nathaliewittmaack\/\" target=\"_blank\" rel=\"noopener\">\t\t\t\t\n\t\t<\/a>\t\t\t\t \n\t\t\t\t<img decoding=\"async\" src=\"https:\/\/www.divis.eu\/wp-content\/uploads\/2021\/10\/Sigrid_Trede_400x400.jpg\" alt=\"Sigrid Trede\" title=\"Sigrid_Trede_400x400\" itemprop=\"image\"\/>\n\t\t\t\t \n\t\t<h4>SIGRID TREDE<\/h4>HR Manager\n+49 (0) 4322 88 66-79<br \/><a href=\"mailto:bewerbung@divis.eu\" target=\"_blank\" rel=\"noopener\">bewerbung@divis.eu<\/a><br \/>\t\t\t\t\t\t\t\n\t\t\t\t<a href=\"https:\/\/www.linkedin.com\/in\/sigrid-trede-631864246\/\" target=\"_blank\" rel=\"noopener\">\t\t\t\t\n\t\t<\/a>\t\t\t\t \n\t\t\t\t<img decoding=\"async\" src=\"https:\/\/www.divis.eu\/wp-content\/uploads\/2018\/01\/kundenlogo-CTL-1.png\" alt=\"CTL | DIVIS Kunde\" title=\"kundenlogo-CTL\" itemprop=\"image\"  \/>\n\t\t\t\t<img decoding=\"async\" src=\"https:\/\/www.divis.eu\/wp-content\/uploads\/2018\/01\/kundenlogo-dpd.png\" alt=\"kundenlogo-dpd\" title=\"kundenlogo-dpd\" itemprop=\"image\"  \/>\n\t\t\t\t<img decoding=\"async\" src=\"https:\/\/www.divis.eu\/wp-content\/uploads\/2018\/01\/kundenlogo-online.png\" alt=\"kundenlogo-online\" title=\"kundenlogo-online\" itemprop=\"image\"  \/>\n\t\t\t\t<img decoding=\"async\" src=\"https:\/\/www.divis.eu\/wp-content\/uploads\/2018\/01\/kundenlogo-rhenus.png\" alt=\"Rhenus Logistics | DIVIS-Kunde\" title=\"kundenlogo-rhenus\" itemprop=\"image\"  \/>\n\t\t\t\t<img decoding=\"async\" src=\"https:\/\/www.divis.eu\/wp-content\/uploads\/2018\/01\/kundenlogo-tsb.png\" alt=\"kundenlogo-tsb\" title=\"kundenlogo-tsb\" itemprop=\"image\"  \/>\n\t\t\t\t<img decoding=\"async\" src=\"https:\/\/www.divis.eu\/wp-content\/uploads\/2018\/01\/logo-van-duuren-mono-2.png\" alt=\"logo-van-duuren-mono\" title=\"logo-van-duuren-mono\" itemprop=\"image\"  \/>\n\t\t\t\t<img decoding=\"async\" src=\"https:\/\/www.divis.eu\/wp-content\/uploads\/2018\/01\/kundenlogo-transoflex-3.png\" alt=\"kundenlogo-transoflex\" title=\"kundenlogo-transoflex\" itemprop=\"image\"  \/>\n\t\t\t\t<img decoding=\"async\" src=\"https:\/\/www.divis.eu\/wp-content\/uploads\/2018\/01\/kundenlogo-emons.png\" alt=\"Emons | DIVIS-Kunde\" title=\"kundenlogo-emons\" itemprop=\"image\"  \/>\n\t\t\t\t<img decoding=\"async\" src=\"https:\/\/www.divis.eu\/wp-content\/uploads\/2018\/01\/kundenlogo-geis.png\" alt=\"Spedition Geis | DIVIS-Kunde\" title=\"kundenlogo-geis\" itemprop=\"image\"  \/>\n\t\t\t\t<img decoding=\"async\" src=\"https:\/\/www.divis.eu\/wp-content\/uploads\/2018\/01\/kundenlogo-gebrueder-weiss.png\" alt=\"Gebr\u00fcder Weiss | DIVIS-Kunde\" title=\"kundenlogo-gebrueder-weiss\" itemprop=\"image\"  \/>\n\t\t\t\t<img decoding=\"async\" src=\"https:\/\/www.divis.eu\/wp-content\/uploads\/2018\/01\/kundenlogo-tchibo.png\" alt=\"Tchibo | DIVIS-Kunde\" title=\"kundenlogo-tchibo\" itemprop=\"image\"  \/>\n\t\t\t\t<img decoding=\"async\" src=\"https:\/\/www.divis.eu\/wp-content\/uploads\/2018\/01\/kundenlogo-24plus.png\" alt=\"kundenlogo-24plus\" title=\"kundenlogo-24plus\" itemprop=\"image\"  \/>\n\n","protected":false},"excerpt":{"rendered":"<p>Toujours \u00e0 vos c\u00f4t\u00e9s, en tout lieu Vos interlocuteurs chez DIVIS En savoir plus sur DIVIS HENDRIK REGER Directeur g\u00e9n\u00e9ral +49 (0) 4322 88 66-0 hendrik.reger@divis.eu SVEN RAUTENBERG Direction commercialeFond\u00e9 de pouvoir +49 (0) 4322 88 66-12 sven.rautenberg@divis.eu ESTELLE CHARRON Key Account Manager France +49 (0) 4322 88 66-79 estelle.charron@divis.eu MICHAEL BRAND Key Account Manager&hellip;<\/p>\n","protected":false},"author":1,"featured_media":0,"parent":0,"menu_order":0,"comment_status":"closed","ping_status":"closed","template":"","meta":{"footnotes":""},"class_list":["post-9977","page","type-page","status-publish","hentry"],"yoast_head":"<!-- This site is optimized with the Yoast SEO plugin v27.4 - https:\/\/yoast.com\/product\/yoast-seo-wordpress\/ -->\n<title>Interlocuteurs DIVIS | Vid\u00e9osurveillance d\u2019entrep\u00f4ts<\/title>\n<meta name=\"description\" content=\"DIVIS est votre sp\u00e9cialiste par excellence en mati\u00e8re de vid\u00e9osurveillance dans les entrep\u00f4ts. Vous trouverez ci-apr\u00e8s une liste de nos interlocuteurs. Contactez nos coll\u00e8gues et faites-vous conseiller.\" \/>\n<meta name=\"robots\" content=\"index, follow, max-snippet:-1, max-image-preview:large, max-video-preview:-1\" \/>\n<link rel=\"canonical\" href=\"https:\/\/www.divis.eu\/fr\/interlocuteurs-divis-videosurveillance-dentrepots\/\" \/>\n<meta property=\"og:locale\" content=\"fr_FR\" \/>\n<meta property=\"og:type\" content=\"article\" \/>\n<meta property=\"og:title\" content=\"Interlocuteurs DIVIS | Vid\u00e9osurveillance d\u2019entrep\u00f4ts\" \/>\n<meta property=\"og:description\" content=\"DIVIS est votre sp\u00e9cialiste par excellence en mati\u00e8re de vid\u00e9osurveillance dans les entrep\u00f4ts. Vous trouverez ci-apr\u00e8s une liste de nos interlocuteurs. Contactez nos coll\u00e8gues et faites-vous conseiller.\" \/>\n<meta property=\"og:url\" content=\"https:\/\/www.divis.eu\/fr\/interlocuteurs-divis-videosurveillance-dentrepots\/\" \/>\n<meta property=\"og:site_name\" content=\"DIVIS - The intelligent view\" \/>\n<meta property=\"article:modified_time\" content=\"2026-03-27T09:59:30+00:00\" \/>\n<meta property=\"og:image\" content=\"https:\/\/www.divis.eu\/wp-content\/uploads\/2018\/08\/hendrik-reger-divis.jpg\" \/>\n<meta name=\"twitter:card\" content=\"summary_large_image\" \/>\n<script type=\"application\/ld+json\" class=\"yoast-schema-graph\">{\"@context\":\"https:\\\/\\\/schema.org\",\"@graph\":[{\"@type\":\"WebPage\",\"@id\":\"https:\\\/\\\/www.divis.eu\\\/fr\\\/interlocuteurs-divis-videosurveillance-dentrepots\\\/\",\"url\":\"https:\\\/\\\/www.divis.eu\\\/fr\\\/interlocuteurs-divis-videosurveillance-dentrepots\\\/\",\"name\":\"Interlocuteurs DIVIS | Vid\u00e9osurveillance d\u2019entrep\u00f4ts\",\"isPartOf\":{\"@id\":\"https:\\\/\\\/www.divis.eu\\\/#website\"},\"primaryImageOfPage\":{\"@id\":\"https:\\\/\\\/www.divis.eu\\\/fr\\\/interlocuteurs-divis-videosurveillance-dentrepots\\\/#primaryimage\"},\"image\":{\"@id\":\"https:\\\/\\\/www.divis.eu\\\/fr\\\/interlocuteurs-divis-videosurveillance-dentrepots\\\/#primaryimage\"},\"thumbnailUrl\":\"https:\\\/\\\/www.divis.eu\\\/wp-content\\\/uploads\\\/2018\\\/08\\\/hendrik-reger-divis.jpg\",\"datePublished\":\"2018-01-22T22:21:17+00:00\",\"dateModified\":\"2026-03-27T09:59:30+00:00\",\"description\":\"DIVIS est votre sp\u00e9cialiste par excellence en mati\u00e8re de vid\u00e9osurveillance dans les entrep\u00f4ts. Vous trouverez ci-apr\u00e8s une liste de nos interlocuteurs. Contactez nos coll\u00e8gues et faites-vous conseiller.\",\"breadcrumb\":{\"@id\":\"https:\\\/\\\/www.divis.eu\\\/fr\\\/interlocuteurs-divis-videosurveillance-dentrepots\\\/#breadcrumb\"},\"inLanguage\":\"fr-FR\",\"potentialAction\":[{\"@type\":\"ReadAction\",\"target\":[\"https:\\\/\\\/www.divis.eu\\\/fr\\\/interlocuteurs-divis-videosurveillance-dentrepots\\\/\"]}]},{\"@type\":\"ImageObject\",\"inLanguage\":\"fr-FR\",\"@id\":\"https:\\\/\\\/www.divis.eu\\\/fr\\\/interlocuteurs-divis-videosurveillance-dentrepots\\\/#primaryimage\",\"url\":\"https:\\\/\\\/www.divis.eu\\\/wp-content\\\/uploads\\\/2018\\\/08\\\/hendrik-reger-divis.jpg\",\"contentUrl\":\"https:\\\/\\\/www.divis.eu\\\/wp-content\\\/uploads\\\/2018\\\/08\\\/hendrik-reger-divis.jpg\"},{\"@type\":\"BreadcrumbList\",\"@id\":\"https:\\\/\\\/www.divis.eu\\\/fr\\\/interlocuteurs-divis-videosurveillance-dentrepots\\\/#breadcrumb\",\"itemListElement\":[{\"@type\":\"ListItem\",\"position\":1,\"name\":\"Startseite\",\"item\":\"https:\\\/\\\/www.divis.eu\\\/fr\\\/\"},{\"@type\":\"ListItem\",\"position\":2,\"name\":\"Interlocuteurs DIVIS | Vid\u00e9osurveillance d\u2019entrep\u00f4ts\"}]},{\"@type\":\"WebSite\",\"@id\":\"https:\\\/\\\/www.divis.eu\\\/#website\",\"url\":\"https:\\\/\\\/www.divis.eu\\\/\",\"name\":\"DIVIS - The intelligent view\",\"description\":\"Videosysteml\u00f6sungen f\u00fcr Umschlags- und Warenlager\",\"potentialAction\":[{\"@type\":\"SearchAction\",\"target\":{\"@type\":\"EntryPoint\",\"urlTemplate\":\"https:\\\/\\\/www.divis.eu\\\/?s={search_term_string}\"},\"query-input\":{\"@type\":\"PropertyValueSpecification\",\"valueRequired\":true,\"valueName\":\"search_term_string\"}}],\"inLanguage\":\"fr-FR\"}]}<\/script>\n<!-- \/ Yoast SEO plugin. -->","yoast_head_json":{"title":"Interlocuteurs DIVIS | Vid\u00e9osurveillance d\u2019entrep\u00f4ts","description":"DIVIS est votre sp\u00e9cialiste par excellence en mati\u00e8re de vid\u00e9osurveillance dans les entrep\u00f4ts. Vous trouverez ci-apr\u00e8s une liste de nos interlocuteurs. Contactez nos coll\u00e8gues et faites-vous conseiller.","robots":{"index":"index","follow":"follow","max-snippet":"max-snippet:-1","max-image-preview":"max-image-preview:large","max-video-preview":"max-video-preview:-1"},"canonical":"https:\/\/www.divis.eu\/fr\/interlocuteurs-divis-videosurveillance-dentrepots\/","og_locale":"fr_FR","og_type":"article","og_title":"Interlocuteurs DIVIS | Vid\u00e9osurveillance d\u2019entrep\u00f4ts","og_description":"DIVIS est votre sp\u00e9cialiste par excellence en mati\u00e8re de vid\u00e9osurveillance dans les entrep\u00f4ts. Vous trouverez ci-apr\u00e8s une liste de nos interlocuteurs. Contactez nos coll\u00e8gues et faites-vous conseiller.","og_url":"https:\/\/www.divis.eu\/fr\/interlocuteurs-divis-videosurveillance-dentrepots\/","og_site_name":"DIVIS - The intelligent view","article_modified_time":"2026-03-27T09:59:30+00:00","og_image":[{"url":"https:\/\/www.divis.eu\/wp-content\/uploads\/2018\/08\/hendrik-reger-divis.jpg","type":"","width":"","height":""}],"twitter_card":"summary_large_image","schema":{"@context":"https:\/\/schema.org","@graph":[{"@type":"WebPage","@id":"https:\/\/www.divis.eu\/fr\/interlocuteurs-divis-videosurveillance-dentrepots\/","url":"https:\/\/www.divis.eu\/fr\/interlocuteurs-divis-videosurveillance-dentrepots\/","name":"Interlocuteurs DIVIS | Vid\u00e9osurveillance d\u2019entrep\u00f4ts","isPartOf":{"@id":"https:\/\/www.divis.eu\/#website"},"primaryImageOfPage":{"@id":"https:\/\/www.divis.eu\/fr\/interlocuteurs-divis-videosurveillance-dentrepots\/#primaryimage"},"image":{"@id":"https:\/\/www.divis.eu\/fr\/interlocuteurs-divis-videosurveillance-dentrepots\/#primaryimage"},"thumbnailUrl":"https:\/\/www.divis.eu\/wp-content\/uploads\/2018\/08\/hendrik-reger-divis.jpg","datePublished":"2018-01-22T22:21:17+00:00","dateModified":"2026-03-27T09:59:30+00:00","description":"DIVIS est votre sp\u00e9cialiste par excellence en mati\u00e8re de vid\u00e9osurveillance dans les entrep\u00f4ts. Vous trouverez ci-apr\u00e8s une liste de nos interlocuteurs. Contactez nos coll\u00e8gues et faites-vous conseiller.","breadcrumb":{"@id":"https:\/\/www.divis.eu\/fr\/interlocuteurs-divis-videosurveillance-dentrepots\/#breadcrumb"},"inLanguage":"fr-FR","potentialAction":[{"@type":"ReadAction","target":["https:\/\/www.divis.eu\/fr\/interlocuteurs-divis-videosurveillance-dentrepots\/"]}]},{"@type":"ImageObject","inLanguage":"fr-FR","@id":"https:\/\/www.divis.eu\/fr\/interlocuteurs-divis-videosurveillance-dentrepots\/#primaryimage","url":"https:\/\/www.divis.eu\/wp-content\/uploads\/2018\/08\/hendrik-reger-divis.jpg","contentUrl":"https:\/\/www.divis.eu\/wp-content\/uploads\/2018\/08\/hendrik-reger-divis.jpg"},{"@type":"BreadcrumbList","@id":"https:\/\/www.divis.eu\/fr\/interlocuteurs-divis-videosurveillance-dentrepots\/#breadcrumb","itemListElement":[{"@type":"ListItem","position":1,"name":"Startseite","item":"https:\/\/www.divis.eu\/fr\/"},{"@type":"ListItem","position":2,"name":"Interlocuteurs DIVIS | Vid\u00e9osurveillance d\u2019entrep\u00f4ts"}]},{"@type":"WebSite","@id":"https:\/\/www.divis.eu\/#website","url":"https:\/\/www.divis.eu\/","name":"DIVIS - The intelligent view","description":"Videosysteml\u00f6sungen f\u00fcr Umschlags- und Warenlager","potentialAction":[{"@type":"SearchAction","target":{"@type":"EntryPoint","urlTemplate":"https:\/\/www.divis.eu\/?s={search_term_string}"},"query-input":{"@type":"PropertyValueSpecification","valueRequired":true,"valueName":"search_term_string"}}],"inLanguage":"fr-FR"}]}},"_links":{"self":[{"href":"https:\/\/www.divis.eu\/fr\/wp-json\/wp\/v2\/pages\/9977","targetHints":{"allow":["GET"]}}],"collection":[{"href":"https:\/\/www.divis.eu\/fr\/wp-json\/wp\/v2\/pages"}],"about":[{"href":"https:\/\/www.divis.eu\/fr\/wp-json\/wp\/v2\/types\/page"}],"author":[{"embeddable":true,"href":"https:\/\/www.divis.eu\/fr\/wp-json\/wp\/v2\/users\/1"}],"replies":[{"embeddable":true,"href":"https:\/\/www.divis.eu\/fr\/wp-json\/wp\/v2\/comments?post=9977"}],"version-history":[{"count":0,"href":"https:\/\/www.divis.eu\/fr\/wp-json\/wp\/v2\/pages\/9977\/revisions"}],"wp:attachment":[{"href":"https:\/\/www.divis.eu\/fr\/wp-json\/wp\/v2\/media?parent=9977"}],"curies":[{"name":"wp","href":"https:\/\/api.w.org\/{rel}","templated":true}]}}