{"id":9984,"date":"2018-01-13T00:43:09","date_gmt":"2018-01-13T00:43:09","guid":{"rendered":"https:\/\/www.divis.eu\/service-und-support-divis-anbieter-ip-videoloesung\/"},"modified":"2026-01-23T03:27:11","modified_gmt":"2026-01-23T03:27:11","slug":"service-et-support-divis-est-un-fournisseur-de-solutions-video-ip","status":"publish","type":"page","link":"https:\/\/www.divis.eu\/fr\/service-et-support-divis-est-un-fournisseur-de-solutions-video-ip\/","title":{"rendered":"Service et support &#8211; DIVIS est un fournisseur de solutions vid\u00e9o IP"},"content":{"rendered":"\n<h1>\n\t\t\tService &#038; Support\t<\/h1>\n<h1>\n\t\t\tUn service<br \/>tout-en-un\t<\/h1>\n\t\t\t\t\t\t<h2>Monitorage actif<\/h2>\n\t\t\t\t\t\t<p>L&rsquo;\u00e9valuation des messages de statut de tous les syst\u00e8mes permet souvent de fournir des informations avant m\u00eame l&rsquo;apparition d&rsquo;un cas de service bien r\u00e9el.<\/p>\n\t\t\t\t\t\t<!-- CTA -->\n\t\t\t\t\t\t<h2>Support \u00e0 distance<\/h2>\n\t\t\t\t\t\t<p>Gr\u00e2ce \u00e0 l&rsquo;acc\u00e8s direct aux syst\u00e8mes DIVIS, les frais de service peuvent \u00eatre r\u00e9duits de mani\u00e8re notoire. L&rsquo;assistance \u00e0 l&rsquo;utilisateur peut \u00eatre fournie directement sur le poste de travail.<\/p>\n\t\t\t\t\t\t<!-- CTA -->\n\t\t\t\t\t\t<h2>Hotline<\/h2>\n\t\t\t\t\t\t<p>Qu&rsquo;il s&rsquo;agisse de maintenance ou de service, notre support interne multilingue de premier niveau d&rsquo;intervention trouve toujours une solution rapide et facilement adaptable.<\/p>\n\t\t\t\t\t\t<!-- CTA -->\n\t\t\t\t\t\t<h2>Intervention dans toute l&rsquo;Europe<\/h2>\n\t\t\t\t\t\t<p>Nos techniciens de service assurent des r\u00e9parations et un entretien rapides et sans heurts &#8211; directement et sur place.<\/p>\n\t\t\t\t\t\t<!-- CTA -->\n\t\t\t\t\t\t<h2>Formation<\/h2>\n\t\t\t\t\t\t<p>Une formation des utilisateurs sur site ou des s\u00e9minaires organis\u00e9s individuellement sont garants d&rsquo;une utilisation efficace de la solution.<\/p>\n\t\t\t\t\t\t<!-- CTA -->\n<h1>\n\t\t\tAssistance tous azimuts\t<\/h1>\n<h1>\n\t\t\tService \u00e0 360\u00b0 &#038; support  chez DIVIS\t<\/h1>\n\t<p>En tant que fournisseur de solutions vid\u00e9o IP, notre service ne s&rsquo;arr\u00eate pas apr\u00e8s la planification du syst\u00e8me, la pr\u00e9paration d&rsquo;un devis qualifi\u00e9 et l&rsquo;installation du syst\u00e8me, mais le service apr\u00e8s-vente complet est un \u00e9l\u00e9ment incontournable pour convaincre nos clients de nos solutions \u00e0 long terme.<\/p>\n<p>La satisfaction du client d\u00e9pend de nombreux facteurs. Nous prouvons chaque jour \u00e0 nos clients nos standards \u00e9lev\u00e9s.<\/p>\n\t\t\t\t<img decoding=\"async\" src=\"https:\/\/www.divis.eu\/wp-content\/uploads\/2018\/01\/logo-van-duuren-weiss.png\" alt=\"logo-van-duuren-weiss\" title=\"logo-van-duuren-weiss\" itemprop=\"image\"\/>\n\t\t\t\t\t\t\t\t<h3 class='uabb-testimonial-author-name testimonial-author-name'>Van Duuren<\/h3>\t\t\t\t\t\t\t\t\n\t\t\t\t\t\t\t\t\tPays-Bas\t\t\t\t\t\t\t\t\n\t\t\t\t\t\t\t<blockquote><p>\u00ab CargoVIS fonctionne parfaitement, tout le monde s&rsquo;y est habitu\u00e9 et nous ne pouvons plus nous en passer. \u00bb<\/p><\/blockquote>\t\t\t\t\t\t\n\t\t\t\t<img decoding=\"async\" src=\"https:\/\/www.divis.eu\/wp-content\/uploads\/2018\/01\/logo-tsb.png\" alt=\"logo-tsb\" title=\"logo-tsb\" itemprop=\"image\"\/>\n\t\t\t\t\t\t\t\t<h3 class='uabb-testimonial-author-name testimonial-author-name'>TSBtrans<\/h3>\t\t\t\t\t\t\t\t\n\t\t\t\t\t\t\t\t\tEspagne\t\t\t\t\t\t\t\t\n\t\t\t\t\t\t\t<blockquote><p>\u00ab\u00a0CargoVIS est absolument fiable, gr\u00e2ce \u00e0 ses capacit\u00e9s de suivi, l&rsquo;investissement pour TSB s&rsquo;est amorti en moins d&rsquo;un an en trouvant les palettes manquantes et en identifiant les sources de dommages.\u00a0\u00bb<\/p><\/blockquote>\t\t\t\t\t\t\n\t\t\t\t<img decoding=\"async\" src=\"https:\/\/www.divis.eu\/wp-content\/uploads\/2018\/01\/logo-lagermax.png\" alt=\"logo-lagermax\" title=\"logo-lagermax\" itemprop=\"image\"\/>\n\t\t\t\t\t\t\t\t<h3 class='uabb-testimonial-author-name testimonial-author-name'>Lagermax Paketdienst GmbH &amp; Co KG<\/h3>\t\t\t\t\t\t\t\t\n\t\t\t\t\t\t\t\t\tAutriche\t\t\t\t\t\t\t\t\n\t\t\t\t\t\t\t<blockquote><p>\u00ab\u00a0Nous utilisons ParcelVIS de DIVIS depuis 5 ans et n&rsquo;avons jamais rencontr\u00e9 de probl\u00e8mes.\u00a0\u00bb<\/p><\/blockquote>\t\t\t\t\t\t\n\t\t\t\t<img decoding=\"async\" src=\"https:\/\/www.divis.eu\/wp-content\/uploads\/2018\/01\/logo-voigt-invers.png\" alt=\"logo-voigt-invers\" title=\"logo-voigt-invers\" itemprop=\"image\"\/>\n\t\t\t\t\t\t\t\t<h3 class='uabb-testimonial-author-name testimonial-author-name'>Herbert Voigt GmbH &amp; Co. KG<\/h3>\t\t\t\t\t\t\t\t\n\t\t\t\t\t\t\t\t\tAllemagne\t\t\t\t\t\t\t\t\n\t\t\t\t\t\t\t<blockquote><p>\u00ab\u00a0Avec DIVIS, nous avons trouv\u00e9 un partenaire comp\u00e9tent qui a toujours une solution pour nos propres id\u00e9es.\u00a0\u00bb<\/p><\/blockquote>\t\t\t\t\t\t\n\t\t\t\t<img decoding=\"async\" src=\"https:\/\/www.divis.eu\/wp-content\/uploads\/2018\/01\/logo-schmalz-schoen.png\" alt=\"logo-schmalz-schoen\" title=\"logo-schmalz-schoen\" itemprop=\"image\"\/>\n\t\t\t\t\t\t\t\t<h3 class='uabb-testimonial-author-name testimonial-author-name'>SCHMALZ+SCH\u00d6N Logistics GmbH<\/h3>\t\t\t\t\t\t\t\t\n\t\t\t\t\t\t\t\t\tAllemagne\t\t\t\t\t\t\t\t\n\t\t\t\t\t\t\t<blockquote><p>\u00ab\u00a0La solution parfaite m\u00eame pour les zones de transbordement h\u00e9t\u00e9rog\u00e8nes &#8211; la vid\u00e9osurveillance de DIVIS\u00a0qui vole au secours des colis. \u00bb<\/p><\/blockquote>\t\t\t\t\t\t\n\t\t\t<a href=\"https:\/\/www.divis.eu\/fr\/references-etudes-de-cas-suivi-des-envois-dans-lentrepot\/\" title=\"Click Here\" target=\"_self\"   role=\"button\" aria-label=\"Aller aux \u00e9tudes de cas\">\n\t\t\t\t\t\t\tAller aux \u00e9tudes de cas\n\t\t<\/a>\n\t\t\t\t<img decoding=\"async\" src=\"https:\/\/www.divis.eu\/wp-content\/uploads\/2018\/01\/hendrik-reger-1.png\" alt=\"Hendrik Reger | DIVIS | Videol\u00f6sungen f\u00fcr die Logistik\" itemprop=\"image\" height=\"385\" width=\"300\" title=\"hendrik-reger\" onerror=\"this.style.display='none'\" loading='lazy' \/>\n\t<em><strong>Hendrik Reger<\/strong><br \/>\nDirecteur g\u00e9n\u00e9ral<\/em>\n\t<p>Avez-vous des questions ?<\/p>\n\t<p>Nous avons des r\u00e9ponses<\/p>\n\t<p>Notre \u00e9quipe est \u00e0 votre disposition pour r\u00e9pondre \u00e0 vos questions sur nos produits et se fera un plaisir de vous conseiller gratuitement et sans engagement.<\/p>\n\t\t\t<a href=\"https:\/\/www.divis.eu\/fr\/contacter-divis-fournisseur-pour-le-suivi-des-envois-par-camera\/\" title=\"Click Here\" target=\"_self\"   role=\"button\" aria-label=\"Contacter DIVIS\">\n\t\t\t\t\t\t\tContacter DIVIS\n\t\t<\/a>\n\t\t\t\t<img decoding=\"async\" src=\"https:\/\/www.divis.eu\/wp-content\/uploads\/2018\/01\/kundenlogo-CTL-1.png\" alt=\"CTL | DIVIS Kunde\" title=\"kundenlogo-CTL\" itemprop=\"image\"  \/>\n\t\t\t\t<img decoding=\"async\" src=\"https:\/\/www.divis.eu\/wp-content\/uploads\/2018\/01\/kundenlogo-dpd.png\" alt=\"kundenlogo-dpd\" title=\"kundenlogo-dpd\" itemprop=\"image\"  \/>\n\t\t\t\t<img decoding=\"async\" src=\"https:\/\/www.divis.eu\/wp-content\/uploads\/2018\/01\/kundenlogo-online.png\" alt=\"kundenlogo-online\" title=\"kundenlogo-online\" itemprop=\"image\"  \/>\n\t\t\t\t<img decoding=\"async\" src=\"https:\/\/www.divis.eu\/wp-content\/uploads\/2018\/01\/kundenlogo-rhenus.png\" alt=\"Rhenus Logistics | DIVIS-Kunde\" title=\"kundenlogo-rhenus\" itemprop=\"image\"  \/>\n\t\t\t\t<img decoding=\"async\" src=\"https:\/\/www.divis.eu\/wp-content\/uploads\/2018\/01\/kundenlogo-tsb.png\" alt=\"kundenlogo-tsb\" title=\"kundenlogo-tsb\" itemprop=\"image\"  \/>\n\t\t\t\t<img decoding=\"async\" src=\"https:\/\/www.divis.eu\/wp-content\/uploads\/2018\/01\/logo-van-duuren-mono-2.png\" alt=\"logo-van-duuren-mono\" title=\"logo-van-duuren-mono\" itemprop=\"image\"  \/>\n\t\t\t\t<img decoding=\"async\" src=\"https:\/\/www.divis.eu\/wp-content\/uploads\/2018\/01\/kundenlogo-transoflex-3.png\" alt=\"kundenlogo-transoflex\" title=\"kundenlogo-transoflex\" itemprop=\"image\"  \/>\n\t\t\t\t<img decoding=\"async\" src=\"https:\/\/www.divis.eu\/wp-content\/uploads\/2018\/01\/kundenlogo-emons.png\" alt=\"Emons | DIVIS-Kunde\" title=\"kundenlogo-emons\" itemprop=\"image\"  \/>\n\t\t\t\t<img decoding=\"async\" src=\"https:\/\/www.divis.eu\/wp-content\/uploads\/2018\/01\/kundenlogo-geis.png\" alt=\"Spedition Geis | DIVIS-Kunde\" title=\"kundenlogo-geis\" itemprop=\"image\"  \/>\n\t\t\t\t<img decoding=\"async\" src=\"https:\/\/www.divis.eu\/wp-content\/uploads\/2018\/01\/kundenlogo-gebrueder-weiss.png\" alt=\"Gebr\u00fcder Weiss | DIVIS-Kunde\" title=\"kundenlogo-gebrueder-weiss\" itemprop=\"image\"  \/>\n\t\t\t\t<img decoding=\"async\" src=\"https:\/\/www.divis.eu\/wp-content\/uploads\/2018\/01\/kundenlogo-tchibo.png\" alt=\"Tchibo | DIVIS-Kunde\" title=\"kundenlogo-tchibo\" itemprop=\"image\"  \/>\n\t\t\t\t<img decoding=\"async\" src=\"https:\/\/www.divis.eu\/wp-content\/uploads\/2018\/01\/kundenlogo-24plus.png\" alt=\"kundenlogo-24plus\" title=\"kundenlogo-24plus\" itemprop=\"image\"  \/>\n\n","protected":false},"excerpt":{"rendered":"<p>Service &#038; Support Un servicetout-en-un Monitorage actif L&rsquo;\u00e9valuation des messages de statut de tous les syst\u00e8mes permet souvent de fournir des informations avant m\u00eame l&rsquo;apparition d&rsquo;un cas de service bien r\u00e9el. Support \u00e0 distance Gr\u00e2ce \u00e0 l&rsquo;acc\u00e8s direct aux syst\u00e8mes DIVIS, les frais de service peuvent \u00eatre r\u00e9duits de mani\u00e8re notoire. L&rsquo;assistance \u00e0 l&rsquo;utilisateur peut&hellip;<\/p>\n","protected":false},"author":1,"featured_media":0,"parent":0,"menu_order":0,"comment_status":"closed","ping_status":"closed","template":"","meta":{"footnotes":""},"class_list":["post-9984","page","type-page","status-publish","hentry"],"yoast_head":"<!-- This site is optimized with the Yoast SEO plugin v27.2 - https:\/\/yoast.com\/product\/yoast-seo-wordpress\/ -->\n<title>Fournisseurs de solutions vid\u00e9o IP | Service et support | Syst\u00e8mes complets pour votre vid\u00e9osurveillance DIVIS<\/title>\n<meta name=\"description\" content=\"En tant que fournisseur de solutions vid\u00e9o IP, notre service ne s&#039;arr\u00eate pas apr\u00e8s la planification du syst\u00e8me, la pr\u00e9paration d&#039;un devis qualifi\u00e9 et l&#039;installation du syst\u00e8me, mais le service apr\u00e8s-vente complet est un \u00e9l\u00e9ment incontournable.\" \/>\n<meta name=\"robots\" content=\"index, follow, max-snippet:-1, max-image-preview:large, max-video-preview:-1\" \/>\n<link rel=\"canonical\" href=\"https:\/\/www.divis.eu\/fr\/service-et-support-divis-est-un-fournisseur-de-solutions-video-ip\/\" \/>\n<meta property=\"og:locale\" content=\"fr_FR\" \/>\n<meta property=\"og:type\" content=\"article\" \/>\n<meta property=\"og:title\" content=\"Fournisseurs de solutions vid\u00e9o IP | Service et support | Syst\u00e8mes complets pour votre vid\u00e9osurveillance DIVIS\" \/>\n<meta property=\"og:description\" content=\"En tant que fournisseur de solutions vid\u00e9o IP, notre service ne s&#039;arr\u00eate pas apr\u00e8s la planification du syst\u00e8me, la pr\u00e9paration d&#039;un devis qualifi\u00e9 et l&#039;installation du syst\u00e8me, mais le service apr\u00e8s-vente complet est un \u00e9l\u00e9ment incontournable.\" \/>\n<meta property=\"og:url\" content=\"https:\/\/www.divis.eu\/fr\/service-et-support-divis-est-un-fournisseur-de-solutions-video-ip\/\" \/>\n<meta property=\"og:site_name\" content=\"DIVIS - The intelligent view\" \/>\n<meta property=\"article:modified_time\" content=\"2026-01-23T03:27:11+00:00\" \/>\n<meta property=\"og:image\" content=\"https:\/\/www.divis.eu\/wp-content\/uploads\/2018\/01\/logo-van-duuren-weiss.png\" \/>\n<meta name=\"twitter:card\" content=\"summary_large_image\" \/>\n<meta name=\"twitter:label1\" content=\"Dur\u00e9e de lecture estim\u00e9e\" \/>\n\t<meta name=\"twitter:data1\" content=\"2 minutes\" \/>\n<script type=\"application\/ld+json\" class=\"yoast-schema-graph\">{\"@context\":\"https:\/\/schema.org\",\"@graph\":[{\"@type\":\"WebPage\",\"@id\":\"https:\/\/www.divis.eu\/fr\/service-et-support-divis-est-un-fournisseur-de-solutions-video-ip\/\",\"url\":\"https:\/\/www.divis.eu\/fr\/service-et-support-divis-est-un-fournisseur-de-solutions-video-ip\/\",\"name\":\"Fournisseurs de solutions vid\u00e9o IP | Service et support | Syst\u00e8mes complets pour votre vid\u00e9osurveillance DIVIS\",\"isPartOf\":{\"@id\":\"https:\/\/www.divis.eu\/#website\"},\"primaryImageOfPage\":{\"@id\":\"https:\/\/www.divis.eu\/fr\/service-et-support-divis-est-un-fournisseur-de-solutions-video-ip\/#primaryimage\"},\"image\":{\"@id\":\"https:\/\/www.divis.eu\/fr\/service-et-support-divis-est-un-fournisseur-de-solutions-video-ip\/#primaryimage\"},\"thumbnailUrl\":\"https:\/\/www.divis.eu\/wp-content\/uploads\/2018\/01\/logo-van-duuren-weiss.png\",\"datePublished\":\"2018-01-13T00:43:09+00:00\",\"dateModified\":\"2026-01-23T03:27:11+00:00\",\"description\":\"En tant que fournisseur de solutions vid\u00e9o IP, notre service ne s'arr\u00eate pas apr\u00e8s la planification du syst\u00e8me, la pr\u00e9paration d'un devis qualifi\u00e9 et l'installation du syst\u00e8me, mais le service apr\u00e8s-vente complet est un \u00e9l\u00e9ment incontournable.\",\"breadcrumb\":{\"@id\":\"https:\/\/www.divis.eu\/fr\/service-et-support-divis-est-un-fournisseur-de-solutions-video-ip\/#breadcrumb\"},\"inLanguage\":\"fr-FR\",\"potentialAction\":[{\"@type\":\"ReadAction\",\"target\":[\"https:\/\/www.divis.eu\/fr\/service-et-support-divis-est-un-fournisseur-de-solutions-video-ip\/\"]}]},{\"@type\":\"ImageObject\",\"inLanguage\":\"fr-FR\",\"@id\":\"https:\/\/www.divis.eu\/fr\/service-et-support-divis-est-un-fournisseur-de-solutions-video-ip\/#primaryimage\",\"url\":\"https:\/\/www.divis.eu\/wp-content\/uploads\/2018\/01\/logo-van-duuren-weiss.png\",\"contentUrl\":\"https:\/\/www.divis.eu\/wp-content\/uploads\/2018\/01\/logo-van-duuren-weiss.png\"},{\"@type\":\"BreadcrumbList\",\"@id\":\"https:\/\/www.divis.eu\/fr\/service-et-support-divis-est-un-fournisseur-de-solutions-video-ip\/#breadcrumb\",\"itemListElement\":[{\"@type\":\"ListItem\",\"position\":1,\"name\":\"Startseite\",\"item\":\"https:\/\/www.divis.eu\/fr\/\"},{\"@type\":\"ListItem\",\"position\":2,\"name\":\"Service et support &#8211; DIVIS est un fournisseur de solutions vid\u00e9o IP\"}]},{\"@type\":\"WebSite\",\"@id\":\"https:\/\/www.divis.eu\/#website\",\"url\":\"https:\/\/www.divis.eu\/\",\"name\":\"DIVIS - The intelligent view\",\"description\":\"Videosysteml\u00f6sungen f\u00fcr Umschlags- und Warenlager\",\"potentialAction\":[{\"@type\":\"SearchAction\",\"target\":{\"@type\":\"EntryPoint\",\"urlTemplate\":\"https:\/\/www.divis.eu\/?s={search_term_string}\"},\"query-input\":{\"@type\":\"PropertyValueSpecification\",\"valueRequired\":true,\"valueName\":\"search_term_string\"}}],\"inLanguage\":\"fr-FR\"}]}<\/script>\n<!-- \/ Yoast SEO plugin. -->","yoast_head_json":{"title":"Fournisseurs de solutions vid\u00e9o IP | Service et support | Syst\u00e8mes complets pour votre vid\u00e9osurveillance DIVIS","description":"En tant que fournisseur de solutions vid\u00e9o IP, notre service ne s'arr\u00eate pas apr\u00e8s la planification du syst\u00e8me, la pr\u00e9paration d'un devis qualifi\u00e9 et l'installation du syst\u00e8me, mais le service apr\u00e8s-vente complet est un \u00e9l\u00e9ment incontournable.","robots":{"index":"index","follow":"follow","max-snippet":"max-snippet:-1","max-image-preview":"max-image-preview:large","max-video-preview":"max-video-preview:-1"},"canonical":"https:\/\/www.divis.eu\/fr\/service-et-support-divis-est-un-fournisseur-de-solutions-video-ip\/","og_locale":"fr_FR","og_type":"article","og_title":"Fournisseurs de solutions vid\u00e9o IP | Service et support | Syst\u00e8mes complets pour votre vid\u00e9osurveillance DIVIS","og_description":"En tant que fournisseur de solutions vid\u00e9o IP, notre service ne s'arr\u00eate pas apr\u00e8s la planification du syst\u00e8me, la pr\u00e9paration d'un devis qualifi\u00e9 et l'installation du syst\u00e8me, mais le service apr\u00e8s-vente complet est un \u00e9l\u00e9ment incontournable.","og_url":"https:\/\/www.divis.eu\/fr\/service-et-support-divis-est-un-fournisseur-de-solutions-video-ip\/","og_site_name":"DIVIS - The intelligent view","article_modified_time":"2026-01-23T03:27:11+00:00","og_image":[{"url":"https:\/\/www.divis.eu\/wp-content\/uploads\/2018\/01\/logo-van-duuren-weiss.png","type":"","width":"","height":""}],"twitter_card":"summary_large_image","twitter_misc":{"Dur\u00e9e de lecture estim\u00e9e":"2 minutes"},"schema":{"@context":"https:\/\/schema.org","@graph":[{"@type":"WebPage","@id":"https:\/\/www.divis.eu\/fr\/service-et-support-divis-est-un-fournisseur-de-solutions-video-ip\/","url":"https:\/\/www.divis.eu\/fr\/service-et-support-divis-est-un-fournisseur-de-solutions-video-ip\/","name":"Fournisseurs de solutions vid\u00e9o IP | Service et support | Syst\u00e8mes complets pour votre vid\u00e9osurveillance DIVIS","isPartOf":{"@id":"https:\/\/www.divis.eu\/#website"},"primaryImageOfPage":{"@id":"https:\/\/www.divis.eu\/fr\/service-et-support-divis-est-un-fournisseur-de-solutions-video-ip\/#primaryimage"},"image":{"@id":"https:\/\/www.divis.eu\/fr\/service-et-support-divis-est-un-fournisseur-de-solutions-video-ip\/#primaryimage"},"thumbnailUrl":"https:\/\/www.divis.eu\/wp-content\/uploads\/2018\/01\/logo-van-duuren-weiss.png","datePublished":"2018-01-13T00:43:09+00:00","dateModified":"2026-01-23T03:27:11+00:00","description":"En tant que fournisseur de solutions vid\u00e9o IP, notre service ne s'arr\u00eate pas apr\u00e8s la planification du syst\u00e8me, la pr\u00e9paration d'un devis qualifi\u00e9 et l'installation du syst\u00e8me, mais le service apr\u00e8s-vente complet est un \u00e9l\u00e9ment incontournable.","breadcrumb":{"@id":"https:\/\/www.divis.eu\/fr\/service-et-support-divis-est-un-fournisseur-de-solutions-video-ip\/#breadcrumb"},"inLanguage":"fr-FR","potentialAction":[{"@type":"ReadAction","target":["https:\/\/www.divis.eu\/fr\/service-et-support-divis-est-un-fournisseur-de-solutions-video-ip\/"]}]},{"@type":"ImageObject","inLanguage":"fr-FR","@id":"https:\/\/www.divis.eu\/fr\/service-et-support-divis-est-un-fournisseur-de-solutions-video-ip\/#primaryimage","url":"https:\/\/www.divis.eu\/wp-content\/uploads\/2018\/01\/logo-van-duuren-weiss.png","contentUrl":"https:\/\/www.divis.eu\/wp-content\/uploads\/2018\/01\/logo-van-duuren-weiss.png"},{"@type":"BreadcrumbList","@id":"https:\/\/www.divis.eu\/fr\/service-et-support-divis-est-un-fournisseur-de-solutions-video-ip\/#breadcrumb","itemListElement":[{"@type":"ListItem","position":1,"name":"Startseite","item":"https:\/\/www.divis.eu\/fr\/"},{"@type":"ListItem","position":2,"name":"Service et support &#8211; DIVIS est un fournisseur de solutions vid\u00e9o IP"}]},{"@type":"WebSite","@id":"https:\/\/www.divis.eu\/#website","url":"https:\/\/www.divis.eu\/","name":"DIVIS - The intelligent view","description":"Videosysteml\u00f6sungen f\u00fcr Umschlags- und Warenlager","potentialAction":[{"@type":"SearchAction","target":{"@type":"EntryPoint","urlTemplate":"https:\/\/www.divis.eu\/?s={search_term_string}"},"query-input":{"@type":"PropertyValueSpecification","valueRequired":true,"valueName":"search_term_string"}}],"inLanguage":"fr-FR"}]}},"_links":{"self":[{"href":"https:\/\/www.divis.eu\/fr\/wp-json\/wp\/v2\/pages\/9984","targetHints":{"allow":["GET"]}}],"collection":[{"href":"https:\/\/www.divis.eu\/fr\/wp-json\/wp\/v2\/pages"}],"about":[{"href":"https:\/\/www.divis.eu\/fr\/wp-json\/wp\/v2\/types\/page"}],"author":[{"embeddable":true,"href":"https:\/\/www.divis.eu\/fr\/wp-json\/wp\/v2\/users\/1"}],"replies":[{"embeddable":true,"href":"https:\/\/www.divis.eu\/fr\/wp-json\/wp\/v2\/comments?post=9984"}],"version-history":[{"count":0,"href":"https:\/\/www.divis.eu\/fr\/wp-json\/wp\/v2\/pages\/9984\/revisions"}],"wp:attachment":[{"href":"https:\/\/www.divis.eu\/fr\/wp-json\/wp\/v2\/media?parent=9984"}],"curies":[{"name":"wp","href":"https:\/\/api.w.org\/{rel}","templated":true}]}}